{"id":51375,"date":"2021-11-19T11:42:23","date_gmt":"2021-11-19T11:42:23","guid":{"rendered":"https:\/\/www.euspray.com\/contatti\/"},"modified":"2026-04-01T07:58:18","modified_gmt":"2026-04-01T07:58:18","slug":"contatti","status":"publish","type":"page","link":"https:\/\/www.euspray.com\/fr\/contatti\/","title":{"rendered":"CONTACTS"},"content":{"rendered":"<p>[vc_row][vc_column width=\u00a0\u00bb1\/2&Prime;]<div id=\"ultimate-heading-790069ebdd458b281\" class=\"uvc-heading ult-adjust-bottom-margin ultimate-heading-790069ebdd458b281 uvc-2697 \" data-hspacer=\"no_spacer\"  data-halign=\"left\" style=\"text-align:left\"><div class=\"uvc-heading-spacer no_spacer\" style=\"top\"><\/div><div class=\"uvc-main-heading ult-responsive\"  data-ultimate-target='.uvc-heading.ultimate-heading-790069ebdd458b281 h2'  data-responsive-json-new='{\"font-size\":\"desktop:14px;\",\"line-height\":\"\"}' ><h2 style=\"font-weight:bold;color:#1e73be;margin-bottom:12px;\">Contactez-nous \u00e0 l'aide du formulaire ci-dessous. Nous vous rappellerons d\u00e8s que possible.<\/h2><\/div><\/div>\n<div class=\"wpcf7 no-js\" id=\"wpcf7-f46614-o1\" lang=\"fr-FR\" dir=\"ltr\" data-wpcf7-id=\"46614\">\n<div class=\"screen-reader-response\"><p role=\"status\" aria-live=\"polite\" aria-atomic=\"true\"><\/p> <ul><\/ul><\/div>\n<form action=\"\/fr\/wp-json\/wp\/v2\/pages\/51375#wpcf7-f46614-o1\" method=\"post\" class=\"wpcf7-form init\" aria-label=\"Formulaire de contact\" novalidate=\"novalidate\" data-status=\"init\">\n<fieldset class=\"hidden-fields-container\"><input type=\"hidden\" name=\"_wpcf7\" value=\"46614\" \/><input type=\"hidden\" name=\"_wpcf7_version\" value=\"6.1.4\" \/><input type=\"hidden\" name=\"_wpcf7_locale\" value=\"fr_FR\" \/><input type=\"hidden\" name=\"_wpcf7_unit_tag\" value=\"wpcf7-f46614-o1\" \/><input type=\"hidden\" name=\"_wpcf7_container_post\" value=\"0\" \/><input type=\"hidden\" name=\"_wpcf7_posted_data_hash\" value=\"\" \/><input type=\"hidden\" name=\"_wpcf7_recaptcha_response\" value=\"\" \/>\n<\/fieldset>\n<p><label> Nom et pr\u00e9nom *<br \/>\n<span class=\"wpcf7-form-control-wrap\" data-name=\"reference-name\"><input size=\"40\" maxlength=\"400\" class=\"wpcf7-form-control wpcf7-text wpcf7-validates-as-required\" aria-required=\"true\" aria-invalid=\"false\" value=\"\" type=\"text\" name=\"reference-name\" \/><\/span> <\/label>\n<\/p>\n<p><label> Soci\u00e9t\u00e9 *<br \/>\n<span class=\"wpcf7-form-control-wrap\" data-name=\"company\"><input size=\"40\" maxlength=\"400\" class=\"wpcf7-form-control wpcf7-text wpcf7-validates-as-required\" aria-required=\"true\" aria-invalid=\"false\" value=\"\" type=\"text\" name=\"company\" \/><\/span><\/label>\n<\/p>\n<p><label> Site web<br \/>\n<span class=\"wpcf7-form-control-wrap\" data-name=\"website\"><input size=\"40\" maxlength=\"400\" class=\"wpcf7-form-control wpcf7-text\" aria-invalid=\"false\" value=\"\" type=\"text\" name=\"website\" \/><\/span> <\/label>\n<\/p>\n<p><label> Adresse<br \/>\n<span class=\"wpcf7-form-control-wrap\" data-name=\"address\"><input size=\"40\" maxlength=\"400\" class=\"wpcf7-form-control wpcf7-text\" aria-invalid=\"false\" value=\"\" type=\"text\" name=\"address\" \/><\/span> <\/label>\n<\/p>\n<p><label> Ville<br \/>\n<span class=\"wpcf7-form-control-wrap\" data-name=\"city\"><input size=\"40\" maxlength=\"400\" class=\"wpcf7-form-control wpcf7-text\" aria-invalid=\"false\" value=\"\" type=\"text\" name=\"city\" \/><\/span> <\/label>\n<\/p>\n<p><label> Code postal<br \/>\n<span class=\"wpcf7-form-control-wrap\" data-name=\"zip\"><input size=\"40\" maxlength=\"400\" class=\"wpcf7-form-control wpcf7-text\" aria-invalid=\"false\" value=\"\" type=\"text\" name=\"zip\" \/><\/span> <\/label>\n<\/p>\n<p><label> Province<br \/>\n<span class=\"wpcf7-form-control-wrap\" data-name=\"state\"><input size=\"40\" maxlength=\"400\" class=\"wpcf7-form-control wpcf7-text\" aria-invalid=\"false\" value=\"\" type=\"text\" name=\"state\" \/><\/span> <\/label>\n<\/p>\n<p><label> Pays<br \/>\n<span class=\"wpcf7-form-control-wrap\" data-name=\"country\"><input size=\"40\" maxlength=\"400\" class=\"wpcf7-form-control wpcf7-text\" aria-invalid=\"false\" value=\"\" type=\"text\" name=\"country\" \/><\/span> <\/label>\n<\/p>\n<p><label> T\u00e9l\u00e9phone *<br \/>\n<span class=\"wpcf7-form-control-wrap\" data-name=\"phone\"><input size=\"40\" maxlength=\"400\" class=\"wpcf7-form-control wpcf7-tel wpcf7-validates-as-required wpcf7-text wpcf7-validates-as-tel\" aria-required=\"true\" aria-invalid=\"false\" value=\"\" type=\"tel\" name=\"phone\" \/><\/span> <\/label>\n<\/p>\n<p><label> Courrier \u00e9lectronique *<br \/>\n<span class=\"wpcf7-form-control-wrap\" data-name=\"e-mail\"><input size=\"40\" maxlength=\"400\" class=\"wpcf7-form-control wpcf7-email wpcf7-validates-as-required wpcf7-text wpcf7-validates-as-email\" aria-required=\"true\" aria-invalid=\"false\" value=\"\" type=\"email\" name=\"e-mail\" \/><\/span> <\/label>\n<\/p>\n<p><label> Votre message *<br \/>\n<span class=\"wpcf7-form-control-wrap\" data-name=\"request\"><textarea cols=\"40\" rows=\"10\" maxlength=\"2000\" class=\"wpcf7-form-control wpcf7-textarea wpcf7-validates-as-required\" aria-required=\"true\" aria-invalid=\"false\" name=\"request\"><\/textarea><\/span> <\/label>\n<\/p>\n<p><span class=\"wpcf7-form-control-wrap\" data-name=\"accept-1\"><span class=\"wpcf7-form-control wpcf7-acceptance\"><span class=\"wpcf7-list-item\"><label><input type=\"checkbox\" name=\"accept-1\" value=\"1\" aria-invalid=\"false\" \/><span class=\"wpcf7-list-item-label\">J\u2019autorise le traitement de mes donn\u00e9es \u00e0 caract\u00e8re personnel afin de g\u00e9rer mes coordonn\u00e9es et mes questions, conform\u00e9ment \u00e0 l\u2019article 6(1)(b) du r\u00e8glement. *<\/span><\/label><\/span><\/span><\/span>\n<\/p>\n<p><span class=\"wpcf7-form-control-wrap\" data-name=\"accept-2\"><span class=\"wpcf7-form-control wpcf7-acceptance\"><span class=\"wpcf7-list-item\"><label><input type=\"checkbox\" name=\"accept-2\" value=\"1\" aria-invalid=\"false\" \/><span class=\"wpcf7-list-item-label\">J\u2019autorise le traitement de mes donn\u00e9es \u00e0 caract\u00e8re personnel afin de r\u00e9aliser des communications marketing comme des nouvelles et des offres sur des produits, conform\u00e9ment \u00e0 l\u2019article 6(1)(a) du r\u00e8glement.*<\/span><\/label><\/span><\/span><\/span>\n<\/p>\n<p>La communication envoy\u00e9e sera enregistr\u00e9e dans un fichier dont le responsable est EUROSPRAY SPRAY AND FILTER TECHNOLOGY, S.L. Cette communication sera uniquement utilis\u00e9e pour le traitement de vos donn\u00e9es afin de r\u00e9pondre \u00e0 votre demande, dans tous les cas en application du r\u00e8glement (UE) 2016\/679 (RGPD), de la loi organique 15\/1999 (LOPD), et du d\u00e9cret royal 1720\/2007 (de transposition de la LOPD), relatif \u00e0 la protection des donn\u00e9es \u00e0 caract\u00e8re personnel. Vos donn\u00e9es ne seront pas communiqu\u00e9es \u00e0 des tiers (ni partag\u00e9es avec des tiers), sauf en cas d\u2019obligation l\u00e9gale, et seront conserv\u00e9es tant que vous n\u2019en demanderez pas l\u2019annulation. Vous pouvez \u00e0 tout moment exercer vos droits d\u2019acc\u00e8s, de rectification, de portabilit\u00e9 et d\u2019opposition, ou, le cas \u00e9ch\u00e9ant, de limitation et\/ou d\u2019annulation du traitement, en le demandant par \u00e9crit, en indiquant vos coordonn\u00e9es personnelles \u00e0 l'adresse suivante : Calle Narc\u00eds Monturiol, n\u00b0 14, 4\u00ba1\u00aa \u2013 4\u00ba2\u00aa \u00b7 08960 \u2013 SANT JUST DESVERN (Barcelone) ESPAGNE ou par e-mail \u00e0 export@euspray.com.\n<\/p>\n<p><input class=\"wpcf7-form-control wpcf7-submit has-spinner\" type=\"submit\" value=\"ENVOYER\" \/>\n<\/p><div class=\"wpcf7-response-output\" aria-hidden=\"true\"><\/div>\n<\/form>\n<\/div>\n\r\n\t\t\t\t<script>\r\n\t\t\t\tif ( typeof huOptions !== 'undefined' ) {\r\n\t\t\t\t\tvar huFormData = {\"source\":\"contactform7\",\"id\":46614,\"title\":\"Modulo di contatto (principale)\",\"fields\":{\"subject\":{\"first_name\":\"your-name\",\"email\":\"your-email\"},\"preferences\":{\"terms\":\"your-consent\"}}};\r\n\t\t\t\t\tvar huFormNode = document.querySelector( '[id^=\"wpcf7-f23664-\"] form' );\r\n\r\n\t\t\t\t\thuFormData['node'] = huFormNode;\r\n\t\t\t\t\thuOptions['forms'].push( huFormData );\r\n\t\t\t\t}\r\n\t\t\t\t<\/script>[\/vc_column][vc_column width=\u00a0\u00bb1\/2&Prime;]<div id=\"ultimate-heading-547969ebdd459190e\" class=\"uvc-heading ult-adjust-bottom-margin ultimate-heading-547969ebdd459190e uvc-3629 \" data-hspacer=\"no_spacer\"  data-halign=\"left\" style=\"text-align:left\"><div class=\"uvc-heading-spacer no_spacer\" style=\"top\"><\/div><div class=\"uvc-main-heading ult-responsive\"  data-ultimate-target='.uvc-heading.ultimate-heading-547969ebdd459190e h2'  data-responsive-json-new='{\"font-size\":\"desktop:15px;\",\"line-height\":\"\"}' ><h2 style=\"font-weight:bold;margin-bottom:12px;\">EUROSPRAY SPRAY AND FILTER TECHNOLOGY, S.L.<\/h2><\/div><\/div>[vc_column_text]Calle Narc\u00eds Monturiol, n. 14 4\u00ba1\u00aa \u2013 4\u00ba2\u00aa \u00b7 \u00a008960 \u2013 <strong>SANT JUST DESVERN<\/strong>\u00a0(Barcelona) ESPA\u00d1A[\/vc_column_text][vc_gmaps link=\u00a0\u00bb#E-8_JTNDaWZyYW1lJTIwc3JjJTNEJTIyaHR0cHMlM0ElMkYlMkZ3d3cuZ29vZ2xlLmNvbSUyRm1hcHMlMkZlbWJlZCUzRnBiJTNEJTIxMW0xOCUyMTFtMTIlMjExbTMlMjExZDI4OTIuMzM3MzI3NTU0MjA2NyUyMTJkMi4wNTk0NDc5ODUzNTg3MTU1JTIxM2Q0MS4zODA5MDQ2OTczMDE2NiUyMTJtMyUyMTFmMCUyMTJmMCUyMTNmMCUyMTNtMiUyMTFpMTAyNCUyMTJpNzY4JTIxNGYxMy4xJTIxM20zJTIxMW0yJTIxMXMweDEyYTQ5YmQ1MWNiNmI4MTElMjUzQTB4YWUzZTY4ZDMwY2Y4ZjBlYSUyMTJzQ2FycmVyJTI1MjBkZSUyNTIwTmFyYyUyNUMzJTI1QURzJTI1MjBNb250dXJpb2wlMjUyQyUyNTIwMTQlMjUyQyUyNTIwMDg5NjAlMjUyMFNhbnQlMjUyMEp1c3QlMjUyMERlc3Zlcm4lMjUyQyUyNTIwQmFyY2Vsb25hJTI1MkMlMjUyMFNwYWduYSUyMTVlMSUyMTNtMiUyMTFzaXQlMjEyc2l0JTIxNHYxNzY3ODgwMTI3ODI0JTIxNW0yJTIxMXNpdCUyMTJzaXQlMjIlMjB3aWR0aCUzRCUyMjYwMCUyMiUyMGhlaWdodCUzRCUyMjQ1MCUyMiUyMHN0eWxlJTNEJTIyYm9yZGVyJTNBMCUzQiUyMiUyMGFsbG93ZnVsbHNjcmVlbiUzRCUyMiUyMiUyMGxvYWRpbmclM0QlMjJsYXp5JTIyJTIwcmVmZXJyZXJwb2xpY3klM0QlMjJuby1yZWZlcnJlci13aGVuLWRvd25ncmFkZSUyMiUzRSUzQyUyRmlmcmFtZSUzRQ==\u00a0\u00bb][\/vc_column][\/vc_row]<\/p>\n","protected":false},"excerpt":{"rendered":"<p>[vc_row][vc_column width=\u00a0\u00bb1\/2&Prime;][\/vc_column][vc_column width=\u00a0\u00bb1\/2&Prime;][vc_column_text]Calle Narc\u00eds Monturiol, n. 14 4\u00ba1\u00aa \u2013 4\u00ba2\u00aa \u00b7 \u00a008960 \u2013 SANT JUST DESVERN\u00a0(Barcelona) ESPA\u00d1A[\/vc_column_text][vc_gmaps link=\u00a0\u00bb#E-8_JTNDaWZyYW1lJTIwc3JjJTNEJTIyaHR0cHMlM0ElMkYlMkZ3d3cuZ29vZ2xlLmNvbSUyRm1hcHMlMkZlbWJlZCUzRnBiJTNEJTIxMW0xOCUyMTFtMTIlMjExbTMlMjExZDI4OTIuMzM3MzI3NTU0MjA2NyUyMTJkMi4wNTk0NDc5ODUzNTg3MTU1JTIxM2Q0MS4zODA5MDQ2OTczMDE2NiUyMTJtMyUyMTFmMCUyMTJmMCUyMTNmMCUyMTNtMiUyMTFpMTAyNCUyMTJpNzY4JTIxNGYxMy4xJTIxM20zJTIxMW0yJTIxMXMweDEyYTQ5YmQ1MWNiNmI4MTElMjUzQTB4YWUzZTY4ZDMwY2Y4ZjBlYSUyMTJzQ2FycmVyJTI1MjBkZSUyNTIwTmFyYyUyNUMzJTI1QURzJTI1MjBNb250dXJpb2wlMjUyQyUyNTIwMTQlMjUyQyUyNTIwMDg5NjAlMjUyMFNhbnQlMjUyMEp1c3QlMjUyMERlc3Zlcm4lMjUyQyUyNTIwQmFyY2Vsb25hJTI1MkMlMjUyMFNwYWduYSUyMTVlMSUyMTNtMiUyMTFzaXQlMjEyc2l0JTIxNHYxNzY3ODgwMTI3ODI0JTIxNW0yJTIxMXNpdCUyMTJzaXQlMjIlMjB3aWR0aCUzRCUyMjYwMCUyMiUyMGhlaWdodCUzRCUyMjQ1MCUyMiUyMHN0eWxlJTNEJTIyYm9yZGVyJTNBMCUzQiUyMiUyMGFsbG93ZnVsbHNjcmVlbiUzRCUyMiUyMiUyMGxvYWRpbmclM0QlMjJsYXp5JTIyJTIwcmVmZXJyZXJwb2xpY3klM0QlMjJuby1yZWZlcnJlci13aGVuLWRvd25ncmFkZSUyMiUzRSUzQyUyRmlmcmFtZSUzRQ==\u00a0\u00bb][\/vc_column][\/vc_row]<\/p>\n","protected":false},"author":1,"featured_media":0,"parent":0,"menu_order":300,"comment_status":"closed","ping_status":"closed","template":"","meta":{"footnotes":""},"class_list":["post-51375","page","type-page","status-publish","hentry","description-off"],"yoast_head":"<!-- This site is optimized with the Yoast SEO plugin v26.8 - https:\/\/yoast.com\/product\/yoast-seo-wordpress\/ -->\n<title>CONTACTS - Euspray<\/title>\n<meta name=\"robots\" content=\"index, follow, max-snippet:-1, max-image-preview:large, max-video-preview:-1\" \/>\n<link rel=\"canonical\" href=\"https:\/\/www.euspray.com\/fr\/contatti\/\" \/>\n<meta property=\"og:locale\" content=\"fr_FR\" \/>\n<meta property=\"og:type\" content=\"article\" \/>\n<meta property=\"og:title\" content=\"CONTACTS - Euspray\" \/>\n<meta property=\"og:description\" content=\"[vc_row][vc_column width=\u00a0\u00bb1\/2&Prime;][\/vc_column][vc_column width=\u00a0\u00bb1\/2&Prime;][vc_column_text]Calle Narc\u00eds Monturiol, n. 14 4\u00ba1\u00aa \u2013 4\u00ba2\u00aa \u00b7 \u00a008960 \u2013 SANT JUST DESVERN\u00a0(Barcelona) ESPA\u00d1A[\/vc_column_text][vc_gmaps link=\u00a0\u00bb#E-8_JTNDaWZyYW1lJTIwc3JjJTNEJTIyaHR0cHMlM0ElMkYlMkZ3d3cuZ29vZ2xlLmNvbSUyRm1hcHMlMkZlbWJlZCUzRnBiJTNEJTIxMW0xOCUyMTFtMTIlMjExbTMlMjExZDI4OTIuMzM3MzI3NTU0MjA2NyUyMTJkMi4wNTk0NDc5ODUzNTg3MTU1JTIxM2Q0MS4zODA5MDQ2OTczMDE2NiUyMTJtMyUyMTFmMCUyMTJmMCUyMTNmMCUyMTNtMiUyMTFpMTAyNCUyMTJpNzY4JTIxNGYxMy4xJTIxM20zJTIxMW0yJTIxMXMweDEyYTQ5YmQ1MWNiNmI4MTElMjUzQTB4YWUzZTY4ZDMwY2Y4ZjBlYSUyMTJzQ2FycmVyJTI1MjBkZSUyNTIwTmFyYyUyNUMzJTI1QURzJTI1MjBNb250dXJpb2wlMjUyQyUyNTIwMTQlMjUyQyUyNTIwMDg5NjAlMjUyMFNhbnQlMjUyMEp1c3QlMjUyMERlc3Zlcm4lMjUyQyUyNTIwQmFyY2Vsb25hJTI1MkMlMjUyMFNwYWduYSUyMTVlMSUyMTNtMiUyMTFzaXQlMjEyc2l0JTIxNHYxNzY3ODgwMTI3ODI0JTIxNW0yJTIxMXNpdCUyMTJzaXQlMjIlMjB3aWR0aCUzRCUyMjYwMCUyMiUyMGhlaWdodCUzRCUyMjQ1MCUyMiUyMHN0eWxlJTNEJTIyYm9yZGVyJTNBMCUzQiUyMiUyMGFsbG93ZnVsbHNjcmVlbiUzRCUyMiUyMiUyMGxvYWRpbmclM0QlMjJsYXp5JTIyJTIwcmVmZXJyZXJwb2xpY3klM0QlMjJuby1yZWZlcnJlci13aGVuLWRvd25ncmFkZSUyMiUzRSUzQyUyRmlmcmFtZSUzRQ==\u00a0\u00bb][\/vc_column][\/vc_row]\" \/>\n<meta property=\"og:url\" content=\"https:\/\/www.euspray.com\/fr\/contatti\/\" \/>\n<meta property=\"og:site_name\" content=\"Euspray\" \/>\n<meta property=\"article:modified_time\" content=\"2026-04-01T07:58:18+00:00\" \/>\n<meta name=\"twitter:card\" content=\"summary_large_image\" \/>\n<meta name=\"twitter:label1\" content=\"Dur\u00e9e de lecture estim\u00e9e\" \/>\n\t<meta name=\"twitter:data1\" content=\"1 minute\" \/>\n<script type=\"application\/ld+json\" class=\"yoast-schema-graph\">{\"@context\":\"https:\/\/schema.org\",\"@graph\":[{\"@type\":\"WebPage\",\"@id\":\"https:\/\/www.euspray.com\/fr\/contatti\/\",\"url\":\"https:\/\/www.euspray.com\/fr\/contatti\/\",\"name\":\"CONTACTS - Euspray\",\"isPartOf\":{\"@id\":\"https:\/\/www.euspray.com\/es\/#website\"},\"datePublished\":\"2021-11-19T11:42:23+00:00\",\"dateModified\":\"2026-04-01T07:58:18+00:00\",\"breadcrumb\":{\"@id\":\"https:\/\/www.euspray.com\/fr\/contatti\/#breadcrumb\"},\"inLanguage\":\"fr-FR\",\"potentialAction\":[{\"@type\":\"ReadAction\",\"target\":[\"https:\/\/www.euspray.com\/fr\/contatti\/\"]}]},{\"@type\":\"BreadcrumbList\",\"@id\":\"https:\/\/www.euspray.com\/fr\/contatti\/#breadcrumb\",\"itemListElement\":[{\"@type\":\"ListItem\",\"position\":1,\"name\":\"Home\",\"item\":\"https:\/\/www.euspray.com\/fr\/\"},{\"@type\":\"ListItem\",\"position\":2,\"name\":\"CONTACTS\"}]},{\"@type\":\"WebSite\",\"@id\":\"https:\/\/www.euspray.com\/es\/#website\",\"url\":\"https:\/\/www.euspray.com\/es\/\",\"name\":\"Euspray\",\"description\":\"Ugelli, teste di lavaggio e filtri\",\"potentialAction\":[{\"@type\":\"SearchAction\",\"target\":{\"@type\":\"EntryPoint\",\"urlTemplate\":\"https:\/\/www.euspray.com\/es\/?s={search_term_string}\"},\"query-input\":{\"@type\":\"PropertyValueSpecification\",\"valueRequired\":true,\"valueName\":\"search_term_string\"}}],\"inLanguage\":\"fr-FR\"}]}<\/script>\n<!-- \/ Yoast SEO plugin. -->","yoast_head_json":{"title":"CONTACTS - Euspray","robots":{"index":"index","follow":"follow","max-snippet":"max-snippet:-1","max-image-preview":"max-image-preview:large","max-video-preview":"max-video-preview:-1"},"canonical":"https:\/\/www.euspray.com\/fr\/contatti\/","og_locale":"fr_FR","og_type":"article","og_title":"CONTACTS - Euspray","og_description":"[vc_row][vc_column width=\u00a0\u00bb1\/2&Prime;][\/vc_column][vc_column width=\u00a0\u00bb1\/2&Prime;][vc_column_text]Calle Narc\u00eds Monturiol, n. 14 4\u00ba1\u00aa \u2013 4\u00ba2\u00aa \u00b7 \u00a008960 \u2013 SANT JUST DESVERN\u00a0(Barcelona) ESPA\u00d1A[\/vc_column_text][vc_gmaps link=\u00a0\u00bb#E-8_JTNDaWZyYW1lJTIwc3JjJTNEJTIyaHR0cHMlM0ElMkYlMkZ3d3cuZ29vZ2xlLmNvbSUyRm1hcHMlMkZlbWJlZCUzRnBiJTNEJTIxMW0xOCUyMTFtMTIlMjExbTMlMjExZDI4OTIuMzM3MzI3NTU0MjA2NyUyMTJkMi4wNTk0NDc5ODUzNTg3MTU1JTIxM2Q0MS4zODA5MDQ2OTczMDE2NiUyMTJtMyUyMTFmMCUyMTJmMCUyMTNmMCUyMTNtMiUyMTFpMTAyNCUyMTJpNzY4JTIxNGYxMy4xJTIxM20zJTIxMW0yJTIxMXMweDEyYTQ5YmQ1MWNiNmI4MTElMjUzQTB4YWUzZTY4ZDMwY2Y4ZjBlYSUyMTJzQ2FycmVyJTI1MjBkZSUyNTIwTmFyYyUyNUMzJTI1QURzJTI1MjBNb250dXJpb2wlMjUyQyUyNTIwMTQlMjUyQyUyNTIwMDg5NjAlMjUyMFNhbnQlMjUyMEp1c3QlMjUyMERlc3Zlcm4lMjUyQyUyNTIwQmFyY2Vsb25hJTI1MkMlMjUyMFNwYWduYSUyMTVlMSUyMTNtMiUyMTFzaXQlMjEyc2l0JTIxNHYxNzY3ODgwMTI3ODI0JTIxNW0yJTIxMXNpdCUyMTJzaXQlMjIlMjB3aWR0aCUzRCUyMjYwMCUyMiUyMGhlaWdodCUzRCUyMjQ1MCUyMiUyMHN0eWxlJTNEJTIyYm9yZGVyJTNBMCUzQiUyMiUyMGFsbG93ZnVsbHNjcmVlbiUzRCUyMiUyMiUyMGxvYWRpbmclM0QlMjJsYXp5JTIyJTIwcmVmZXJyZXJwb2xpY3klM0QlMjJuby1yZWZlcnJlci13aGVuLWRvd25ncmFkZSUyMiUzRSUzQyUyRmlmcmFtZSUzRQ==\u00a0\u00bb][\/vc_column][\/vc_row]","og_url":"https:\/\/www.euspray.com\/fr\/contatti\/","og_site_name":"Euspray","article_modified_time":"2026-04-01T07:58:18+00:00","twitter_card":"summary_large_image","twitter_misc":{"Dur\u00e9e de lecture estim\u00e9e":"1 minute"},"schema":{"@context":"https:\/\/schema.org","@graph":[{"@type":"WebPage","@id":"https:\/\/www.euspray.com\/fr\/contatti\/","url":"https:\/\/www.euspray.com\/fr\/contatti\/","name":"CONTACTS - Euspray","isPartOf":{"@id":"https:\/\/www.euspray.com\/es\/#website"},"datePublished":"2021-11-19T11:42:23+00:00","dateModified":"2026-04-01T07:58:18+00:00","breadcrumb":{"@id":"https:\/\/www.euspray.com\/fr\/contatti\/#breadcrumb"},"inLanguage":"fr-FR","potentialAction":[{"@type":"ReadAction","target":["https:\/\/www.euspray.com\/fr\/contatti\/"]}]},{"@type":"BreadcrumbList","@id":"https:\/\/www.euspray.com\/fr\/contatti\/#breadcrumb","itemListElement":[{"@type":"ListItem","position":1,"name":"Home","item":"https:\/\/www.euspray.com\/fr\/"},{"@type":"ListItem","position":2,"name":"CONTACTS"}]},{"@type":"WebSite","@id":"https:\/\/www.euspray.com\/es\/#website","url":"https:\/\/www.euspray.com\/es\/","name":"Euspray","description":"Ugelli, teste di lavaggio e filtri","potentialAction":[{"@type":"SearchAction","target":{"@type":"EntryPoint","urlTemplate":"https:\/\/www.euspray.com\/es\/?s={search_term_string}"},"query-input":{"@type":"PropertyValueSpecification","valueRequired":true,"valueName":"search_term_string"}}],"inLanguage":"fr-FR"}]}},"_links":{"self":[{"href":"https:\/\/www.euspray.com\/fr\/wp-json\/wp\/v2\/pages\/51375","targetHints":{"allow":["GET"]}}],"collection":[{"href":"https:\/\/www.euspray.com\/fr\/wp-json\/wp\/v2\/pages"}],"about":[{"href":"https:\/\/www.euspray.com\/fr\/wp-json\/wp\/v2\/types\/page"}],"author":[{"embeddable":true,"href":"https:\/\/www.euspray.com\/fr\/wp-json\/wp\/v2\/users\/1"}],"replies":[{"embeddable":true,"href":"https:\/\/www.euspray.com\/fr\/wp-json\/wp\/v2\/comments?post=51375"}],"version-history":[{"count":4,"href":"https:\/\/www.euspray.com\/fr\/wp-json\/wp\/v2\/pages\/51375\/revisions"}],"predecessor-version":[{"id":51379,"href":"https:\/\/www.euspray.com\/fr\/wp-json\/wp\/v2\/pages\/51375\/revisions\/51379"}],"wp:attachment":[{"href":"https:\/\/www.euspray.com\/fr\/wp-json\/wp\/v2\/media?parent=51375"}],"curies":[{"name":"wp","href":"https:\/\/api.w.org\/{rel}","templated":true}]}}