{"id":36695,"date":"2021-12-10T08:30:16","date_gmt":"2021-12-10T08:30:16","guid":{"rendered":"https:\/\/www.euspray.com\/complete-systems\/"},"modified":"2026-03-13T08:37:52","modified_gmt":"2026-03-13T08:37:52","slug":"complete-systems","status":"publish","type":"page","link":"https:\/\/www.euspray.com\/es\/complete-systems\/","title":{"rendered":"SISTEMAS COMPLETOS"},"content":{"rendered":"<p>[vc_row type=\u00bbvc_default\u00bb][vc_column css=\u00bb.vc_custom_1498229431694{padding-bottom: 50px !important;}\u00bb][vc_row_inner][vc_column_inner width=\u00bb1\/2&#8243;][vc_single_image image=\u00bb36696&#8243; img_size=\u00bb400 x 700&#8243;][\/vc_column_inner][vc_column_inner width=\u00bb1\/2&#8243;]<div id=\"ultimate-heading-604569f8390abd2b1\" class=\"uvc-heading ult-adjust-bottom-margin ultimate-heading-604569f8390abd2b1 uvc-602 \" data-hspacer=\"no_spacer\"  data-halign=\"left\" style=\"text-align:left\"><div class=\"uvc-heading-spacer no_spacer\" style=\"top\"><\/div><div class=\"uvc-main-heading ult-responsive\"  data-ultimate-target='.uvc-heading.ultimate-heading-604569f8390abd2b1 h2'  data-responsive-json-new='{\"font-size\":\"desktop:26px;\",\"line-height\":\"desktop:32px;\"}' ><h2 style=\"font-weight:bold;margin-bottom:20px;\">Characteristics<\/h2><\/div><\/div>[vc_column_text]<\/p>\n<ul>\n<li>Hecho exactamente seg\u00fan sus especificaciones y listo para ser instalado.<\/li>\n<li>Ofrecemos una gama completa de componentes Quik-Disconnect en una amplia gama de tama\u00f1os, incluyendo PVC, CPVC, PolyPro, Kynar y tuber\u00eda de acero inoxidable de primera calidad.<\/li>\n<li>Para darle una flexibilidad total de dise\u00f1o, podemos doblar las tuber\u00edas a medida, proporcionando un flujo suave sin accesorios adicionales, para satisfacer con precisi\u00f3n su configuraci\u00f3n de dise\u00f1o.<\/li>\n<li>Para simplificar su proceso de pedido, ofrecemos m\u00e1s de 20 configuraciones de dise\u00f1o con hojas de trabajo separadas para cada una. Las hojas de trabajo le permiten introducir todas las dimensiones, par\u00e1metros de dise\u00f1o, selecci\u00f3n y posicionamiento de los componentes en un formato f\u00e1cil de rellenar.<\/li>\n<li>Si no ve exactamente lo que quiere, env\u00edenos su propio dibujo para proporcionarle un presupuesto.<\/li>\n<li>Cuando recibamos su hoja de trabajo o dibujo completo, nuestros ingenieros lo revisar\u00e1n para comprobar su precisi\u00f3n, y le proporcionaremos un presupuesto detallado.<\/li>\n<\/ul>\n<p>[\/vc_column_text][vc_empty_space height=\u00bb25px\u00bb][\/vc_column_inner][\/vc_row_inner][vc_basic_grid post_type=\u00bbpost\u00bb max_items=\u00bb-1&#8243; element_width=\u00bb6&#8243; item=\u00bb27461&#8243; grid_id=\u00bbvc_gid:1773065055123-ef82cd24-a6ba-2&#8243; taxonomies=\u00bb1060&#8243;][vc_empty_space height=\u00bb25px\u00bb][\/vc_column][vc_column css=\u00bb.vc_custom_1498229445232{padding-bottom: 50px !important;}\u00bb][\/vc_column][\/vc_row][vc_row][vc_column][\/vc_column][\/vc_row]<\/p>\n","protected":false},"excerpt":{"rendered":"<p>[vc_row type=\u00bbvc_default\u00bb][vc_column css=\u00bb.vc_custom_1498229431694{padding-bottom: 50px !important;}\u00bb][vc_row_inner][vc_column_inner width=\u00bb1\/2&#8243;][vc_single_image image=\u00bb36696&#8243; img_size=\u00bb400 x 700&#8243;][\/vc_column_inner][vc_column_inner width=\u00bb1\/2&#8243;][vc_column_text] Hecho exactamente seg\u00fan sus especificaciones y listo para ser instalado. Ofrecemos una gama completa de componentes Quik-Disconnect en una amplia gama de tama\u00f1os, incluyendo PVC, CPVC, PolyPro, Kynar y tuber\u00eda de acero inoxidable de primera calidad. Para darle una flexibilidad total de dise\u00f1o, podemos&hellip;<\/p>\n","protected":false},"author":1,"featured_media":0,"parent":0,"menu_order":100,"comment_status":"closed","ping_status":"closed","template":"","meta":{"footnotes":""},"class_list":["post-36695","page","type-page","status-publish","hentry","description-off"],"yoast_head":"<!-- This site is optimized with the Yoast SEO plugin v26.8 - https:\/\/yoast.com\/product\/yoast-seo-wordpress\/ -->\n<title>SISTEMAS COMPLETOS - Euspray<\/title>\n<meta name=\"robots\" content=\"index, follow, max-snippet:-1, max-image-preview:large, max-video-preview:-1\" \/>\n<link rel=\"canonical\" href=\"https:\/\/www.euspray.com\/es\/complete-systems\/\" \/>\n<meta property=\"og:locale\" content=\"es_ES\" \/>\n<meta property=\"og:type\" content=\"article\" \/>\n<meta property=\"og:title\" content=\"SISTEMAS COMPLETOS - Euspray\" \/>\n<meta property=\"og:description\" content=\"[vc_row type=\u00bbvc_default\u00bb][vc_column css=\u00bb.vc_custom_1498229431694{padding-bottom: 50px !important;}\u00bb][vc_row_inner][vc_column_inner width=\u00bb1\/2&#8243;][vc_single_image image=\u00bb36696&#8243; img_size=\u00bb400 x 700&#8243;][\/vc_column_inner][vc_column_inner width=\u00bb1\/2&#8243;][vc_column_text] Hecho exactamente seg\u00fan sus especificaciones y listo para ser instalado. Ofrecemos una gama completa de componentes Quik-Disconnect en una amplia gama de tama\u00f1os, incluyendo PVC, CPVC, PolyPro, Kynar y tuber\u00eda de acero inoxidable de primera calidad. Para darle una flexibilidad total de dise\u00f1o, podemos&hellip;\" \/>\n<meta property=\"og:url\" content=\"https:\/\/www.euspray.com\/es\/complete-systems\/\" \/>\n<meta property=\"og:site_name\" content=\"Euspray\" \/>\n<meta property=\"article:modified_time\" content=\"2026-03-13T08:37:52+00:00\" \/>\n<meta name=\"twitter:card\" content=\"summary_large_image\" \/>\n<meta name=\"twitter:label1\" content=\"Tiempo de lectura\" \/>\n\t<meta name=\"twitter:data1\" content=\"2 minutos\" \/>\n<script type=\"application\/ld+json\" class=\"yoast-schema-graph\">{\"@context\":\"https:\/\/schema.org\",\"@graph\":[{\"@type\":\"WebPage\",\"@id\":\"https:\/\/www.euspray.com\/es\/complete-systems\/\",\"url\":\"https:\/\/www.euspray.com\/es\/complete-systems\/\",\"name\":\"SISTEMAS COMPLETOS - Euspray\",\"isPartOf\":{\"@id\":\"https:\/\/www.euspray.com\/es\/#website\"},\"datePublished\":\"2021-12-10T08:30:16+00:00\",\"dateModified\":\"2026-03-13T08:37:52+00:00\",\"breadcrumb\":{\"@id\":\"https:\/\/www.euspray.com\/es\/complete-systems\/#breadcrumb\"},\"inLanguage\":\"es\",\"potentialAction\":[{\"@type\":\"ReadAction\",\"target\":[\"https:\/\/www.euspray.com\/es\/complete-systems\/\"]}]},{\"@type\":\"BreadcrumbList\",\"@id\":\"https:\/\/www.euspray.com\/es\/complete-systems\/#breadcrumb\",\"itemListElement\":[{\"@type\":\"ListItem\",\"position\":1,\"name\":\"Home\",\"item\":\"https:\/\/www.euspray.com\/es\/\"},{\"@type\":\"ListItem\",\"position\":2,\"name\":\"SISTEMAS COMPLETOS\"}]},{\"@type\":\"WebSite\",\"@id\":\"https:\/\/www.euspray.com\/es\/#website\",\"url\":\"https:\/\/www.euspray.com\/es\/\",\"name\":\"Euspray\",\"description\":\"Ugelli, teste di lavaggio e filtri\",\"potentialAction\":[{\"@type\":\"SearchAction\",\"target\":{\"@type\":\"EntryPoint\",\"urlTemplate\":\"https:\/\/www.euspray.com\/es\/?s={search_term_string}\"},\"query-input\":{\"@type\":\"PropertyValueSpecification\",\"valueRequired\":true,\"valueName\":\"search_term_string\"}}],\"inLanguage\":\"es\"}]}<\/script>\n<!-- \/ Yoast SEO plugin. -->","yoast_head_json":{"title":"SISTEMAS COMPLETOS - Euspray","robots":{"index":"index","follow":"follow","max-snippet":"max-snippet:-1","max-image-preview":"max-image-preview:large","max-video-preview":"max-video-preview:-1"},"canonical":"https:\/\/www.euspray.com\/es\/complete-systems\/","og_locale":"es_ES","og_type":"article","og_title":"SISTEMAS COMPLETOS - Euspray","og_description":"[vc_row type=\u00bbvc_default\u00bb][vc_column css=\u00bb.vc_custom_1498229431694{padding-bottom: 50px !important;}\u00bb][vc_row_inner][vc_column_inner width=\u00bb1\/2&#8243;][vc_single_image image=\u00bb36696&#8243; img_size=\u00bb400 x 700&#8243;][\/vc_column_inner][vc_column_inner width=\u00bb1\/2&#8243;][vc_column_text] Hecho exactamente seg\u00fan sus especificaciones y listo para ser instalado. Ofrecemos una gama completa de componentes Quik-Disconnect en una amplia gama de tama\u00f1os, incluyendo PVC, CPVC, PolyPro, Kynar y tuber\u00eda de acero inoxidable de primera calidad. Para darle una flexibilidad total de dise\u00f1o, podemos&hellip;","og_url":"https:\/\/www.euspray.com\/es\/complete-systems\/","og_site_name":"Euspray","article_modified_time":"2026-03-13T08:37:52+00:00","twitter_card":"summary_large_image","twitter_misc":{"Tiempo de lectura":"2 minutos"},"schema":{"@context":"https:\/\/schema.org","@graph":[{"@type":"WebPage","@id":"https:\/\/www.euspray.com\/es\/complete-systems\/","url":"https:\/\/www.euspray.com\/es\/complete-systems\/","name":"SISTEMAS COMPLETOS - Euspray","isPartOf":{"@id":"https:\/\/www.euspray.com\/es\/#website"},"datePublished":"2021-12-10T08:30:16+00:00","dateModified":"2026-03-13T08:37:52+00:00","breadcrumb":{"@id":"https:\/\/www.euspray.com\/es\/complete-systems\/#breadcrumb"},"inLanguage":"es","potentialAction":[{"@type":"ReadAction","target":["https:\/\/www.euspray.com\/es\/complete-systems\/"]}]},{"@type":"BreadcrumbList","@id":"https:\/\/www.euspray.com\/es\/complete-systems\/#breadcrumb","itemListElement":[{"@type":"ListItem","position":1,"name":"Home","item":"https:\/\/www.euspray.com\/es\/"},{"@type":"ListItem","position":2,"name":"SISTEMAS COMPLETOS"}]},{"@type":"WebSite","@id":"https:\/\/www.euspray.com\/es\/#website","url":"https:\/\/www.euspray.com\/es\/","name":"Euspray","description":"Ugelli, teste di lavaggio e filtri","potentialAction":[{"@type":"SearchAction","target":{"@type":"EntryPoint","urlTemplate":"https:\/\/www.euspray.com\/es\/?s={search_term_string}"},"query-input":{"@type":"PropertyValueSpecification","valueRequired":true,"valueName":"search_term_string"}}],"inLanguage":"es"}]}},"_links":{"self":[{"href":"https:\/\/www.euspray.com\/es\/wp-json\/wp\/v2\/pages\/36695","targetHints":{"allow":["GET"]}}],"collection":[{"href":"https:\/\/www.euspray.com\/es\/wp-json\/wp\/v2\/pages"}],"about":[{"href":"https:\/\/www.euspray.com\/es\/wp-json\/wp\/v2\/types\/page"}],"author":[{"embeddable":true,"href":"https:\/\/www.euspray.com\/es\/wp-json\/wp\/v2\/users\/1"}],"replies":[{"embeddable":true,"href":"https:\/\/www.euspray.com\/es\/wp-json\/wp\/v2\/comments?post=36695"}],"version-history":[{"count":4,"href":"https:\/\/www.euspray.com\/es\/wp-json\/wp\/v2\/pages\/36695\/revisions"}],"predecessor-version":[{"id":51030,"href":"https:\/\/www.euspray.com\/es\/wp-json\/wp\/v2\/pages\/36695\/revisions\/51030"}],"wp:attachment":[{"href":"https:\/\/www.euspray.com\/es\/wp-json\/wp\/v2\/media?parent=36695"}],"curies":[{"name":"wp","href":"https:\/\/api.w.org\/{rel}","templated":true}]}}