{"id":27677,"date":"2021-11-26T09:30:12","date_gmt":"2021-11-26T09:30:12","guid":{"rendered":"https:\/\/www.euspray.com\/aplicaciones\/ugelli-spruzzatori-per-sistemi-antincendio\/"},"modified":"2022-01-21T06:02:44","modified_gmt":"2022-01-21T06:02:44","slug":"euspray-y-los-sistemas-antiincendios","status":"publish","type":"page","link":"https:\/\/www.euspray.com\/es\/aplicaciones\/euspray-y-los-sistemas-antiincendios\/","title":{"rendered":"Euspray y los sistemas antiincendios"},"content":{"rendered":"<p>[vc_row type=\u00bbvc_default\u00bb][vc_column css=\u00bb.vc_custom_1498229431694{padding-bottom: 50px !important;}\u00bb][vc_single_image image=\u00bb24177&#8243; img_size=\u00bb600 x 400&#8243;][vc_column_text]<\/p>\n<div id=\"primary\" class=\"col-xs-12 col-md-9 col-md-push-3\">\n<p>&nbsp;<\/p>\n<article id=\"post-148\" class=\"post-148 post type-post status-publish format-standard has-post-thumbnail hentry category-applicaciones has-thumb\">\n<div class=\"entry-content\">\n<p>Varias de nuestras boquillas pulverizadoras hidr\u00e1ulica son fabricadas y especialmente adecuadas para la protecci\u00f3n contra incendios.<\/p>\n<p>Diferentes boquillas de pulverizaci\u00f3n hidr\u00e1ulicos de producci\u00f3n Euspray son particularmente adecuados para la protecci\u00f3n contra incendios.<\/p>\n<p>Por ejemplo las boquillas de cono lleno (tanto normales como grandes) se utilizan para aplicaciones de protecci\u00f3n de inundaci\u00f3n o de lluvia, los sistemas m\u00e1s extendidos de protecci\u00f3n contra incendios.<\/p>\n<p>En este tipo de sistemas de lucha contra incendios, el objetivo es \u201cahogar\u201d la zona afectada al fuego con grandes cantidades de agua distribuidas de manera \u00f3ptima.<br \/>\nLas boquillas Euspray tienen una capacidad de absorci\u00f3n de calor grande, tambi\u00e9n la lluvia producido se enfr\u00eda el combustible por debajo de la temperatura de ignici\u00f3n.<br \/>\nOtra ventaja no despreciable es que se evita una p\u00e9rdida excesiva de agua.<\/p>\n<p>Las boquillas de cono lleno se utilizan para aplicar de extinci\u00f3n aerosoles qu\u00edmicos en las cocinas, en las estaciones de extracci\u00f3n de petr\u00f3leo o para pulverizar la espuma para extinguir incendios de l\u00edquidos inflamables en todas las situaciones en las que no siempre es posible utilizar s\u00f3lo agua.<\/p>\n<p>Tambi\u00e9n se utilizan a menudo boquillas de atomizaci\u00f3n.<br \/>\nLas gotitas muy peque\u00f1as producidas a partir de los pulverizadores tienen la capacidad de enfriar la zona afectada por el fuego interesados.<br \/>\nAdem\u00e1s, las gotitas que se transforman por el calor en vapor, eliminar el ox\u00edgeno presente en el medio ambiente de sustracci\u00f3n para disparar el comburente necesario para mantener la misma.Para crear cortinas de agua necesaria para detener el progreso del fuego se utilizan boquillas de pulverizaci\u00f3n planas.<br \/>\nEl posicionamiento correcto de las boquillas de chorro plano puede ser real tendencia del agua que rodea la zona a la propagaci\u00f3n de las llamas.<\/p>\n<\/div>\n<p>Las boquillas en espiral son de ninguna manera ser utilizado para la protecci\u00f3n contra incendios.<br \/>\nEl spray una gran cantidad de agua a la zona afectada.<br \/>\nAlta capacidad significa eficacia en la lucha contra el fuego.<br \/>\nAdem\u00e1s, su forma particular desprovisto de cualquier parte interna de distancia cualquier riesgo de obstrucci\u00f3n del paso de agua, incluso si se utiliza agua no es perfectamente limpio.Donde el agua para la alimentaci\u00f3n de las boquillas de los sistemas de protecci\u00f3n contra incendios no es particularmente limpia cada vez que utilice nuestros filtros.<\/p>\n<\/article>\n<p>&nbsp;<\/p>\n<\/div>\n<p>Los filtros generalmente son alimentados por una bomba que extrae agua de las zonas no siempre limpia limpiado mantenimiento de la planta y las boquillas grandes de captaci\u00f3n de agua.[\/vc_column_text][vc_empty_space height=\u00bb15px\u00bb][\/vc_column][\/vc_row]<\/p>\n","protected":false},"excerpt":{"rendered":"<p>[vc_row type=\u00bbvc_default\u00bb][vc_column css=\u00bb.vc_custom_1498229431694{padding-bottom: 50px !important;}\u00bb][vc_single_image image=\u00bb24177&#8243; img_size=\u00bb600 x 400&#8243;][vc_column_text] &nbsp; Varias de nuestras boquillas pulverizadoras hidr\u00e1ulica son fabricadas y especialmente adecuadas para la protecci\u00f3n contra incendios. Diferentes boquillas de pulverizaci\u00f3n hidr\u00e1ulicos de producci\u00f3n Euspray son particularmente adecuados para la protecci\u00f3n contra incendios. Por ejemplo las boquillas de cono lleno (tanto normales como grandes) se utilizan&hellip;<\/p>\n","protected":false},"author":1,"featured_media":0,"parent":27360,"menu_order":100,"comment_status":"closed","ping_status":"closed","template":"","meta":{"footnotes":""},"class_list":["post-27677","page","type-page","status-publish","hentry","description-off"],"yoast_head":"<!-- This site is optimized with the Yoast SEO plugin v26.8 - https:\/\/yoast.com\/product\/yoast-seo-wordpress\/ -->\n<title>Euspray y los sistemas antiincendios - Euspray<\/title>\n<meta name=\"robots\" content=\"index, follow, max-snippet:-1, max-image-preview:large, max-video-preview:-1\" \/>\n<link rel=\"canonical\" href=\"https:\/\/www.euspray.com\/applicazioni\/ugelli-spruzzatori-per-sistemi-antincendio\/\" \/>\n<meta property=\"og:locale\" content=\"es_ES\" \/>\n<meta property=\"og:type\" content=\"article\" \/>\n<meta property=\"og:title\" content=\"Euspray y los sistemas antiincendios - Euspray\" \/>\n<meta property=\"og:description\" content=\"[vc_row type=\u00bbvc_default\u00bb][vc_column css=\u00bb.vc_custom_1498229431694{padding-bottom: 50px !important;}\u00bb][vc_single_image image=\u00bb24177&#8243; img_size=\u00bb600 x 400&#8243;][vc_column_text] &nbsp; Varias de nuestras boquillas pulverizadoras hidr\u00e1ulica son fabricadas y especialmente adecuadas para la protecci\u00f3n contra incendios. Diferentes boquillas de pulverizaci\u00f3n hidr\u00e1ulicos de producci\u00f3n Euspray son particularmente adecuados para la protecci\u00f3n contra incendios. Por ejemplo las boquillas de cono lleno (tanto normales como grandes) se utilizan&hellip;\" \/>\n<meta property=\"og:url\" content=\"https:\/\/www.euspray.com\/applicazioni\/ugelli-spruzzatori-per-sistemi-antincendio\/\" \/>\n<meta property=\"og:site_name\" content=\"Euspray\" \/>\n<meta property=\"article:modified_time\" content=\"2022-01-21T06:02:44+00:00\" \/>\n<meta name=\"twitter:card\" content=\"summary_large_image\" \/>\n<meta name=\"twitter:label1\" content=\"Tiempo de lectura\" \/>\n\t<meta name=\"twitter:data1\" content=\"2 minutos\" \/>\n<script type=\"application\/ld+json\" class=\"yoast-schema-graph\">{\"@context\":\"https:\/\/schema.org\",\"@graph\":[{\"@type\":\"WebPage\",\"@id\":\"https:\/\/www.euspray.com\/applicazioni\/ugelli-spruzzatori-per-sistemi-antincendio\/\",\"url\":\"https:\/\/www.euspray.com\/applicazioni\/ugelli-spruzzatori-per-sistemi-antincendio\/\",\"name\":\"Euspray y los sistemas antiincendios - Euspray\",\"isPartOf\":{\"@id\":\"https:\/\/www.euspray.com\/es\/#website\"},\"datePublished\":\"2021-11-26T09:30:12+00:00\",\"dateModified\":\"2022-01-21T06:02:44+00:00\",\"breadcrumb\":{\"@id\":\"https:\/\/www.euspray.com\/applicazioni\/ugelli-spruzzatori-per-sistemi-antincendio\/#breadcrumb\"},\"inLanguage\":\"es\",\"potentialAction\":[{\"@type\":\"ReadAction\",\"target\":[\"https:\/\/www.euspray.com\/applicazioni\/ugelli-spruzzatori-per-sistemi-antincendio\/\"]}]},{\"@type\":\"BreadcrumbList\",\"@id\":\"https:\/\/www.euspray.com\/applicazioni\/ugelli-spruzzatori-per-sistemi-antincendio\/#breadcrumb\",\"itemListElement\":[{\"@type\":\"ListItem\",\"position\":1,\"name\":\"Home\",\"item\":\"https:\/\/www.euspray.com\/es\/\"},{\"@type\":\"ListItem\",\"position\":2,\"name\":\"Aplicaciones\",\"item\":\"https:\/\/www.euspray.com\/es\/aplicaciones\/\"},{\"@type\":\"ListItem\",\"position\":3,\"name\":\"Euspray y los sistemas antiincendios\"}]},{\"@type\":\"WebSite\",\"@id\":\"https:\/\/www.euspray.com\/es\/#website\",\"url\":\"https:\/\/www.euspray.com\/es\/\",\"name\":\"Euspray\",\"description\":\"Ugelli, teste di lavaggio e filtri\",\"potentialAction\":[{\"@type\":\"SearchAction\",\"target\":{\"@type\":\"EntryPoint\",\"urlTemplate\":\"https:\/\/www.euspray.com\/es\/?s={search_term_string}\"},\"query-input\":{\"@type\":\"PropertyValueSpecification\",\"valueRequired\":true,\"valueName\":\"search_term_string\"}}],\"inLanguage\":\"es\"}]}<\/script>\n<!-- \/ Yoast SEO plugin. -->","yoast_head_json":{"title":"Euspray y los sistemas antiincendios - Euspray","robots":{"index":"index","follow":"follow","max-snippet":"max-snippet:-1","max-image-preview":"max-image-preview:large","max-video-preview":"max-video-preview:-1"},"canonical":"https:\/\/www.euspray.com\/applicazioni\/ugelli-spruzzatori-per-sistemi-antincendio\/","og_locale":"es_ES","og_type":"article","og_title":"Euspray y los sistemas antiincendios - Euspray","og_description":"[vc_row type=\u00bbvc_default\u00bb][vc_column css=\u00bb.vc_custom_1498229431694{padding-bottom: 50px !important;}\u00bb][vc_single_image image=\u00bb24177&#8243; img_size=\u00bb600 x 400&#8243;][vc_column_text] &nbsp; Varias de nuestras boquillas pulverizadoras hidr\u00e1ulica son fabricadas y especialmente adecuadas para la protecci\u00f3n contra incendios. Diferentes boquillas de pulverizaci\u00f3n hidr\u00e1ulicos de producci\u00f3n Euspray son particularmente adecuados para la protecci\u00f3n contra incendios. Por ejemplo las boquillas de cono lleno (tanto normales como grandes) se utilizan&hellip;","og_url":"https:\/\/www.euspray.com\/applicazioni\/ugelli-spruzzatori-per-sistemi-antincendio\/","og_site_name":"Euspray","article_modified_time":"2022-01-21T06:02:44+00:00","twitter_card":"summary_large_image","twitter_misc":{"Tiempo de lectura":"2 minutos"},"schema":{"@context":"https:\/\/schema.org","@graph":[{"@type":"WebPage","@id":"https:\/\/www.euspray.com\/applicazioni\/ugelli-spruzzatori-per-sistemi-antincendio\/","url":"https:\/\/www.euspray.com\/applicazioni\/ugelli-spruzzatori-per-sistemi-antincendio\/","name":"Euspray y los sistemas antiincendios - Euspray","isPartOf":{"@id":"https:\/\/www.euspray.com\/es\/#website"},"datePublished":"2021-11-26T09:30:12+00:00","dateModified":"2022-01-21T06:02:44+00:00","breadcrumb":{"@id":"https:\/\/www.euspray.com\/applicazioni\/ugelli-spruzzatori-per-sistemi-antincendio\/#breadcrumb"},"inLanguage":"es","potentialAction":[{"@type":"ReadAction","target":["https:\/\/www.euspray.com\/applicazioni\/ugelli-spruzzatori-per-sistemi-antincendio\/"]}]},{"@type":"BreadcrumbList","@id":"https:\/\/www.euspray.com\/applicazioni\/ugelli-spruzzatori-per-sistemi-antincendio\/#breadcrumb","itemListElement":[{"@type":"ListItem","position":1,"name":"Home","item":"https:\/\/www.euspray.com\/es\/"},{"@type":"ListItem","position":2,"name":"Aplicaciones","item":"https:\/\/www.euspray.com\/es\/aplicaciones\/"},{"@type":"ListItem","position":3,"name":"Euspray y los sistemas antiincendios"}]},{"@type":"WebSite","@id":"https:\/\/www.euspray.com\/es\/#website","url":"https:\/\/www.euspray.com\/es\/","name":"Euspray","description":"Ugelli, teste di lavaggio e filtri","potentialAction":[{"@type":"SearchAction","target":{"@type":"EntryPoint","urlTemplate":"https:\/\/www.euspray.com\/es\/?s={search_term_string}"},"query-input":{"@type":"PropertyValueSpecification","valueRequired":true,"valueName":"search_term_string"}}],"inLanguage":"es"}]}},"_links":{"self":[{"href":"https:\/\/www.euspray.com\/es\/wp-json\/wp\/v2\/pages\/27677","targetHints":{"allow":["GET"]}}],"collection":[{"href":"https:\/\/www.euspray.com\/es\/wp-json\/wp\/v2\/pages"}],"about":[{"href":"https:\/\/www.euspray.com\/es\/wp-json\/wp\/v2\/types\/page"}],"author":[{"embeddable":true,"href":"https:\/\/www.euspray.com\/es\/wp-json\/wp\/v2\/users\/1"}],"replies":[{"embeddable":true,"href":"https:\/\/www.euspray.com\/es\/wp-json\/wp\/v2\/comments?post=27677"}],"version-history":[{"count":3,"href":"https:\/\/www.euspray.com\/es\/wp-json\/wp\/v2\/pages\/27677\/revisions"}],"predecessor-version":[{"id":27732,"href":"https:\/\/www.euspray.com\/es\/wp-json\/wp\/v2\/pages\/27677\/revisions\/27732"}],"up":[{"embeddable":true,"href":"https:\/\/www.euspray.com\/es\/wp-json\/wp\/v2\/pages\/27360"}],"wp:attachment":[{"href":"https:\/\/www.euspray.com\/es\/wp-json\/wp\/v2\/media?parent=27677"}],"curies":[{"name":"wp","href":"https:\/\/api.w.org\/{rel}","templated":true}]}}