{"id":27672,"date":"2021-11-26T08:08:27","date_gmt":"2021-11-26T08:08:27","guid":{"rendered":"https:\/\/www.euspray.com\/aplicaciones\/ugelli-per-lavastoviglie\/"},"modified":"2022-01-18T21:46:49","modified_gmt":"2022-01-18T21:46:49","slug":"aplicaciones-para-maquinas-de-lavavajillas","status":"publish","type":"page","link":"https:\/\/www.euspray.com\/es\/aplicaciones\/aplicaciones-para-maquinas-de-lavavajillas\/","title":{"rendered":"Aplicaciones para m\u00e1quinas de lavavajillas"},"content":{"rendered":"<p>[vc_row type=\u00bbvc_default\u00bb][vc_column css=\u00bb.vc_custom_1498229431694{padding-bottom: 50px !important;}\u00bb][vc_column_text]<img loading=\"lazy\" decoding=\"async\" class=\"size-full wp-image-24125 alignleft\" src=\"https:\/\/www.euspray.com\/wp-content\/uploads\/2021\/11\/dishwasernozzle-200x300-1.jpg\" alt=\"\" width=\"200\" height=\"300\" \/><\/p>\n<div class=\"entry-content\">\n<p>En este sector industrial se suelen utilizar boquillas de aspersi\u00f3n plana y a menudo se fabrican dise\u00f1os espec\u00edficos. En el caso de las m\u00e1quinas de lavavajillas de grandes dimensiones, se suele utilizar boquillas Standard a pesar de que las cantidades no son muy altas.<\/p>\n<p>En el caso de las\u00a0<strong>m\u00e1quinas de lavavajillas<\/strong>\u00a0de grandes dimensiones, se suele utilizar<strong>\u00a0boquillas Standard<\/strong>a pesar de que las cantidades no son muy altas.<\/p>\n<p>De fabricaci\u00f3n especial, nuestras boquillas de menor tama\u00f1o, se utilizan en las m\u00e1quinas de lavar vasos y de lavar las tazas, obteniendo una satisfacci\u00f3n de nuestros clientes muy alta.<\/p>\n<p>La calidad de nuestras\u00a0<strong>boquillas especiales<\/strong>\u00a0para este sector, ha conseguido niveles envidiables, de modo que incluso con precios ligeramente m\u00e1s bajos que los productos similares de nuestros competidores, nuestros clientes, despu\u00e9s de m\u00e1s pruebas, hacen que prefieran trabajar con nosotros y usar nuestras boquillas.<\/p>\n<p>Este tipo de boquillas, con\u00a0<strong>conexiones roscadas de di\u00e1metro peque\u00f1o<\/strong>\u00a0o para soldar, se colocan en las rampas de las m\u00e1quinas, obteniendo una gran eficacia y un alto impacto de lavado y de aclarado, con lo que se obtiene una excelente calidad de limpieza con un bajo consumo de agua.<\/p>\n<\/div>\n<footer class=\"entry-footer\">\n<div class=\"post__tags__header\"><\/div>\n<\/footer>\n<p>[\/vc_column_text][vc_empty_space height=\u00bb30px\u00bb][\/vc_column][\/vc_row]<\/p>\n","protected":false},"excerpt":{"rendered":"<p>[vc_row type=\u00bbvc_default\u00bb][vc_column css=\u00bb.vc_custom_1498229431694{padding-bottom: 50px !important;}\u00bb][vc_column_text] En este sector industrial se suelen utilizar boquillas de aspersi\u00f3n plana y a menudo se fabrican dise\u00f1os espec\u00edficos. En el caso de las m\u00e1quinas de lavavajillas de grandes dimensiones, se suele utilizar boquillas Standard a pesar de que las cantidades no son muy altas. En el caso de las\u00a0m\u00e1quinas de&hellip;<\/p>\n","protected":false},"author":1,"featured_media":0,"parent":27360,"menu_order":100,"comment_status":"closed","ping_status":"closed","template":"","meta":{"footnotes":""},"class_list":["post-27672","page","type-page","status-publish","hentry","description-off"],"yoast_head":"<!-- This site is optimized with the Yoast SEO plugin v26.8 - https:\/\/yoast.com\/product\/yoast-seo-wordpress\/ -->\n<title>Aplicaciones para m\u00e1quinas de lavavajillas - Euspray<\/title>\n<meta name=\"robots\" content=\"index, follow, max-snippet:-1, max-image-preview:large, max-video-preview:-1\" \/>\n<link rel=\"canonical\" href=\"https:\/\/www.euspray.com\/applicazioni\/ugelli-per-lavastoviglie\/\" \/>\n<meta property=\"og:locale\" content=\"es_ES\" \/>\n<meta property=\"og:type\" content=\"article\" \/>\n<meta property=\"og:title\" content=\"Aplicaciones para m\u00e1quinas de lavavajillas - Euspray\" \/>\n<meta property=\"og:description\" content=\"[vc_row type=\u00bbvc_default\u00bb][vc_column css=\u00bb.vc_custom_1498229431694{padding-bottom: 50px !important;}\u00bb][vc_column_text] En este sector industrial se suelen utilizar boquillas de aspersi\u00f3n plana y a menudo se fabrican dise\u00f1os espec\u00edficos. En el caso de las m\u00e1quinas de lavavajillas de grandes dimensiones, se suele utilizar boquillas Standard a pesar de que las cantidades no son muy altas. En el caso de las\u00a0m\u00e1quinas de&hellip;\" \/>\n<meta property=\"og:url\" content=\"https:\/\/www.euspray.com\/applicazioni\/ugelli-per-lavastoviglie\/\" \/>\n<meta property=\"og:site_name\" content=\"Euspray\" \/>\n<meta property=\"article:modified_time\" content=\"2022-01-18T21:46:49+00:00\" \/>\n<meta property=\"og:image\" content=\"https:\/\/www.euspray.com\/wp-content\/uploads\/2021\/11\/dishwasernozzle-200x300-1.jpg\" \/>\n\t<meta property=\"og:image:width\" content=\"200\" \/>\n\t<meta property=\"og:image:height\" content=\"300\" \/>\n\t<meta property=\"og:image:type\" content=\"image\/jpeg\" \/>\n<meta name=\"twitter:card\" content=\"summary_large_image\" \/>\n<meta name=\"twitter:label1\" content=\"Tiempo de lectura\" \/>\n\t<meta name=\"twitter:data1\" content=\"1 minuto\" \/>\n<script type=\"application\/ld+json\" class=\"yoast-schema-graph\">{\"@context\":\"https:\/\/schema.org\",\"@graph\":[{\"@type\":\"WebPage\",\"@id\":\"https:\/\/www.euspray.com\/applicazioni\/ugelli-per-lavastoviglie\/\",\"url\":\"https:\/\/www.euspray.com\/applicazioni\/ugelli-per-lavastoviglie\/\",\"name\":\"Aplicaciones para m\u00e1quinas de lavavajillas - Euspray\",\"isPartOf\":{\"@id\":\"https:\/\/www.euspray.com\/es\/#website\"},\"primaryImageOfPage\":{\"@id\":\"https:\/\/www.euspray.com\/applicazioni\/ugelli-per-lavastoviglie\/#primaryimage\"},\"image\":{\"@id\":\"https:\/\/www.euspray.com\/applicazioni\/ugelli-per-lavastoviglie\/#primaryimage\"},\"thumbnailUrl\":\"https:\/\/www.euspray.com\/wp-content\/uploads\/2021\/11\/dishwasernozzle-200x300-1.jpg\",\"datePublished\":\"2021-11-26T08:08:27+00:00\",\"dateModified\":\"2022-01-18T21:46:49+00:00\",\"breadcrumb\":{\"@id\":\"https:\/\/www.euspray.com\/applicazioni\/ugelli-per-lavastoviglie\/#breadcrumb\"},\"inLanguage\":\"es\",\"potentialAction\":[{\"@type\":\"ReadAction\",\"target\":[\"https:\/\/www.euspray.com\/applicazioni\/ugelli-per-lavastoviglie\/\"]}]},{\"@type\":\"ImageObject\",\"inLanguage\":\"es\",\"@id\":\"https:\/\/www.euspray.com\/applicazioni\/ugelli-per-lavastoviglie\/#primaryimage\",\"url\":\"https:\/\/www.euspray.com\/wp-content\/uploads\/2021\/11\/dishwasernozzle-200x300-1.jpg\",\"contentUrl\":\"https:\/\/www.euspray.com\/wp-content\/uploads\/2021\/11\/dishwasernozzle-200x300-1.jpg\"},{\"@type\":\"BreadcrumbList\",\"@id\":\"https:\/\/www.euspray.com\/applicazioni\/ugelli-per-lavastoviglie\/#breadcrumb\",\"itemListElement\":[{\"@type\":\"ListItem\",\"position\":1,\"name\":\"Home\",\"item\":\"https:\/\/www.euspray.com\/es\/\"},{\"@type\":\"ListItem\",\"position\":2,\"name\":\"Aplicaciones\",\"item\":\"https:\/\/www.euspray.com\/es\/aplicaciones\/\"},{\"@type\":\"ListItem\",\"position\":3,\"name\":\"Aplicaciones para m\u00e1quinas de lavavajillas\"}]},{\"@type\":\"WebSite\",\"@id\":\"https:\/\/www.euspray.com\/es\/#website\",\"url\":\"https:\/\/www.euspray.com\/es\/\",\"name\":\"Euspray\",\"description\":\"Ugelli, teste di lavaggio e filtri\",\"potentialAction\":[{\"@type\":\"SearchAction\",\"target\":{\"@type\":\"EntryPoint\",\"urlTemplate\":\"https:\/\/www.euspray.com\/es\/?s={search_term_string}\"},\"query-input\":{\"@type\":\"PropertyValueSpecification\",\"valueRequired\":true,\"valueName\":\"search_term_string\"}}],\"inLanguage\":\"es\"}]}<\/script>\n<!-- \/ Yoast SEO plugin. -->","yoast_head_json":{"title":"Aplicaciones para m\u00e1quinas de lavavajillas - Euspray","robots":{"index":"index","follow":"follow","max-snippet":"max-snippet:-1","max-image-preview":"max-image-preview:large","max-video-preview":"max-video-preview:-1"},"canonical":"https:\/\/www.euspray.com\/applicazioni\/ugelli-per-lavastoviglie\/","og_locale":"es_ES","og_type":"article","og_title":"Aplicaciones para m\u00e1quinas de lavavajillas - Euspray","og_description":"[vc_row type=\u00bbvc_default\u00bb][vc_column css=\u00bb.vc_custom_1498229431694{padding-bottom: 50px !important;}\u00bb][vc_column_text] En este sector industrial se suelen utilizar boquillas de aspersi\u00f3n plana y a menudo se fabrican dise\u00f1os espec\u00edficos. En el caso de las m\u00e1quinas de lavavajillas de grandes dimensiones, se suele utilizar boquillas Standard a pesar de que las cantidades no son muy altas. En el caso de las\u00a0m\u00e1quinas de&hellip;","og_url":"https:\/\/www.euspray.com\/applicazioni\/ugelli-per-lavastoviglie\/","og_site_name":"Euspray","article_modified_time":"2022-01-18T21:46:49+00:00","og_image":[{"width":200,"height":300,"url":"https:\/\/www.euspray.com\/wp-content\/uploads\/2021\/11\/dishwasernozzle-200x300-1.jpg","type":"image\/jpeg"}],"twitter_card":"summary_large_image","twitter_misc":{"Tiempo de lectura":"1 minuto"},"schema":{"@context":"https:\/\/schema.org","@graph":[{"@type":"WebPage","@id":"https:\/\/www.euspray.com\/applicazioni\/ugelli-per-lavastoviglie\/","url":"https:\/\/www.euspray.com\/applicazioni\/ugelli-per-lavastoviglie\/","name":"Aplicaciones para m\u00e1quinas de lavavajillas - Euspray","isPartOf":{"@id":"https:\/\/www.euspray.com\/es\/#website"},"primaryImageOfPage":{"@id":"https:\/\/www.euspray.com\/applicazioni\/ugelli-per-lavastoviglie\/#primaryimage"},"image":{"@id":"https:\/\/www.euspray.com\/applicazioni\/ugelli-per-lavastoviglie\/#primaryimage"},"thumbnailUrl":"https:\/\/www.euspray.com\/wp-content\/uploads\/2021\/11\/dishwasernozzle-200x300-1.jpg","datePublished":"2021-11-26T08:08:27+00:00","dateModified":"2022-01-18T21:46:49+00:00","breadcrumb":{"@id":"https:\/\/www.euspray.com\/applicazioni\/ugelli-per-lavastoviglie\/#breadcrumb"},"inLanguage":"es","potentialAction":[{"@type":"ReadAction","target":["https:\/\/www.euspray.com\/applicazioni\/ugelli-per-lavastoviglie\/"]}]},{"@type":"ImageObject","inLanguage":"es","@id":"https:\/\/www.euspray.com\/applicazioni\/ugelli-per-lavastoviglie\/#primaryimage","url":"https:\/\/www.euspray.com\/wp-content\/uploads\/2021\/11\/dishwasernozzle-200x300-1.jpg","contentUrl":"https:\/\/www.euspray.com\/wp-content\/uploads\/2021\/11\/dishwasernozzle-200x300-1.jpg"},{"@type":"BreadcrumbList","@id":"https:\/\/www.euspray.com\/applicazioni\/ugelli-per-lavastoviglie\/#breadcrumb","itemListElement":[{"@type":"ListItem","position":1,"name":"Home","item":"https:\/\/www.euspray.com\/es\/"},{"@type":"ListItem","position":2,"name":"Aplicaciones","item":"https:\/\/www.euspray.com\/es\/aplicaciones\/"},{"@type":"ListItem","position":3,"name":"Aplicaciones para m\u00e1quinas de lavavajillas"}]},{"@type":"WebSite","@id":"https:\/\/www.euspray.com\/es\/#website","url":"https:\/\/www.euspray.com\/es\/","name":"Euspray","description":"Ugelli, teste di lavaggio e filtri","potentialAction":[{"@type":"SearchAction","target":{"@type":"EntryPoint","urlTemplate":"https:\/\/www.euspray.com\/es\/?s={search_term_string}"},"query-input":{"@type":"PropertyValueSpecification","valueRequired":true,"valueName":"search_term_string"}}],"inLanguage":"es"}]}},"_links":{"self":[{"href":"https:\/\/www.euspray.com\/es\/wp-json\/wp\/v2\/pages\/27672","targetHints":{"allow":["GET"]}}],"collection":[{"href":"https:\/\/www.euspray.com\/es\/wp-json\/wp\/v2\/pages"}],"about":[{"href":"https:\/\/www.euspray.com\/es\/wp-json\/wp\/v2\/types\/page"}],"author":[{"embeddable":true,"href":"https:\/\/www.euspray.com\/es\/wp-json\/wp\/v2\/users\/1"}],"replies":[{"embeddable":true,"href":"https:\/\/www.euspray.com\/es\/wp-json\/wp\/v2\/comments?post=27672"}],"version-history":[{"count":1,"href":"https:\/\/www.euspray.com\/es\/wp-json\/wp\/v2\/pages\/27672\/revisions"}],"predecessor-version":[{"id":27711,"href":"https:\/\/www.euspray.com\/es\/wp-json\/wp\/v2\/pages\/27672\/revisions\/27711"}],"up":[{"embeddable":true,"href":"https:\/\/www.euspray.com\/es\/wp-json\/wp\/v2\/pages\/27360"}],"wp:attachment":[{"href":"https:\/\/www.euspray.com\/es\/wp-json\/wp\/v2\/media?parent=27672"}],"curies":[{"name":"wp","href":"https:\/\/api.w.org\/{rel}","templated":true}]}}