{"id":27666,"date":"2021-11-26T08:16:59","date_gmt":"2021-11-26T08:16:59","guid":{"rendered":"https:\/\/www.euspray.com\/aplicaciones\/ugelli-per-idropulitrici-lavapavimenti-e-lavamoquette\/"},"modified":"2023-01-20T15:58:36","modified_gmt":"2023-01-20T15:58:36","slug":"aplicaciones-para-hidrolimpiadoras-lava-pavimentos-y-lava-alfombras","status":"publish","type":"page","link":"https:\/\/www.euspray.com\/es\/aplicaciones\/aplicaciones-para-hidrolimpiadoras-lava-pavimentos-y-lava-alfombras\/","title":{"rendered":"Aplicaciones para hidrolimpiadoras, lava pavimentos y lava alfombras"},"content":{"rendered":"<p>[vc_row type=\u00bbvc_default\u00bb][vc_column css=\u00bb.vc_custom_1498229431694{padding-bottom: 50px !important;}\u00bb][vc_single_image image=\u00bb39869&#8243; img_size=\u00bbfull\u00bb]<div id=\"ultimate-heading-896669ed18d5f33f6\" class=\"uvc-heading ult-adjust-bottom-margin ultimate-heading-896669ed18d5f33f6 uvc-135 accent-border-color uvc-heading-default-font-sizes\" data-hspacer=\"line_only\"  data-halign=\"left\" style=\"text-align:left\"><div class=\"uvc-main-heading ult-responsive\"  data-ultimate-target='.uvc-heading.ultimate-heading-896669ed18d5f33f6 h2'  data-responsive-json-new='{\"font-size\":\"\",\"line-height\":\"\"}' ><h2 style=\"--font-weight:theme;margin-bottom:5px;\">BOQUILLAS DE ALTA PRESI\u00d3N<\/h2><\/div><div class=\"uvc-heading-spacer line_only\" style=\"margin-bottom:20px;height:4px;\"><span class=\"uvc-headings-line\" style=\"border-style:solid;border-bottom-width:4px;border-color:#ccc;width:200px;\"><\/span><\/div><div class=\"uvc-sub-heading ult-responsive\"  data-ultimate-target='.uvc-heading.ultimate-heading-896669ed18d5f33f6 .uvc-sub-heading '  data-responsive-json-new='{\"font-size\":\"\",\"line-height\":\"\"}'  style=\"font-weight:normal;\"><\/p>\n<h3><\/h3>\n<p><\/div><\/div>[vc_column_text]<\/p>\n<p style=\"text-align: justify;\">En aquellos casos donde se requiera una pulverizaci\u00f3n de alta presi\u00f3n, podemos ayudarle a seleccionar las boquillas adecuadas que operar\u00e1n con la m\u00e1xima precisi\u00f3n y eficacia. Nuestras boquillas son excelentes para diferentes aplicaciones y procesos; lavado de coches, lavado a presi\u00f3n, limpieza, pulverizaci\u00f3n de pintura y mucho m\u00e1s.<\/p>\n<p style=\"text-align: justify;\">Los limpiadores de alta presi\u00f3n utilizan las boquillas de lanza para alta presi\u00f3n HP y HHP. Disponibles en todos los rangos requeridos por el mercado, nuestras boquillas HP y HHP est\u00e1n recubiertas con un compuesto especial que proporciona una gran durabilidad.<\/p>\n<p style=\"text-align: justify;\">Las pruebas internas peri\u00f3dicas garantizan el mantenimiento del caudal inicial a una presi\u00f3n de 200 bares durante m\u00e1s de 200 horas (dureza del agua y temperatura controladas). Su gran relaci\u00f3n calidad-precio nos permite considerar nuestras HP-HHP como las boquillas de alta presi\u00f3n l\u00edderes del mercado.<\/p>\n<p>[\/vc_column_text][vc_basic_grid post_type=\u00bbids\u00bb element_width=\u00bb3&#8243; item=\u00bb27461&#8243; grid_id=\u00bbvc_gid:1674229587530-7b43536a-f07b-4&#8243; include=\u00bb35901, 35929, 35890&#8243;]<div id=\"ultimate-heading-900669ed18d5f34fb\" class=\"uvc-heading ult-adjust-bottom-margin ultimate-heading-900669ed18d5f34fb uvc-7265 accent-border-color uvc-heading-default-font-sizes\" data-hspacer=\"line_only\"  data-halign=\"left\" style=\"text-align:left\"><div class=\"uvc-main-heading ult-responsive\"  data-ultimate-target='.uvc-heading.ultimate-heading-900669ed18d5f34fb h3'  data-responsive-json-new='{\"font-size\":\"\",\"line-height\":\"\"}' ><h3 style=\"--font-weight:theme;margin-bottom:5px;\">CARACTER\u00cdSTICAS<\/h3><\/div><div class=\"uvc-heading-spacer line_only\" style=\"margin-bottom:20px;height:4px;\"><span class=\"uvc-headings-line\" style=\"border-style:solid;border-bottom-width:4px;border-color:#ccc;width:200px;\"><\/span><\/div><div class=\"uvc-sub-heading ult-responsive\"  data-ultimate-target='.uvc-heading.ultimate-heading-900669ed18d5f34fb .uvc-sub-heading '  data-responsive-json-new='{\"font-size\":\"\",\"line-height\":\"\"}'  style=\"font-weight:normal;\"><\/p>\n<h3><\/h3>\n<p><\/div><\/div>[vc_column_text]<\/p>\n<ul>\n<li style=\"text-align: justify;\">Chorro plano uniforme de gran impacto.<\/li>\n<li style=\"text-align: justify;\">\u00c1ngulo de pulverizaci\u00f3n de 0\u00b0 a 65\u00b0.<\/li>\n<li style=\"text-align: justify;\">Conexiones de \u215b\u00bb a \u00bc\u00bb.<\/li>\n<li style=\"text-align: justify;\">Caudales de 1,5 a 304 lpm.<\/li>\n<\/ul>\n<p>[\/vc_column_text][vc_column_text]Asimismo, los fabricantes de bombas y\/o sistemas de alta presi\u00f3n utilizan nuestros<a href=\"https:\/\/www.euspray.com\/es\/productos\/filtros-estaticos\/\"> filtros est\u00e1ticos<\/a> para proteger las bombas de pist\u00f3n de la entrada de arena o part\u00edculas.<\/p>\n<p style=\"text-align: justify;\">Si se trata de un sistema de gama alta o sofisticado, podemos instalar un <a href=\"https:\/\/www.euspray.com\/es\/productos\/filtros-autolimpiantes\/\">filtro autolimpiante<\/a> con las medidas adecuadas.<\/p>\n<p>[\/vc_column_text][vc_basic_grid post_type=\u00bbids\u00bb element_width=\u00bb3&#8243; item=\u00bb27461&#8243; grid_id=\u00bbvc_gid:1674229946829-22b366b9-1acc-2&#8243; include=\u00bb34748, 34761, 34789, 34795&#8243;][vc_column_text]<\/p>\n<p style=\"text-align: justify;\">Por otro lado, los filtros m\u00e1s peque\u00f1os tambi\u00e9n podr\u00edan proteger las hidrolimpiadoras de alta presi\u00f3n destinadas a trabajos espec\u00edficos o que utilizan agua no especialmente limpia.<\/p>\n<p style=\"text-align: justify;\">En cualquier caso, la instalaci\u00f3n de un filtro aumenta considerablemente la vida \u00fatil de estas m\u00e1quinas y mantiene su rendimiento a lo largo del tiempo.<\/p>\n<p>[\/vc_column_text][\/vc_column][\/vc_row]<\/p>\n","protected":false},"excerpt":{"rendered":"<p>[vc_row type=\u00bbvc_default\u00bb][vc_column css=\u00bb.vc_custom_1498229431694{padding-bottom: 50px !important;}\u00bb][vc_single_image image=\u00bb39869&#8243; img_size=\u00bbfull\u00bb][vc_column_text] En aquellos casos donde se requiera una pulverizaci\u00f3n de alta presi\u00f3n, podemos ayudarle a seleccionar las boquillas adecuadas que operar\u00e1n con la m\u00e1xima precisi\u00f3n y eficacia. Nuestras boquillas son excelentes para diferentes aplicaciones y procesos; lavado de coches, lavado a presi\u00f3n, limpieza, pulverizaci\u00f3n de pintura y mucho m\u00e1s.&hellip;<\/p>\n","protected":false},"author":1,"featured_media":0,"parent":27360,"menu_order":100,"comment_status":"closed","ping_status":"closed","template":"","meta":{"footnotes":""},"class_list":["post-27666","page","type-page","status-publish","hentry","description-off"],"yoast_head":"<!-- This site is optimized with the Yoast SEO plugin v26.8 - https:\/\/yoast.com\/product\/yoast-seo-wordpress\/ -->\n<title>Aplicaciones para hidrolimpiadoras, lava pavimentos y lava alfombras - Euspray<\/title>\n<meta name=\"robots\" content=\"index, follow, max-snippet:-1, max-image-preview:large, max-video-preview:-1\" \/>\n<link rel=\"canonical\" href=\"https:\/\/www.euspray.com\/applicazioni\/ugelli-per-idropulitrici-lavapavimenti-e-lavamoquette\/\" \/>\n<meta property=\"og:locale\" content=\"es_ES\" \/>\n<meta property=\"og:type\" content=\"article\" \/>\n<meta property=\"og:title\" content=\"Aplicaciones para hidrolimpiadoras, lava pavimentos y lava alfombras - Euspray\" \/>\n<meta property=\"og:description\" content=\"[vc_row type=\u00bbvc_default\u00bb][vc_column css=\u00bb.vc_custom_1498229431694{padding-bottom: 50px !important;}\u00bb][vc_single_image image=\u00bb39869&#8243; img_size=\u00bbfull\u00bb][vc_column_text] En aquellos casos donde se requiera una pulverizaci\u00f3n de alta presi\u00f3n, podemos ayudarle a seleccionar las boquillas adecuadas que operar\u00e1n con la m\u00e1xima precisi\u00f3n y eficacia. Nuestras boquillas son excelentes para diferentes aplicaciones y procesos; lavado de coches, lavado a presi\u00f3n, limpieza, pulverizaci\u00f3n de pintura y mucho m\u00e1s.&hellip;\" \/>\n<meta property=\"og:url\" content=\"https:\/\/www.euspray.com\/applicazioni\/ugelli-per-idropulitrici-lavapavimenti-e-lavamoquette\/\" \/>\n<meta property=\"og:site_name\" content=\"Euspray\" \/>\n<meta property=\"article:modified_time\" content=\"2023-01-20T15:58:36+00:00\" \/>\n<meta name=\"twitter:card\" content=\"summary_large_image\" \/>\n<meta name=\"twitter:label1\" content=\"Tiempo de lectura\" \/>\n\t<meta name=\"twitter:data1\" content=\"2 minutos\" \/>\n<script type=\"application\/ld+json\" class=\"yoast-schema-graph\">{\"@context\":\"https:\/\/schema.org\",\"@graph\":[{\"@type\":\"WebPage\",\"@id\":\"https:\/\/www.euspray.com\/applicazioni\/ugelli-per-idropulitrici-lavapavimenti-e-lavamoquette\/\",\"url\":\"https:\/\/www.euspray.com\/applicazioni\/ugelli-per-idropulitrici-lavapavimenti-e-lavamoquette\/\",\"name\":\"Aplicaciones para hidrolimpiadoras, lava pavimentos y lava alfombras - Euspray\",\"isPartOf\":{\"@id\":\"https:\/\/www.euspray.com\/es\/#website\"},\"datePublished\":\"2021-11-26T08:16:59+00:00\",\"dateModified\":\"2023-01-20T15:58:36+00:00\",\"breadcrumb\":{\"@id\":\"https:\/\/www.euspray.com\/applicazioni\/ugelli-per-idropulitrici-lavapavimenti-e-lavamoquette\/#breadcrumb\"},\"inLanguage\":\"es\",\"potentialAction\":[{\"@type\":\"ReadAction\",\"target\":[\"https:\/\/www.euspray.com\/applicazioni\/ugelli-per-idropulitrici-lavapavimenti-e-lavamoquette\/\"]}]},{\"@type\":\"BreadcrumbList\",\"@id\":\"https:\/\/www.euspray.com\/applicazioni\/ugelli-per-idropulitrici-lavapavimenti-e-lavamoquette\/#breadcrumb\",\"itemListElement\":[{\"@type\":\"ListItem\",\"position\":1,\"name\":\"Home\",\"item\":\"https:\/\/www.euspray.com\/es\/\"},{\"@type\":\"ListItem\",\"position\":2,\"name\":\"Aplicaciones\",\"item\":\"https:\/\/www.euspray.com\/es\/aplicaciones\/\"},{\"@type\":\"ListItem\",\"position\":3,\"name\":\"Aplicaciones para hidrolimpiadoras, lava pavimentos y lava alfombras\"}]},{\"@type\":\"WebSite\",\"@id\":\"https:\/\/www.euspray.com\/es\/#website\",\"url\":\"https:\/\/www.euspray.com\/es\/\",\"name\":\"Euspray\",\"description\":\"Ugelli, teste di lavaggio e filtri\",\"potentialAction\":[{\"@type\":\"SearchAction\",\"target\":{\"@type\":\"EntryPoint\",\"urlTemplate\":\"https:\/\/www.euspray.com\/es\/?s={search_term_string}\"},\"query-input\":{\"@type\":\"PropertyValueSpecification\",\"valueRequired\":true,\"valueName\":\"search_term_string\"}}],\"inLanguage\":\"es\"}]}<\/script>\n<!-- \/ Yoast SEO plugin. -->","yoast_head_json":{"title":"Aplicaciones para hidrolimpiadoras, lava pavimentos y lava alfombras - Euspray","robots":{"index":"index","follow":"follow","max-snippet":"max-snippet:-1","max-image-preview":"max-image-preview:large","max-video-preview":"max-video-preview:-1"},"canonical":"https:\/\/www.euspray.com\/applicazioni\/ugelli-per-idropulitrici-lavapavimenti-e-lavamoquette\/","og_locale":"es_ES","og_type":"article","og_title":"Aplicaciones para hidrolimpiadoras, lava pavimentos y lava alfombras - Euspray","og_description":"[vc_row type=\u00bbvc_default\u00bb][vc_column css=\u00bb.vc_custom_1498229431694{padding-bottom: 50px !important;}\u00bb][vc_single_image image=\u00bb39869&#8243; img_size=\u00bbfull\u00bb][vc_column_text] En aquellos casos donde se requiera una pulverizaci\u00f3n de alta presi\u00f3n, podemos ayudarle a seleccionar las boquillas adecuadas que operar\u00e1n con la m\u00e1xima precisi\u00f3n y eficacia. Nuestras boquillas son excelentes para diferentes aplicaciones y procesos; lavado de coches, lavado a presi\u00f3n, limpieza, pulverizaci\u00f3n de pintura y mucho m\u00e1s.&hellip;","og_url":"https:\/\/www.euspray.com\/applicazioni\/ugelli-per-idropulitrici-lavapavimenti-e-lavamoquette\/","og_site_name":"Euspray","article_modified_time":"2023-01-20T15:58:36+00:00","twitter_card":"summary_large_image","twitter_misc":{"Tiempo de lectura":"2 minutos"},"schema":{"@context":"https:\/\/schema.org","@graph":[{"@type":"WebPage","@id":"https:\/\/www.euspray.com\/applicazioni\/ugelli-per-idropulitrici-lavapavimenti-e-lavamoquette\/","url":"https:\/\/www.euspray.com\/applicazioni\/ugelli-per-idropulitrici-lavapavimenti-e-lavamoquette\/","name":"Aplicaciones para hidrolimpiadoras, lava pavimentos y lava alfombras - Euspray","isPartOf":{"@id":"https:\/\/www.euspray.com\/es\/#website"},"datePublished":"2021-11-26T08:16:59+00:00","dateModified":"2023-01-20T15:58:36+00:00","breadcrumb":{"@id":"https:\/\/www.euspray.com\/applicazioni\/ugelli-per-idropulitrici-lavapavimenti-e-lavamoquette\/#breadcrumb"},"inLanguage":"es","potentialAction":[{"@type":"ReadAction","target":["https:\/\/www.euspray.com\/applicazioni\/ugelli-per-idropulitrici-lavapavimenti-e-lavamoquette\/"]}]},{"@type":"BreadcrumbList","@id":"https:\/\/www.euspray.com\/applicazioni\/ugelli-per-idropulitrici-lavapavimenti-e-lavamoquette\/#breadcrumb","itemListElement":[{"@type":"ListItem","position":1,"name":"Home","item":"https:\/\/www.euspray.com\/es\/"},{"@type":"ListItem","position":2,"name":"Aplicaciones","item":"https:\/\/www.euspray.com\/es\/aplicaciones\/"},{"@type":"ListItem","position":3,"name":"Aplicaciones para hidrolimpiadoras, lava pavimentos y lava alfombras"}]},{"@type":"WebSite","@id":"https:\/\/www.euspray.com\/es\/#website","url":"https:\/\/www.euspray.com\/es\/","name":"Euspray","description":"Ugelli, teste di lavaggio e filtri","potentialAction":[{"@type":"SearchAction","target":{"@type":"EntryPoint","urlTemplate":"https:\/\/www.euspray.com\/es\/?s={search_term_string}"},"query-input":{"@type":"PropertyValueSpecification","valueRequired":true,"valueName":"search_term_string"}}],"inLanguage":"es"}]}},"_links":{"self":[{"href":"https:\/\/www.euspray.com\/es\/wp-json\/wp\/v2\/pages\/27666","targetHints":{"allow":["GET"]}}],"collection":[{"href":"https:\/\/www.euspray.com\/es\/wp-json\/wp\/v2\/pages"}],"about":[{"href":"https:\/\/www.euspray.com\/es\/wp-json\/wp\/v2\/types\/page"}],"author":[{"embeddable":true,"href":"https:\/\/www.euspray.com\/es\/wp-json\/wp\/v2\/users\/1"}],"replies":[{"embeddable":true,"href":"https:\/\/www.euspray.com\/es\/wp-json\/wp\/v2\/comments?post=27666"}],"version-history":[{"count":4,"href":"https:\/\/www.euspray.com\/es\/wp-json\/wp\/v2\/pages\/27666\/revisions"}],"predecessor-version":[{"id":39892,"href":"https:\/\/www.euspray.com\/es\/wp-json\/wp\/v2\/pages\/27666\/revisions\/39892"}],"up":[{"embeddable":true,"href":"https:\/\/www.euspray.com\/es\/wp-json\/wp\/v2\/pages\/27360"}],"wp:attachment":[{"href":"https:\/\/www.euspray.com\/es\/wp-json\/wp\/v2\/media?parent=27666"}],"curies":[{"name":"wp","href":"https:\/\/api.w.org\/{rel}","templated":true}]}}