{"id":27651,"date":"2021-11-24T07:23:55","date_gmt":"2021-11-24T07:23:55","guid":{"rendered":"https:\/\/www.euspray.com\/aplicaciones\/ugelli-antincendio-per-impianti-di-rilevazione-incendio\/"},"modified":"2024-02-26T14:35:18","modified_gmt":"2024-02-26T14:35:18","slug":"sistemas-contra-incendios","status":"publish","type":"page","link":"https:\/\/www.euspray.com\/es\/aplicaciones\/sistemas-contra-incendios\/","title":{"rendered":"\u00bfCu\u00e1les son los principales sistemas contra incendios?"},"content":{"rendered":"<p>[vc_row type=\u00bbvc_default\u00bb][vc_column css=\u00bb.vc_custom_1498229431694{padding-bottom: 50px !important;}\u00bb][vc_column_text]<\/p>\n<p style=\"text-align: justify;\">Dentro de nuestra amplia variedad de boquillas pulverizadoras, Euspray dispone de diferentes tipos que son especialmente adecuadas para protecci\u00f3n y extinci\u00f3n contra incendios. Encuentra tu mejor soluci\u00f3n!<\/p>\n<p>[\/vc_column_text]<div id=\"ultimate-heading-55969ebc18e5a54c\" class=\"uvc-heading ult-adjust-bottom-margin ultimate-heading-55969ebc18e5a54c uvc-2481 accent-border-color\" data-hspacer=\"line_only\"  data-halign=\"left\" style=\"text-align:left\"><div class=\"uvc-main-heading ult-responsive\"  data-ultimate-target='.uvc-heading.ultimate-heading-55969ebc18e5a54c h2'  data-responsive-json-new='{\"font-size\":\"desktop:23px;\",\"line-height\":\"desktop:32px;\"}' ><h2 style=\"font-weight:bold;margin-bottom:5px;\">PROTECCI\u00d3N CONTRA INCENDIOS MEDIANTE INUNDACI\u00d3N<\/h2><\/div><div class=\"uvc-heading-spacer line_only\" style=\"margin-bottom:20px;height:4px;\"><span class=\"uvc-headings-line\" style=\"border-style:solid;border-bottom-width:4px;border-color:#ccc;width:200px;\"><\/span><\/div><\/div>[vc_column_text]<\/p>\n<div class=\"tm_pb_text tm_pb_module tm_pb_bg_layout_light tm_pb_text_align_left tm_pb_text_0\">\n<p style=\"text-align: justify;\">Este sistema de protecci\u00f3n se utiliza en casos en los que se requieren grandes cantidades de agua ya sea para extinci\u00f3n directa, control de llamas o enfriamiento en plataformas offshore, tanques de almacenamiento o dep\u00f3sitos de l\u00edquidos inflamables y\/o peligrosos.<\/p>\n<\/div>\n<p>[\/vc_column_text][vc_basic_grid post_type=\u00bbids\u00bb style=\u00bblazy\u00bb gap=\u00bb10&#8243; item=\u00bb27461&#8243; grid_id=\u00bbvc_gid:1666692143307-5529d65e-9ef7-4&#8243; include=\u00bb34234, 34318, 37291&#8243;]<div id=\"ultimate-heading-203769ebc18e5a648\" class=\"uvc-heading ult-adjust-bottom-margin ultimate-heading-203769ebc18e5a648 uvc-5503 accent-border-color\" data-hspacer=\"line_only\"  data-halign=\"left\" style=\"text-align:left\"><div class=\"uvc-main-heading ult-responsive\"  data-ultimate-target='.uvc-heading.ultimate-heading-203769ebc18e5a648 h2'  data-responsive-json-new='{\"font-size\":\"desktop:23px;\",\"line-height\":\"desktop:32px;\"}' ><h2 style=\"font-weight:bold;margin-bottom:5px;\">PROTECCI\u00d3N CONTRA INCENDIOS MEDIANTE ESPUMA<\/h2><\/div><div class=\"uvc-heading-spacer line_only\" style=\"margin-bottom:20px;height:4px;\"><span class=\"uvc-headings-line\" style=\"border-style:solid;border-bottom-width:4px;border-color:#ccc;width:200px;\"><\/span><\/div><\/div>[vc_column_text]<\/p>\n<div class=\"tm_pb_text tm_pb_module tm_pb_bg_layout_light tm_pb_text_align_left tm_pb_text_1\">\n<p style=\"text-align: justify;\">Los sistemas de extinci\u00f3n por espuma son uno de los sistemas m\u00e1s eficaces para la extinci\u00f3n de incendios que involucran l\u00edquidos inflamables y combustibles.<\/p>\n<\/div>\n<p>[\/vc_column_text][vc_basic_grid post_type=\u00bbids\u00bb style=\u00bblazy\u00bb gap=\u00bb10&#8243; item=\u00bb27461&#8243; grid_id=\u00bbvc_gid:1666692143308-e6053c84-ef83-5&#8243; include=\u00bb37852, 37875, 37905&#8243;]<div id=\"ultimate-heading-817069ebc18e5a6d1\" class=\"uvc-heading ult-adjust-bottom-margin ultimate-heading-817069ebc18e5a6d1 uvc-7159 accent-border-color\" data-hspacer=\"line_only\"  data-halign=\"left\" style=\"text-align:left\"><div class=\"uvc-main-heading ult-responsive\"  data-ultimate-target='.uvc-heading.ultimate-heading-817069ebc18e5a6d1 h2'  data-responsive-json-new='{\"font-size\":\"desktop:23px;\",\"line-height\":\"desktop:32px;\"}' ><h2 style=\"font-weight:bold;margin-bottom:5px;\">EXTINCI\u00d3N DE INCENDIOS MEDIANTE SISTEMA WATER MIST<\/h2><\/div><div class=\"uvc-heading-spacer line_only\" style=\"margin-bottom:20px;height:4px;\"><span class=\"uvc-headings-line\" style=\"border-style:solid;border-bottom-width:4px;border-color:#ccc;width:200px;\"><\/span><\/div><\/div>[vc_column_text]<\/p>\n<div class=\"tm_pb_text tm_pb_module tm_pb_bg_layout_light tm_pb_text_align_left tm_pb_text_2\">\n<p style=\"text-align: justify;\">Los sistemas water mist para la extinci\u00f3n de incendios son una nueva tecnolog\u00eda desarrollada en las \u00faltimas d\u00e9cadas. Las boquillas contra incendios water mist utilizan presi\u00f3n hidr\u00e1ulica o aire comprimido para pulverizar agua en peque\u00f1as gotas, lo que permite que el agua nebulizada controle, suprima o extinga los incendios de manera eficaz.<\/p>\n<\/div>\n<p>[\/vc_column_text][vc_basic_grid post_type=\u00bbids\u00bb style=\u00bblazy\u00bb gap=\u00bb10&#8243; item=\u00bb27461&#8243; grid_id=\u00bbvc_gid:1666692143309-0f8f7f08-8bac-8&#8243; include=\u00bb33735, 37917, 37969&#8243;]<div id=\"ultimate-heading-822369ebc18e5a741\" class=\"uvc-heading ult-adjust-bottom-margin ultimate-heading-822369ebc18e5a741 uvc-2941 accent-border-color\" data-hspacer=\"line_only\"  data-halign=\"left\" style=\"text-align:left\"><div class=\"uvc-main-heading ult-responsive\"  data-ultimate-target='.uvc-heading.ultimate-heading-822369ebc18e5a741 h2'  data-responsive-json-new='{\"font-size\":\"desktop:23px;\",\"line-height\":\"desktop:32px;\"}' ><h2 style=\"font-weight:bold;margin-bottom:2px;\">PROTECCI\u00d3N CONTRA INCENDIOS MEDIANTE BARRERAS DE AGUA<\/h2><\/div><div class=\"uvc-heading-spacer line_only\" style=\"margin-bottom:20px;height:4px;\"><span class=\"uvc-headings-line\" style=\"border-style:solid;border-bottom-width:4px;border-color:#ccc;width:200px;\"><\/span><\/div><\/div>[vc_column_text]<\/p>\n<div class=\"tm_pb_text tm_pb_module tm_pb_bg_layout_light tm_pb_text_align_left tm_pb_text_3\">\n<p style=\"text-align: justify;\">Este sistema de protecci\u00f3n se utiliza el agua como una barrera para proteger a personas, equipamiento y\/o estructuras de las altas temperaturas, de los gases nocivos, y las llamas provocadas por un incendio. Uno de los sistemas m\u00e1s eficientes dentro de esta familia son los sprinkler o rociadores contra incendios.<\/p>\n<\/div>\n<p>[\/vc_column_text][vc_basic_grid post_type=\u00bbids\u00bb style=\u00bblazy\u00bb gap=\u00bb10&#8243; item=\u00bb27461&#8243; grid_id=\u00bbvc_gid:1666692143309-3f888f94-67ff-7&#8243; include=\u00bb33062, 32932, 38010&#8243;][\/vc_column][\/vc_row][vc_row type=\u00bbvc_default\u00bb][vc_column css=\u00bb.vc_custom_1664959188339{padding-bottom: 10px !important;background-color: #efefef !important;}\u00bb][vc_column_text css_animation=\u00bbnone\u00bb css=\u00bb.vc_custom_1666692272255{background-color: #efefef !important;}\u00bb]<\/p>\n<h3>DESCARGUE NUESTRO CAT\u00c1LOGO DE PRODUCTOS CONTRA INCENDIOS<\/h3>\n<p>[\/vc_column_text][vc_btn title=\u00bbRelated PDFs\u00bb color=\u00bbprimary\u00bb i_icon_fontawesome=\u00bbfas fa-file-pdf\u00bb add_icon=\u00bbtrue\u00bb link=\u00bburl:https%3A%2F%2Fwww.euspray.com%2Fdownload%2Ffire-prevention-catalogue%2F%3Fwpdmdl%3D28185%26masterkey%3D621dd5ca33642&#8243;][\/vc_column][\/vc_row][vc_row][vc_column][vc_empty_space height=\u00bb30px\u00bb]<div class=\"ult-spacer spacer-69ebc18e5a7a4\" data-id=\"69ebc18e5a7a4\" data-height=\"20\" data-height-mobile=\"10\" data-height-tab=\"20\" data-height-tab-portrait=\"20\" data-height-mobile-landscape=\"10\" style=\"clear:both;display:block;\"><\/div>[vc_custom_heading text=\u00bb\u00bfEst\u00e1s interesado en alguno de estos productos?\u00bb font_container=\u00bbtag:h3|text_align:left\u00bb use_theme_fonts=\u00bbyes\u00bb css=\u00bb.vc_custom_1666098172970{padding-top: 10px !important;padding-right: 10px !important;padding-bottom: 10px !important;padding-left: 10px !important;background-color: #3891ff !important;}\u00bb][vc_custom_heading text=\u00bb\u00a1Cont\u00e1ctanos, encuentra tu mejor soluci\u00f3n!\u00bb font_container=\u00bbtag:h5|text_align:left\u00bb use_theme_fonts=\u00bbyes\u00bb]<div class=\"ult-spacer spacer-69ebc18e5a7e2\" data-id=\"69ebc18e5a7e2\" data-height=\"20\" data-height-mobile=\"10\" data-height-tab=\"20\" data-height-tab-portrait=\"20\" data-height-mobile-landscape=\"10\" style=\"clear:both;display:block;\"><\/div>\n<div class=\"wpcf7 no-js\" id=\"wpcf7-f36542-o1\" lang=\"es-ES\" dir=\"ltr\" data-wpcf7-id=\"36542\">\n<div class=\"screen-reader-response\"><p role=\"status\" aria-live=\"polite\" aria-atomic=\"true\"><\/p> <ul><\/ul><\/div>\n<form action=\"\/es\/wp-json\/wp\/v2\/pages\/27651#wpcf7-f36542-o1\" method=\"post\" class=\"wpcf7-form init\" aria-label=\"Formulario de contacto\" novalidate=\"novalidate\" data-status=\"init\">\n<fieldset class=\"hidden-fields-container\"><input type=\"hidden\" name=\"_wpcf7\" value=\"36542\" \/><input type=\"hidden\" name=\"_wpcf7_version\" value=\"6.1.4\" \/><input type=\"hidden\" name=\"_wpcf7_locale\" value=\"es_ES\" \/><input type=\"hidden\" name=\"_wpcf7_unit_tag\" value=\"wpcf7-f36542-o1\" \/><input type=\"hidden\" name=\"_wpcf7_container_post\" value=\"0\" \/><input type=\"hidden\" name=\"_wpcf7_posted_data_hash\" value=\"\" \/><input type=\"hidden\" name=\"_wpcf7_recaptcha_response\" value=\"\" \/>\n<\/fieldset>\n<p><label> Nombre<br \/>\n<span class=\"wpcf7-form-control-wrap\" data-name=\"your-name\"><input size=\"40\" maxlength=\"400\" class=\"wpcf7-form-control wpcf7-text wpcf7-validates-as-required\" aria-required=\"true\" aria-invalid=\"false\" value=\"\" type=\"text\" name=\"your-name\" \/><\/span> <\/label>\n<\/p>\n<p><label> Email<br \/>\n<span class=\"wpcf7-form-control-wrap\" data-name=\"your-email\"><input size=\"40\" maxlength=\"400\" class=\"wpcf7-form-control wpcf7-email wpcf7-validates-as-required wpcf7-text wpcf7-validates-as-email\" aria-required=\"true\" aria-invalid=\"false\" value=\"\" type=\"email\" name=\"your-email\" \/><\/span> <\/label>\n<\/p>\n<p><label> Asunto<br \/>\n<span class=\"wpcf7-form-control-wrap\" data-name=\"your-subject\"><input size=\"40\" maxlength=\"400\" class=\"wpcf7-form-control wpcf7-text wpcf7-validates-as-required\" aria-required=\"true\" aria-invalid=\"false\" value=\"\" type=\"text\" name=\"your-subject\" \/><\/span> <\/label>\n<\/p>\n<p><label> mensaje<br \/>\n<span class=\"wpcf7-form-control-wrap\" data-name=\"your-message\"><textarea cols=\"40\" rows=\"10\" maxlength=\"2000\" class=\"wpcf7-form-control wpcf7-textarea\" aria-invalid=\"false\" name=\"your-message\"><\/textarea><\/span> <\/label>\n<\/p>\n<p><input class=\"wpcf7-form-control wpcf7-submit has-spinner\" type=\"submit\" value=\"Enviar\" \/>\n<\/p><div class=\"wpcf7-response-output\" aria-hidden=\"true\"><\/div>\n<\/form>\n<\/div>\n\r\n\t\t\t\t<script>\r\n\t\t\t\tif ( typeof huOptions !== 'undefined' ) {\r\n\t\t\t\t\tvar huFormData = {\"source\":\"contactform7\",\"id\":36542,\"title\":\"Contact module\",\"fields\":{\"subject\":{\"first_name\":\"your-name\",\"email\":\"your-email\"},\"preferences\":{\"terms\":\"your-consent\"}}};\r\n\t\t\t\t\tvar huFormNode = document.querySelector( '[id^=\"wpcf7-f28282-\"] form' );\r\n\r\n\t\t\t\t\thuFormData['node'] = huFormNode;\r\n\t\t\t\t\thuOptions['forms'].push( huFormData );\r\n\t\t\t\t}\r\n\t\t\t\t<\/script>[\/vc_column][\/vc_row]<\/p>\n","protected":false},"excerpt":{"rendered":"<p>[vc_row type=\u00bbvc_default\u00bb][vc_column css=\u00bb.vc_custom_1498229431694{padding-bottom: 50px !important;}\u00bb][vc_column_text] Dentro de nuestra amplia variedad de boquillas pulverizadoras, Euspray dispone de diferentes tipos que son especialmente adecuadas para protecci\u00f3n y extinci\u00f3n contra incendios. Encuentra tu mejor soluci\u00f3n! [\/vc_column_text][vc_column_text] Este sistema de protecci\u00f3n se utiliza en casos en los que se requieren grandes cantidades de agua ya sea para extinci\u00f3n directa,&hellip;<\/p>\n","protected":false},"author":1,"featured_media":0,"parent":27360,"menu_order":100,"comment_status":"closed","ping_status":"closed","template":"","meta":{"footnotes":""},"class_list":["post-27651","page","type-page","status-publish","hentry","description-off"],"yoast_head":"<!-- This site is optimized with the Yoast SEO plugin v26.8 - https:\/\/yoast.com\/product\/yoast-seo-wordpress\/ -->\n<title>\u00bfCu\u00e1les son los principales sistemas contra incendios? - Euspray<\/title>\n<meta name=\"robots\" content=\"index, follow, max-snippet:-1, max-image-preview:large, max-video-preview:-1\" \/>\n<link rel=\"canonical\" href=\"https:\/\/www.euspray.com\/applicazioni\/ugelli-antincendio-per-impianti-di-rilevazione-incendio\/\" \/>\n<meta property=\"og:locale\" content=\"es_ES\" \/>\n<meta property=\"og:type\" content=\"article\" \/>\n<meta property=\"og:title\" content=\"\u00bfCu\u00e1les son los principales sistemas contra incendios? - Euspray\" \/>\n<meta property=\"og:description\" content=\"[vc_row type=\u00bbvc_default\u00bb][vc_column css=\u00bb.vc_custom_1498229431694{padding-bottom: 50px !important;}\u00bb][vc_column_text] Dentro de nuestra amplia variedad de boquillas pulverizadoras, Euspray dispone de diferentes tipos que son especialmente adecuadas para protecci\u00f3n y extinci\u00f3n contra incendios. Encuentra tu mejor soluci\u00f3n! [\/vc_column_text][vc_column_text] Este sistema de protecci\u00f3n se utiliza en casos en los que se requieren grandes cantidades de agua ya sea para extinci\u00f3n directa,&hellip;\" \/>\n<meta property=\"og:url\" content=\"https:\/\/www.euspray.com\/applicazioni\/ugelli-antincendio-per-impianti-di-rilevazione-incendio\/\" \/>\n<meta property=\"og:site_name\" content=\"Euspray\" \/>\n<meta property=\"article:modified_time\" content=\"2024-02-26T14:35:18+00:00\" \/>\n<meta name=\"twitter:card\" content=\"summary_large_image\" \/>\n<meta name=\"twitter:label1\" content=\"Tiempo de lectura\" \/>\n\t<meta name=\"twitter:data1\" content=\"4 minutos\" \/>\n<script type=\"application\/ld+json\" class=\"yoast-schema-graph\">{\"@context\":\"https:\/\/schema.org\",\"@graph\":[{\"@type\":\"WebPage\",\"@id\":\"https:\/\/www.euspray.com\/applicazioni\/ugelli-antincendio-per-impianti-di-rilevazione-incendio\/\",\"url\":\"https:\/\/www.euspray.com\/applicazioni\/ugelli-antincendio-per-impianti-di-rilevazione-incendio\/\",\"name\":\"\u00bfCu\u00e1les son los principales sistemas contra incendios? - Euspray\",\"isPartOf\":{\"@id\":\"https:\/\/www.euspray.com\/es\/#website\"},\"datePublished\":\"2021-11-24T07:23:55+00:00\",\"dateModified\":\"2024-02-26T14:35:18+00:00\",\"breadcrumb\":{\"@id\":\"https:\/\/www.euspray.com\/applicazioni\/ugelli-antincendio-per-impianti-di-rilevazione-incendio\/#breadcrumb\"},\"inLanguage\":\"es\",\"potentialAction\":[{\"@type\":\"ReadAction\",\"target\":[\"https:\/\/www.euspray.com\/applicazioni\/ugelli-antincendio-per-impianti-di-rilevazione-incendio\/\"]}]},{\"@type\":\"BreadcrumbList\",\"@id\":\"https:\/\/www.euspray.com\/applicazioni\/ugelli-antincendio-per-impianti-di-rilevazione-incendio\/#breadcrumb\",\"itemListElement\":[{\"@type\":\"ListItem\",\"position\":1,\"name\":\"Home\",\"item\":\"https:\/\/www.euspray.com\/es\/\"},{\"@type\":\"ListItem\",\"position\":2,\"name\":\"Aplicaciones\",\"item\":\"https:\/\/www.euspray.com\/es\/aplicaciones\/\"},{\"@type\":\"ListItem\",\"position\":3,\"name\":\"\u00bfCu\u00e1les son los principales sistemas contra incendios?\"}]},{\"@type\":\"WebSite\",\"@id\":\"https:\/\/www.euspray.com\/es\/#website\",\"url\":\"https:\/\/www.euspray.com\/es\/\",\"name\":\"Euspray\",\"description\":\"Ugelli, teste di lavaggio e filtri\",\"potentialAction\":[{\"@type\":\"SearchAction\",\"target\":{\"@type\":\"EntryPoint\",\"urlTemplate\":\"https:\/\/www.euspray.com\/es\/?s={search_term_string}\"},\"query-input\":{\"@type\":\"PropertyValueSpecification\",\"valueRequired\":true,\"valueName\":\"search_term_string\"}}],\"inLanguage\":\"es\"}]}<\/script>\n<!-- \/ Yoast SEO plugin. -->","yoast_head_json":{"title":"\u00bfCu\u00e1les son los principales sistemas contra incendios? - Euspray","robots":{"index":"index","follow":"follow","max-snippet":"max-snippet:-1","max-image-preview":"max-image-preview:large","max-video-preview":"max-video-preview:-1"},"canonical":"https:\/\/www.euspray.com\/applicazioni\/ugelli-antincendio-per-impianti-di-rilevazione-incendio\/","og_locale":"es_ES","og_type":"article","og_title":"\u00bfCu\u00e1les son los principales sistemas contra incendios? - Euspray","og_description":"[vc_row type=\u00bbvc_default\u00bb][vc_column css=\u00bb.vc_custom_1498229431694{padding-bottom: 50px !important;}\u00bb][vc_column_text] Dentro de nuestra amplia variedad de boquillas pulverizadoras, Euspray dispone de diferentes tipos que son especialmente adecuadas para protecci\u00f3n y extinci\u00f3n contra incendios. Encuentra tu mejor soluci\u00f3n! [\/vc_column_text][vc_column_text] Este sistema de protecci\u00f3n se utiliza en casos en los que se requieren grandes cantidades de agua ya sea para extinci\u00f3n directa,&hellip;","og_url":"https:\/\/www.euspray.com\/applicazioni\/ugelli-antincendio-per-impianti-di-rilevazione-incendio\/","og_site_name":"Euspray","article_modified_time":"2024-02-26T14:35:18+00:00","twitter_card":"summary_large_image","twitter_misc":{"Tiempo de lectura":"4 minutos"},"schema":{"@context":"https:\/\/schema.org","@graph":[{"@type":"WebPage","@id":"https:\/\/www.euspray.com\/applicazioni\/ugelli-antincendio-per-impianti-di-rilevazione-incendio\/","url":"https:\/\/www.euspray.com\/applicazioni\/ugelli-antincendio-per-impianti-di-rilevazione-incendio\/","name":"\u00bfCu\u00e1les son los principales sistemas contra incendios? - Euspray","isPartOf":{"@id":"https:\/\/www.euspray.com\/es\/#website"},"datePublished":"2021-11-24T07:23:55+00:00","dateModified":"2024-02-26T14:35:18+00:00","breadcrumb":{"@id":"https:\/\/www.euspray.com\/applicazioni\/ugelli-antincendio-per-impianti-di-rilevazione-incendio\/#breadcrumb"},"inLanguage":"es","potentialAction":[{"@type":"ReadAction","target":["https:\/\/www.euspray.com\/applicazioni\/ugelli-antincendio-per-impianti-di-rilevazione-incendio\/"]}]},{"@type":"BreadcrumbList","@id":"https:\/\/www.euspray.com\/applicazioni\/ugelli-antincendio-per-impianti-di-rilevazione-incendio\/#breadcrumb","itemListElement":[{"@type":"ListItem","position":1,"name":"Home","item":"https:\/\/www.euspray.com\/es\/"},{"@type":"ListItem","position":2,"name":"Aplicaciones","item":"https:\/\/www.euspray.com\/es\/aplicaciones\/"},{"@type":"ListItem","position":3,"name":"\u00bfCu\u00e1les son los principales sistemas contra incendios?"}]},{"@type":"WebSite","@id":"https:\/\/www.euspray.com\/es\/#website","url":"https:\/\/www.euspray.com\/es\/","name":"Euspray","description":"Ugelli, teste di lavaggio e filtri","potentialAction":[{"@type":"SearchAction","target":{"@type":"EntryPoint","urlTemplate":"https:\/\/www.euspray.com\/es\/?s={search_term_string}"},"query-input":{"@type":"PropertyValueSpecification","valueRequired":true,"valueName":"search_term_string"}}],"inLanguage":"es"}]}},"_links":{"self":[{"href":"https:\/\/www.euspray.com\/es\/wp-json\/wp\/v2\/pages\/27651","targetHints":{"allow":["GET"]}}],"collection":[{"href":"https:\/\/www.euspray.com\/es\/wp-json\/wp\/v2\/pages"}],"about":[{"href":"https:\/\/www.euspray.com\/es\/wp-json\/wp\/v2\/types\/page"}],"author":[{"embeddable":true,"href":"https:\/\/www.euspray.com\/es\/wp-json\/wp\/v2\/users\/1"}],"replies":[{"embeddable":true,"href":"https:\/\/www.euspray.com\/es\/wp-json\/wp\/v2\/comments?post=27651"}],"version-history":[{"count":29,"href":"https:\/\/www.euspray.com\/es\/wp-json\/wp\/v2\/pages\/27651\/revisions"}],"predecessor-version":[{"id":45682,"href":"https:\/\/www.euspray.com\/es\/wp-json\/wp\/v2\/pages\/27651\/revisions\/45682"}],"up":[{"embeddable":true,"href":"https:\/\/www.euspray.com\/es\/wp-json\/wp\/v2\/pages\/27360"}],"wp:attachment":[{"href":"https:\/\/www.euspray.com\/es\/wp-json\/wp\/v2\/media?parent=27651"}],"curies":[{"name":"wp","href":"https:\/\/api.w.org\/{rel}","templated":true}]}}