{"id":27345,"date":"2021-12-03T08:05:05","date_gmt":"2021-12-03T08:05:05","guid":{"rendered":"https:\/\/www.euspray.com\/prodotti\/ugelli-a-getto-piatto\/"},"modified":"2024-02-16T14:27:02","modified_gmt":"2024-02-16T14:27:02","slug":"boquillas-de-salida-plana","status":"publish","type":"page","link":"https:\/\/www.euspray.com\/es\/productos\/boquillas-de-salida-plana\/","title":{"rendered":"Boquillas de salida plana"},"content":{"rendered":"<p>[vc_row type=\u00bbvc_default\u00bb][vc_column css=\u00bb.vc_custom_1498229431694{padding-bottom: 50px !important;}\u00bb]<div id=\"ultimate-heading-251269ec831ecf171\" class=\"uvc-heading ult-adjust-bottom-margin ultimate-heading-251269ec831ecf171 uvc-8298 accent-border-color uvc-heading-default-font-sizes\" data-hspacer=\"line_only\"  data-halign=\"left\" style=\"text-align:left\"><div class=\"uvc-main-heading ult-responsive\"  data-ultimate-target='.uvc-heading.ultimate-heading-251269ec831ecf171 h2'  data-responsive-json-new='{\"font-size\":\"\",\"line-height\":\"\"}' ><h2 style=\"--font-weight:theme;margin-bottom:5px;\">Boquillas de salida plana<\/h2><\/div><div class=\"uvc-heading-spacer line_only\" style=\"margin-bottom:20px;height:4px;\"><span class=\"uvc-headings-line\" style=\"border-style:solid;border-bottom-width:4px;border-color:#ccc;width:200px;\"><\/span><\/div><\/div>[vc_column_text]<\/p>\n<p style=\"text-align: justify;\">Este tipo de boquillas garantizan una distribuci\u00f3n uniforme en toda el \u00e1rea cubierta, que, en este caso, tiene forma de elipse o abanico y cuyas dimensiones depender\u00e1n siempre del \u00e1ngulo de pulverizaci\u00f3n de la boquilla.<\/p>\n<p style=\"text-align: justify;\">Las boquillas de chorro plano o de salida plana son especialmente adecuadas para procesos de lavado y limpieza, recubrimiento y sistemas de humidificaci\u00f3n.<\/p>\n<p>[\/vc_column_text][vc_basic_grid post_type=\u00bbpost\u00bb max_items=\u00bb-1&#8243; element_width=\u00bb3&#8243; gap=\u00bb20&#8243; item=\u00bb27461&#8243; grid_id=\u00bbvc_gid:1708093551253-ee4ed5d0-1977-10&#8243; taxonomies=\u00bb1217&#8243;]<div id=\"ultimate-heading-274469ec831ecf216\" class=\"uvc-heading ult-adjust-bottom-margin ultimate-heading-274469ec831ecf216 uvc-9842 accent-border-color uvc-heading-default-font-sizes\" data-hspacer=\"line_only\"  data-halign=\"left\" style=\"text-align:left\"><div class=\"uvc-main-heading ult-responsive\"  data-ultimate-target='.uvc-heading.ultimate-heading-274469ec831ecf216 h3'  data-responsive-json-new='{\"font-size\":\"\",\"line-height\":\"\"}' ><h3 style=\"--font-weight:theme;margin-bottom:5px;\">Boquilla pulverizadora: informaci\u00f3n general<\/h3><\/div><div class=\"uvc-heading-spacer line_only\" style=\"margin-bottom:20px;height:4px;\"><span class=\"uvc-headings-line\" style=\"border-style:solid;border-bottom-width:4px;border-color:#ccc;width:200px;\"><\/span><\/div><\/div>[vc_column_text]<\/p>\n<div class=\"entry-content\">\n<div id=\"tm_builder_outer_content\" class=\"tm_builder_outer_content\">\n<div class=\"tm_builder_inner_content tm_pb_gutters3\">\n<div class=\"tm_pb_section tm_pb_section_0 tm_section_regular tm_section_transparent\">\n<div class=\"container\">\n<div class=\" row tm_pb_row tm_pb_row_0\">\n<div class=\"tm_pb_column tm_pb_column_4_4 tm_pb_column_0 col-xs-12 col-sm-12 col-md-12 col-xl-12 col-lg-12 tm_pb_vertical_alligment_start\">\n<div class=\"tm_pb_text tm_pb_module tm_pb_bg_layout_light tm_pb_text_align_left tm_pb_text_0\">\n<p style=\"text-align: justify;\">La boquilla de pulverizaci\u00f3n transforma la energ\u00eda total de una vena l\u00edquida en energ\u00eda cin\u00e9tica. Esta energ\u00eda se utiliza para descomponer la vena l\u00edquida en peque\u00f1as part\u00edculas y distribuirlas de manera uniforme de acuerdo con la secci\u00f3n deseada.<\/p>\n<p style=\"text-align: justify;\">Los elementos esenciales para clasificar el tipo de boquilla son: el caudal, el tipo de pulverizaci\u00f3n y el \u00e1ngulo de pulverizaci\u00f3n.<\/p>\n<p style=\"text-align: justify;\">El caudal se determina por el di\u00e1metro interno de paso y la presi\u00f3n ejercida.<\/p>\n<p style=\"text-align: justify;\">La tipolog\u00eda de pulverizaci\u00f3n se identifica en tres formas diferentes:<\/p>\n<ul style=\"text-align: justify;\">\n<li>Cono hueco<\/li>\n<li>Cono lleno<\/li>\n<li>Chorro plano<\/li>\n<\/ul>\n<p style=\"text-align: justify;\">Adem\u00e1s de las boquillas en esta p\u00e1gina, y para satisfacer mejor las necesidades de nuestros clientes, estamos disponibles para personalizar cada solicitud.<\/p>\n<p style=\"text-align: justify;\">\u00a1Cont\u00e1ctanos y encuentra la mejor soluci\u00f3n para ti!<\/p>\n<p style=\"text-align: justify;\">Para m\u00e1s informaci\u00f3n:<\/p>\n<p style=\"text-align: justify;\">correo electr\u00f3nico: export@euspray.com<\/p>\n<p style=\"text-align: justify;\">tel. +34934773846<\/p>\n<p style=\"text-align: justify;\">Para ver nuestros cat\u00e1logos\u00a0<a href=\"https:\/\/www.euspray.com\/es\/catalogos\/\">pinchar aqu\u00ed<\/a>.<\/p>\n<\/div>\n<\/div>\n<\/div>\n<\/div>\n<\/div>\n<\/div>\n<\/div>\n<\/div>\n<p>[\/vc_column_text][vc_empty_space height=\u00bb15px\u00bb][\/vc_column][\/vc_row]<\/p>\n","protected":false},"excerpt":{"rendered":"<p>[vc_row type=\u00bbvc_default\u00bb][vc_column css=\u00bb.vc_custom_1498229431694{padding-bottom: 50px !important;}\u00bb][vc_column_text] Este tipo de boquillas garantizan una distribuci\u00f3n uniforme en toda el \u00e1rea cubierta, que, en este caso, tiene forma de elipse o abanico y cuyas dimensiones depender\u00e1n siempre del \u00e1ngulo de pulverizaci\u00f3n de la boquilla. Las boquillas de chorro plano o de salida plana son especialmente adecuadas para procesos de&hellip;<\/p>\n","protected":false},"author":1,"featured_media":0,"parent":27302,"menu_order":100,"comment_status":"closed","ping_status":"closed","template":"","meta":{"footnotes":""},"class_list":["post-27345","page","type-page","status-publish","hentry","description-off"],"yoast_head":"<!-- This site is optimized with the Yoast SEO plugin v26.8 - https:\/\/yoast.com\/product\/yoast-seo-wordpress\/ -->\n<title>Boquillas de salida plana - Euspray<\/title>\n<meta name=\"robots\" content=\"index, follow, max-snippet:-1, max-image-preview:large, max-video-preview:-1\" \/>\n<link rel=\"canonical\" href=\"https:\/\/www.euspray.com\/prodotti\/ugelli-a-getto-piatto\/\" \/>\n<meta property=\"og:locale\" content=\"es_ES\" \/>\n<meta property=\"og:type\" content=\"article\" \/>\n<meta property=\"og:title\" content=\"Boquillas de salida plana - Euspray\" \/>\n<meta property=\"og:description\" content=\"[vc_row type=\u00bbvc_default\u00bb][vc_column css=\u00bb.vc_custom_1498229431694{padding-bottom: 50px !important;}\u00bb][vc_column_text] Este tipo de boquillas garantizan una distribuci\u00f3n uniforme en toda el \u00e1rea cubierta, que, en este caso, tiene forma de elipse o abanico y cuyas dimensiones depender\u00e1n siempre del \u00e1ngulo de pulverizaci\u00f3n de la boquilla. Las boquillas de chorro plano o de salida plana son especialmente adecuadas para procesos de&hellip;\" \/>\n<meta property=\"og:url\" content=\"https:\/\/www.euspray.com\/prodotti\/ugelli-a-getto-piatto\/\" \/>\n<meta property=\"og:site_name\" content=\"Euspray\" \/>\n<meta property=\"article:modified_time\" content=\"2024-02-16T14:27:02+00:00\" \/>\n<meta name=\"twitter:card\" content=\"summary_large_image\" \/>\n<meta name=\"twitter:label1\" content=\"Tiempo de lectura\" \/>\n\t<meta name=\"twitter:data1\" content=\"2 minutos\" \/>\n<script type=\"application\/ld+json\" class=\"yoast-schema-graph\">{\"@context\":\"https:\/\/schema.org\",\"@graph\":[{\"@type\":\"WebPage\",\"@id\":\"https:\/\/www.euspray.com\/prodotti\/ugelli-a-getto-piatto\/\",\"url\":\"https:\/\/www.euspray.com\/prodotti\/ugelli-a-getto-piatto\/\",\"name\":\"Boquillas de salida plana - Euspray\",\"isPartOf\":{\"@id\":\"https:\/\/www.euspray.com\/es\/#website\"},\"datePublished\":\"2021-12-03T08:05:05+00:00\",\"dateModified\":\"2024-02-16T14:27:02+00:00\",\"breadcrumb\":{\"@id\":\"https:\/\/www.euspray.com\/prodotti\/ugelli-a-getto-piatto\/#breadcrumb\"},\"inLanguage\":\"es\",\"potentialAction\":[{\"@type\":\"ReadAction\",\"target\":[\"https:\/\/www.euspray.com\/prodotti\/ugelli-a-getto-piatto\/\"]}]},{\"@type\":\"BreadcrumbList\",\"@id\":\"https:\/\/www.euspray.com\/prodotti\/ugelli-a-getto-piatto\/#breadcrumb\",\"itemListElement\":[{\"@type\":\"ListItem\",\"position\":1,\"name\":\"Home\",\"item\":\"https:\/\/www.euspray.com\/es\/\"},{\"@type\":\"ListItem\",\"position\":2,\"name\":\"Productos\",\"item\":\"https:\/\/www.euspray.com\/es\/productos\/\"},{\"@type\":\"ListItem\",\"position\":3,\"name\":\"Boquillas de salida plana\"}]},{\"@type\":\"WebSite\",\"@id\":\"https:\/\/www.euspray.com\/es\/#website\",\"url\":\"https:\/\/www.euspray.com\/es\/\",\"name\":\"Euspray\",\"description\":\"Ugelli, teste di lavaggio e filtri\",\"potentialAction\":[{\"@type\":\"SearchAction\",\"target\":{\"@type\":\"EntryPoint\",\"urlTemplate\":\"https:\/\/www.euspray.com\/es\/?s={search_term_string}\"},\"query-input\":{\"@type\":\"PropertyValueSpecification\",\"valueRequired\":true,\"valueName\":\"search_term_string\"}}],\"inLanguage\":\"es\"}]}<\/script>\n<!-- \/ Yoast SEO plugin. -->","yoast_head_json":{"title":"Boquillas de salida plana - Euspray","robots":{"index":"index","follow":"follow","max-snippet":"max-snippet:-1","max-image-preview":"max-image-preview:large","max-video-preview":"max-video-preview:-1"},"canonical":"https:\/\/www.euspray.com\/prodotti\/ugelli-a-getto-piatto\/","og_locale":"es_ES","og_type":"article","og_title":"Boquillas de salida plana - Euspray","og_description":"[vc_row type=\u00bbvc_default\u00bb][vc_column css=\u00bb.vc_custom_1498229431694{padding-bottom: 50px !important;}\u00bb][vc_column_text] Este tipo de boquillas garantizan una distribuci\u00f3n uniforme en toda el \u00e1rea cubierta, que, en este caso, tiene forma de elipse o abanico y cuyas dimensiones depender\u00e1n siempre del \u00e1ngulo de pulverizaci\u00f3n de la boquilla. Las boquillas de chorro plano o de salida plana son especialmente adecuadas para procesos de&hellip;","og_url":"https:\/\/www.euspray.com\/prodotti\/ugelli-a-getto-piatto\/","og_site_name":"Euspray","article_modified_time":"2024-02-16T14:27:02+00:00","twitter_card":"summary_large_image","twitter_misc":{"Tiempo de lectura":"2 minutos"},"schema":{"@context":"https:\/\/schema.org","@graph":[{"@type":"WebPage","@id":"https:\/\/www.euspray.com\/prodotti\/ugelli-a-getto-piatto\/","url":"https:\/\/www.euspray.com\/prodotti\/ugelli-a-getto-piatto\/","name":"Boquillas de salida plana - Euspray","isPartOf":{"@id":"https:\/\/www.euspray.com\/es\/#website"},"datePublished":"2021-12-03T08:05:05+00:00","dateModified":"2024-02-16T14:27:02+00:00","breadcrumb":{"@id":"https:\/\/www.euspray.com\/prodotti\/ugelli-a-getto-piatto\/#breadcrumb"},"inLanguage":"es","potentialAction":[{"@type":"ReadAction","target":["https:\/\/www.euspray.com\/prodotti\/ugelli-a-getto-piatto\/"]}]},{"@type":"BreadcrumbList","@id":"https:\/\/www.euspray.com\/prodotti\/ugelli-a-getto-piatto\/#breadcrumb","itemListElement":[{"@type":"ListItem","position":1,"name":"Home","item":"https:\/\/www.euspray.com\/es\/"},{"@type":"ListItem","position":2,"name":"Productos","item":"https:\/\/www.euspray.com\/es\/productos\/"},{"@type":"ListItem","position":3,"name":"Boquillas de salida plana"}]},{"@type":"WebSite","@id":"https:\/\/www.euspray.com\/es\/#website","url":"https:\/\/www.euspray.com\/es\/","name":"Euspray","description":"Ugelli, teste di lavaggio e filtri","potentialAction":[{"@type":"SearchAction","target":{"@type":"EntryPoint","urlTemplate":"https:\/\/www.euspray.com\/es\/?s={search_term_string}"},"query-input":{"@type":"PropertyValueSpecification","valueRequired":true,"valueName":"search_term_string"}}],"inLanguage":"es"}]}},"_links":{"self":[{"href":"https:\/\/www.euspray.com\/es\/wp-json\/wp\/v2\/pages\/27345","targetHints":{"allow":["GET"]}}],"collection":[{"href":"https:\/\/www.euspray.com\/es\/wp-json\/wp\/v2\/pages"}],"about":[{"href":"https:\/\/www.euspray.com\/es\/wp-json\/wp\/v2\/types\/page"}],"author":[{"embeddable":true,"href":"https:\/\/www.euspray.com\/es\/wp-json\/wp\/v2\/users\/1"}],"replies":[{"embeddable":true,"href":"https:\/\/www.euspray.com\/es\/wp-json\/wp\/v2\/comments?post=27345"}],"version-history":[{"count":10,"href":"https:\/\/www.euspray.com\/es\/wp-json\/wp\/v2\/pages\/27345\/revisions"}],"predecessor-version":[{"id":45647,"href":"https:\/\/www.euspray.com\/es\/wp-json\/wp\/v2\/pages\/27345\/revisions\/45647"}],"up":[{"embeddable":true,"href":"https:\/\/www.euspray.com\/es\/wp-json\/wp\/v2\/pages\/27302"}],"wp:attachment":[{"href":"https:\/\/www.euspray.com\/es\/wp-json\/wp\/v2\/media?parent=27345"}],"curies":[{"name":"wp","href":"https:\/\/api.w.org\/{rel}","templated":true}]}}