{"id":27344,"date":"2021-12-02T11:18:27","date_gmt":"2021-12-02T11:18:27","guid":{"rendered":"https:\/\/www.euspray.com\/prodotti\/ugelli-a-cono-vuoto\/"},"modified":"2025-10-15T12:59:01","modified_gmt":"2025-10-15T12:59:01","slug":"boquillas-de-cono-hueco","status":"publish","type":"page","link":"https:\/\/www.euspray.com\/es\/productos\/boquillas-de-cono-hueco\/","title":{"rendered":"Boquillas de cono hueco"},"content":{"rendered":"<p>[vc_row type=\u00bbvc_default\u00bb css=\u00bb.vc_custom_1713882423599{padding-bottom: 10px !important;}\u00bb][vc_column css=\u00bb.vc_custom_1498229431694{padding-bottom: 50px !important;}\u00bb]<div id=\"ultimate-heading-771169ed18b6ecc38\" class=\"uvc-heading ult-adjust-bottom-margin ultimate-heading-771169ed18b6ecc38 uvc-8141 accent-border-color uvc-heading-default-font-sizes\" data-hspacer=\"line_only\"  data-halign=\"left\" style=\"text-align:left\"><div class=\"uvc-main-heading ult-responsive\"  data-ultimate-target='.uvc-heading.ultimate-heading-771169ed18b6ecc38 h1'  data-responsive-json-new='{\"font-size\":\"\",\"line-height\":\"\"}' ><h1 style=\"--font-weight:theme;margin-bottom:5px;\">BOQUILLAS DE CONO HUECO<\/h1><\/div><div class=\"uvc-heading-spacer line_only\" style=\"margin-bottom:20px;height:5px;\"><span class=\"uvc-headings-line\" style=\"border-style:solid;border-bottom-width:5px;border-color:#ccc;width:200px;\"><\/span><\/div><\/div>[vc_column_text]<\/p>\n<div id=\"BoxA2\">\n<div class=\"ProdottiIndice\">\n<div id=\"BoxA2\" class=\"last\">\n<div class=\"ProdottiIndice\">\n<div class=\"txt\">\n<p style=\"text-align: justify;\" data-pm-slice=\"1 1 []\">Las boquillas de cono hueco, como su propio nombre indica, tienen un patr\u00f3n de pulverizaci\u00f3n de las part\u00edculas en forma de anillo hueco en el centro, cuyo di\u00e1metro variar\u00e1 en funci\u00f3n de la distancia desde la boquilla y el \u00e1ngulo de pulverizaci\u00f3n de la misma.<\/p>\n<p style=\"text-align: justify;\">Com\u00fanmente, las boquillas de cono hueco se utilizan en aplicaciones que requieren la producci\u00f3n de gotas extremadamente finas. Las boquillas de cono hueco se dividen en boquillas de cono hueco axial y\u00a0 boquillas de cono hueco tangencial.<\/p>\n<\/div>\n<\/div>\n<\/div>\n<\/div>\n<\/div>\n<p>[\/vc_column_text]<div id=\"ultimate-heading-704669ed18b6eccab\" class=\"uvc-heading ult-adjust-bottom-margin ultimate-heading-704669ed18b6eccab uvc-7666 accent-border-color\" data-hspacer=\"line_only\"  data-halign=\"left\" style=\"text-align:left\"><div class=\"uvc-main-heading ult-responsive\"  data-ultimate-target='.uvc-heading.ultimate-heading-704669ed18b6eccab h2'  data-responsive-json-new='{\"font-size\":\"desktop:25px;\",\"line-height\":\"\"}' ><h2 style=\"--font-weight:theme;margin-bottom:5px;\">\u00bfC\u00f3mo se clasifican las boquillas de cono hueco?<\/h2><\/div><div class=\"uvc-heading-spacer line_only\" style=\"margin-bottom:20px;height:5px;\"><span class=\"uvc-headings-line\" style=\"border-style:solid;border-bottom-width:5px;border-color:#ccc;width:200px;\"><\/span><\/div><\/div><div id=\"ultimate-heading-631769ed18b6ecd1d\" class=\"uvc-heading ult-adjust-bottom-margin ultimate-heading-631769ed18b6ecd1d uvc-6838 accent-border-color\" data-hspacer=\"no_spacer\"  data-halign=\"left\" style=\"text-align:left\"><div class=\"uvc-heading-spacer no_spacer\" style=\"top\"><\/div><div class=\"uvc-main-heading ult-responsive\"  data-ultimate-target='.uvc-heading.ultimate-heading-631769ed18b6ecd1d h3'  data-responsive-json-new='{\"font-size\":\"desktop:18px;\",\"line-height\":\"\"}' ><h3 style=\"font-style:italic;--font-weight:theme;margin-bottom:30px;\">Boquillas de cono hueco axial<\/h3><\/div><\/div>[vc_column_text css=\u00bb.vc_custom_1760454100824{padding-bottom: 30px !important;}\u00bb]<\/p>\n<div id=\"BoxA2\">\n<div class=\"ProdottiIndice\">\n<div id=\"BoxA2\" class=\"last\">\n<div class=\"ProdottiIndice\">\n<div class=\"txt\">\n<p style=\"text-align: justify;\" data-pm-slice=\"1 1 []\"><img loading=\"lazy\" decoding=\"async\" class=\"alignleft wp-image-46008\" title=\"Pulverizaci\u00f3n boquilla cono hueco axial\" src=\"https:\/\/www.euspray.com\/wp-content\/uploads\/2024\/04\/Boquilla-cono-hueco-axial-300x225.png\" alt=\"Pulverizaci\u00f3n boquilla cono hueco axial\" width=\"251\" height=\"188\" srcset=\"https:\/\/www.euspray.com\/wp-content\/uploads\/2024\/04\/Boquilla-cono-hueco-axial-300x225.png 300w, https:\/\/www.euspray.com\/wp-content\/uploads\/2024\/04\/Boquilla-cono-hueco-axial.png 400w\" sizes=\"auto, (max-width: 251px) 100vw, 251px\" \/>Esta gama de boquillas de cono hueco se caracteriza por su flujo axial sin v\u00f3rtices con una distribuci\u00f3n uniforme del l\u00edquido pulverizado en forma de cono vac\u00edo.<\/p>\n<ul>\n<li style=\"list-style-type: none;\">\n<ul>\n<li style=\"list-style-type: none;\">\n<ul>\n<li style=\"list-style-type: none;\">\n<ul>\n<li style=\"list-style-type: none;\">\n<ul>\n<li style=\"list-style-type: none;\">\n<ul>\n<li style=\"list-style-type: none;\">\n<ul>\n<li style=\"text-align: justify;\">Pulverizaci\u00f3n con gotas m\u00e1s finas que la pulverizaci\u00f3n de cono tangencial<\/li>\n<li style=\"text-align: justify;\">Diferentes \u00e1ngulos de pulverizaci\u00f3n.<\/li>\n<\/ul>\n<\/li>\n<\/ul>\n<\/li>\n<\/ul>\n<\/li>\n<\/ul>\n<\/li>\n<\/ul>\n<\/li>\n<\/ul>\n<\/li>\n<\/ul>\n<\/div>\n<\/div>\n<\/div>\n<\/div>\n<\/div>\n<p>[\/vc_column_text]<div id=\"ultimate-heading-397469ed18b6ecd7b\" class=\"uvc-heading ult-adjust-bottom-margin ultimate-heading-397469ed18b6ecd7b uvc-1652 accent-border-color\" data-hspacer=\"no_spacer\"  data-halign=\"left\" style=\"text-align:left\"><div class=\"uvc-heading-spacer no_spacer\" style=\"top\"><\/div><div class=\"uvc-main-heading ult-responsive\"  data-ultimate-target='.uvc-heading.ultimate-heading-397469ed18b6ecd7b h3'  data-responsive-json-new='{\"font-size\":\"desktop:18px;\",\"line-height\":\"\"}' ><h3 style=\"font-style:italic;--font-weight:theme;margin-bottom:30px;\">Boquillas de cono hueco tangencial<\/h3><\/div><\/div>[vc_column_text css=\u00bb.vc_custom_1760454207607{padding-bottom: 10px !important;}\u00bb]<\/p>\n<div id=\"BoxA2\">\n<div class=\"ProdottiIndice\">\n<div id=\"BoxA2\" class=\"last\">\n<div class=\"ProdottiIndice\">\n<div class=\"txt\">\n<p style=\"text-align: justify;\" data-pm-slice=\"1 1 []\"><img loading=\"lazy\" decoding=\"async\" class=\"alignleft wp-image-46003\" title=\"Pulverizaci\u00f3n boquilla cono hueco tangencial\" src=\"https:\/\/www.euspray.com\/wp-content\/uploads\/2024\/04\/Boquilla-cono-hueco-tangencial-300x225.png\" alt=\"Pulverizaci\u00f3n boquilla cono hueco tangencial\" width=\"251\" height=\"188\" srcset=\"https:\/\/www.euspray.com\/wp-content\/uploads\/2024\/04\/Boquilla-cono-hueco-tangencial-300x225.png 300w, https:\/\/www.euspray.com\/wp-content\/uploads\/2024\/04\/Boquilla-cono-hueco-tangencial.png 400w\" sizes=\"auto, (max-width: 251px) 100vw, 251px\" \/>Esta gama de productos distribuye el flujo de forma tangencial, lo que resulta en una pulverizaci\u00f3n a 90\u00b0 con respecto a la entrada del l\u00edquido. Este tipo de pulverizaci\u00f3n se logra mediante la entrada tangencial del l\u00edquido en la c\u00e1mara de turbulencia. En la salida del orificio de la boquilla, se obtiene una pulverizaci\u00f3n de cono hueco finamente atomizada y\u00a0 distribuida de manera uniforme.<\/p>\n<ul>\n<li style=\"list-style-type: none;\">\n<ul>\n<li style=\"list-style-type: none;\">\n<ul>\n<li style=\"list-style-type: none;\">\n<ul>\n<li style=\"list-style-type: none;\">\n<ul>\n<li style=\"list-style-type: none;\">\n<ul>\n<li style=\"list-style-type: none;\">\n<ul>\n<li style=\"text-align: justify;\">Pulverizaci\u00f3n con gotas menos finas que la pulverizaci\u00f3n de cono axial<\/li>\n<li style=\"text-align: justify;\">\u00c1ngulos de pulverizaci\u00f3n amplios<\/li>\n<\/ul>\n<\/li>\n<\/ul>\n<\/li>\n<\/ul>\n<\/li>\n<\/ul>\n<\/li>\n<\/ul>\n<\/li>\n<\/ul>\n<\/li>\n<\/ul>\n<\/div>\n<\/div>\n<\/div>\n<\/div>\n<\/div>\n<p>[\/vc_column_text][vc_basic_grid post_type=\u00bbpost\u00bb max_items=\u00bb-1&#8243; element_width=\u00bb3&#8243; gap=\u00bb20&#8243; item=\u00bb27461&#8243; grid_id=\u00bbvc_gid:1760532844306-d6197b98-dcdd-4&#8243; taxonomies=\u00bb1221&#8243; css=\u00bb.vc_custom_1713885668011{padding-bottom: 5px !important;}\u00bb]<div id=\"ultimate-heading-982569ed18b6ecdc1\" class=\"uvc-heading ult-adjust-bottom-margin ultimate-heading-982569ed18b6ecdc1 uvc-6514 accent-border-color\" data-hspacer=\"line_only\"  data-halign=\"left\" style=\"text-align:left\"><div class=\"uvc-main-heading ult-responsive\"  data-ultimate-target='.uvc-heading.ultimate-heading-982569ed18b6ecdc1 h2'  data-responsive-json-new='{\"font-size\":\"desktop:25px;\",\"line-height\":\"\"}' ><h2 style=\"--font-weight:theme;margin-bottom:5px;\">Aplicaciones<\/h2><\/div><div class=\"uvc-heading-spacer line_only\" style=\"margin-bottom:20px;height:5px;\"><span class=\"uvc-headings-line\" style=\"border-style:solid;border-bottom-width:5px;border-color:#ccc;width:200px;\"><\/span><\/div><\/div>[vc_column_text]<\/p>\n<div id=\"BoxA2\">\n<div class=\"ProdottiIndice\">\n<div id=\"BoxA2\" class=\"last\">\n<div class=\"ProdottiIndice\">\n<div class=\"txt\">\n<p data-pm-slice=\"1 3 []\">Gracias a sus caracter\u00edsticas de pulverizaci\u00f3n, las boquillas de cono hueco son ideales para aquellas aplicaciones donde se requiera una pulverizaci\u00f3n fina:<\/p>\n<ul>\n<li>Humidificaci\u00f3n<\/li>\n<li>Control de polvo<\/li>\n<li>Control de olores<\/li>\n<li>Lubrificaci\u00f3n<\/li>\n<li>Refrigeraci\u00f3n<\/li>\n<\/ul>\n<\/div>\n<\/div>\n<\/div>\n<\/div>\n<\/div>\n<p>[\/vc_column_text][\/vc_column][\/vc_row]<\/p>\n","protected":false},"excerpt":{"rendered":"<p>[vc_row type=\u00bbvc_default\u00bb css=\u00bb.vc_custom_1713882423599{padding-bottom: 10px !important;}\u00bb][vc_column css=\u00bb.vc_custom_1498229431694{padding-bottom: 50px !important;}\u00bb][vc_column_text] Las boquillas de cono hueco, como su propio nombre indica, tienen un patr\u00f3n de pulverizaci\u00f3n de las part\u00edculas en forma de anillo hueco en el centro, cuyo di\u00e1metro variar\u00e1 en funci\u00f3n de la distancia desde la boquilla y el \u00e1ngulo de pulverizaci\u00f3n de la misma. Com\u00fanmente, las&hellip;<\/p>\n","protected":false},"author":1,"featured_media":0,"parent":27302,"menu_order":100,"comment_status":"closed","ping_status":"closed","template":"","meta":{"footnotes":""},"class_list":["post-27344","page","type-page","status-publish","hentry","description-off"],"yoast_head":"<!-- This site is optimized with the Yoast SEO plugin v26.8 - https:\/\/yoast.com\/product\/yoast-seo-wordpress\/ -->\n<title>Boquillas de cono hueco - Euspray<\/title>\n<meta name=\"robots\" content=\"index, follow, max-snippet:-1, max-image-preview:large, max-video-preview:-1\" \/>\n<link rel=\"canonical\" href=\"https:\/\/www.euspray.com\/prodotti\/ugelli-a-cono-vuoto\/\" \/>\n<meta property=\"og:locale\" content=\"es_ES\" \/>\n<meta property=\"og:type\" content=\"article\" \/>\n<meta property=\"og:title\" content=\"Boquillas de cono hueco - Euspray\" \/>\n<meta property=\"og:description\" content=\"[vc_row type=\u00bbvc_default\u00bb css=\u00bb.vc_custom_1713882423599{padding-bottom: 10px !important;}\u00bb][vc_column css=\u00bb.vc_custom_1498229431694{padding-bottom: 50px !important;}\u00bb][vc_column_text] Las boquillas de cono hueco, como su propio nombre indica, tienen un patr\u00f3n de pulverizaci\u00f3n de las part\u00edculas en forma de anillo hueco en el centro, cuyo di\u00e1metro variar\u00e1 en funci\u00f3n de la distancia desde la boquilla y el \u00e1ngulo de pulverizaci\u00f3n de la misma. Com\u00fanmente, las&hellip;\" \/>\n<meta property=\"og:url\" content=\"https:\/\/www.euspray.com\/prodotti\/ugelli-a-cono-vuoto\/\" \/>\n<meta property=\"og:site_name\" content=\"Euspray\" \/>\n<meta property=\"article:modified_time\" content=\"2025-10-15T12:59:01+00:00\" \/>\n<meta property=\"og:image\" content=\"https:\/\/www.euspray.com\/wp-content\/uploads\/2024\/04\/Boquilla-cono-hueco-axial.png\" \/>\n\t<meta property=\"og:image:width\" content=\"400\" \/>\n\t<meta property=\"og:image:height\" content=\"300\" \/>\n\t<meta property=\"og:image:type\" content=\"image\/png\" \/>\n<meta name=\"twitter:card\" content=\"summary_large_image\" \/>\n<meta name=\"twitter:label1\" content=\"Tiempo de lectura\" \/>\n\t<meta name=\"twitter:data1\" content=\"3 minutos\" \/>\n<script type=\"application\/ld+json\" class=\"yoast-schema-graph\">{\"@context\":\"https:\/\/schema.org\",\"@graph\":[{\"@type\":\"WebPage\",\"@id\":\"https:\/\/www.euspray.com\/prodotti\/ugelli-a-cono-vuoto\/\",\"url\":\"https:\/\/www.euspray.com\/prodotti\/ugelli-a-cono-vuoto\/\",\"name\":\"Boquillas de cono hueco - Euspray\",\"isPartOf\":{\"@id\":\"https:\/\/www.euspray.com\/es\/#website\"},\"primaryImageOfPage\":{\"@id\":\"https:\/\/www.euspray.com\/prodotti\/ugelli-a-cono-vuoto\/#primaryimage\"},\"image\":{\"@id\":\"https:\/\/www.euspray.com\/prodotti\/ugelli-a-cono-vuoto\/#primaryimage\"},\"thumbnailUrl\":\"https:\/\/www.euspray.com\/wp-content\/uploads\/2024\/04\/Boquilla-cono-hueco-axial-300x225.png\",\"datePublished\":\"2021-12-02T11:18:27+00:00\",\"dateModified\":\"2025-10-15T12:59:01+00:00\",\"breadcrumb\":{\"@id\":\"https:\/\/www.euspray.com\/prodotti\/ugelli-a-cono-vuoto\/#breadcrumb\"},\"inLanguage\":\"es\",\"potentialAction\":[{\"@type\":\"ReadAction\",\"target\":[\"https:\/\/www.euspray.com\/prodotti\/ugelli-a-cono-vuoto\/\"]}]},{\"@type\":\"ImageObject\",\"inLanguage\":\"es\",\"@id\":\"https:\/\/www.euspray.com\/prodotti\/ugelli-a-cono-vuoto\/#primaryimage\",\"url\":\"https:\/\/www.euspray.com\/wp-content\/uploads\/2024\/04\/Boquilla-cono-hueco-axial-300x225.png\",\"contentUrl\":\"https:\/\/www.euspray.com\/wp-content\/uploads\/2024\/04\/Boquilla-cono-hueco-axial-300x225.png\"},{\"@type\":\"BreadcrumbList\",\"@id\":\"https:\/\/www.euspray.com\/prodotti\/ugelli-a-cono-vuoto\/#breadcrumb\",\"itemListElement\":[{\"@type\":\"ListItem\",\"position\":1,\"name\":\"Home\",\"item\":\"https:\/\/www.euspray.com\/es\/\"},{\"@type\":\"ListItem\",\"position\":2,\"name\":\"Productos\",\"item\":\"https:\/\/www.euspray.com\/es\/productos\/\"},{\"@type\":\"ListItem\",\"position\":3,\"name\":\"Boquillas de cono hueco\"}]},{\"@type\":\"WebSite\",\"@id\":\"https:\/\/www.euspray.com\/es\/#website\",\"url\":\"https:\/\/www.euspray.com\/es\/\",\"name\":\"Euspray\",\"description\":\"Ugelli, teste di lavaggio e filtri\",\"potentialAction\":[{\"@type\":\"SearchAction\",\"target\":{\"@type\":\"EntryPoint\",\"urlTemplate\":\"https:\/\/www.euspray.com\/es\/?s={search_term_string}\"},\"query-input\":{\"@type\":\"PropertyValueSpecification\",\"valueRequired\":true,\"valueName\":\"search_term_string\"}}],\"inLanguage\":\"es\"}]}<\/script>\n<!-- \/ Yoast SEO plugin. -->","yoast_head_json":{"title":"Boquillas de cono hueco - Euspray","robots":{"index":"index","follow":"follow","max-snippet":"max-snippet:-1","max-image-preview":"max-image-preview:large","max-video-preview":"max-video-preview:-1"},"canonical":"https:\/\/www.euspray.com\/prodotti\/ugelli-a-cono-vuoto\/","og_locale":"es_ES","og_type":"article","og_title":"Boquillas de cono hueco - Euspray","og_description":"[vc_row type=\u00bbvc_default\u00bb css=\u00bb.vc_custom_1713882423599{padding-bottom: 10px !important;}\u00bb][vc_column css=\u00bb.vc_custom_1498229431694{padding-bottom: 50px !important;}\u00bb][vc_column_text] Las boquillas de cono hueco, como su propio nombre indica, tienen un patr\u00f3n de pulverizaci\u00f3n de las part\u00edculas en forma de anillo hueco en el centro, cuyo di\u00e1metro variar\u00e1 en funci\u00f3n de la distancia desde la boquilla y el \u00e1ngulo de pulverizaci\u00f3n de la misma. Com\u00fanmente, las&hellip;","og_url":"https:\/\/www.euspray.com\/prodotti\/ugelli-a-cono-vuoto\/","og_site_name":"Euspray","article_modified_time":"2025-10-15T12:59:01+00:00","og_image":[{"width":400,"height":300,"url":"https:\/\/www.euspray.com\/wp-content\/uploads\/2024\/04\/Boquilla-cono-hueco-axial.png","type":"image\/png"}],"twitter_card":"summary_large_image","twitter_misc":{"Tiempo de lectura":"3 minutos"},"schema":{"@context":"https:\/\/schema.org","@graph":[{"@type":"WebPage","@id":"https:\/\/www.euspray.com\/prodotti\/ugelli-a-cono-vuoto\/","url":"https:\/\/www.euspray.com\/prodotti\/ugelli-a-cono-vuoto\/","name":"Boquillas de cono hueco - Euspray","isPartOf":{"@id":"https:\/\/www.euspray.com\/es\/#website"},"primaryImageOfPage":{"@id":"https:\/\/www.euspray.com\/prodotti\/ugelli-a-cono-vuoto\/#primaryimage"},"image":{"@id":"https:\/\/www.euspray.com\/prodotti\/ugelli-a-cono-vuoto\/#primaryimage"},"thumbnailUrl":"https:\/\/www.euspray.com\/wp-content\/uploads\/2024\/04\/Boquilla-cono-hueco-axial-300x225.png","datePublished":"2021-12-02T11:18:27+00:00","dateModified":"2025-10-15T12:59:01+00:00","breadcrumb":{"@id":"https:\/\/www.euspray.com\/prodotti\/ugelli-a-cono-vuoto\/#breadcrumb"},"inLanguage":"es","potentialAction":[{"@type":"ReadAction","target":["https:\/\/www.euspray.com\/prodotti\/ugelli-a-cono-vuoto\/"]}]},{"@type":"ImageObject","inLanguage":"es","@id":"https:\/\/www.euspray.com\/prodotti\/ugelli-a-cono-vuoto\/#primaryimage","url":"https:\/\/www.euspray.com\/wp-content\/uploads\/2024\/04\/Boquilla-cono-hueco-axial-300x225.png","contentUrl":"https:\/\/www.euspray.com\/wp-content\/uploads\/2024\/04\/Boquilla-cono-hueco-axial-300x225.png"},{"@type":"BreadcrumbList","@id":"https:\/\/www.euspray.com\/prodotti\/ugelli-a-cono-vuoto\/#breadcrumb","itemListElement":[{"@type":"ListItem","position":1,"name":"Home","item":"https:\/\/www.euspray.com\/es\/"},{"@type":"ListItem","position":2,"name":"Productos","item":"https:\/\/www.euspray.com\/es\/productos\/"},{"@type":"ListItem","position":3,"name":"Boquillas de cono hueco"}]},{"@type":"WebSite","@id":"https:\/\/www.euspray.com\/es\/#website","url":"https:\/\/www.euspray.com\/es\/","name":"Euspray","description":"Ugelli, teste di lavaggio e filtri","potentialAction":[{"@type":"SearchAction","target":{"@type":"EntryPoint","urlTemplate":"https:\/\/www.euspray.com\/es\/?s={search_term_string}"},"query-input":{"@type":"PropertyValueSpecification","valueRequired":true,"valueName":"search_term_string"}}],"inLanguage":"es"}]}},"_links":{"self":[{"href":"https:\/\/www.euspray.com\/es\/wp-json\/wp\/v2\/pages\/27344","targetHints":{"allow":["GET"]}}],"collection":[{"href":"https:\/\/www.euspray.com\/es\/wp-json\/wp\/v2\/pages"}],"about":[{"href":"https:\/\/www.euspray.com\/es\/wp-json\/wp\/v2\/types\/page"}],"author":[{"embeddable":true,"href":"https:\/\/www.euspray.com\/es\/wp-json\/wp\/v2\/users\/1"}],"replies":[{"embeddable":true,"href":"https:\/\/www.euspray.com\/es\/wp-json\/wp\/v2\/comments?post=27344"}],"version-history":[{"count":12,"href":"https:\/\/www.euspray.com\/es\/wp-json\/wp\/v2\/pages\/27344\/revisions"}],"predecessor-version":[{"id":27558,"href":"https:\/\/www.euspray.com\/es\/wp-json\/wp\/v2\/pages\/27344\/revisions\/27558"}],"up":[{"embeddable":true,"href":"https:\/\/www.euspray.com\/es\/wp-json\/wp\/v2\/pages\/27302"}],"wp:attachment":[{"href":"https:\/\/www.euspray.com\/es\/wp-json\/wp\/v2\/media?parent=27344"}],"curies":[{"name":"wp","href":"https:\/\/api.w.org\/{rel}","templated":true}]}}