{"id":27343,"date":"2021-12-02T11:40:53","date_gmt":"2021-12-02T11:40:53","guid":{"rendered":"https:\/\/www.euspray.com\/prodotti\/ugelli-a-cono-pieno\/"},"modified":"2023-01-16T16:53:36","modified_gmt":"2023-01-16T16:53:36","slug":"boquillas-de-cono-lleno","status":"publish","type":"page","link":"https:\/\/www.euspray.com\/es\/productos\/boquillas-pulverizadoras\/boquillas-de-cono-lleno\/","title":{"rendered":"Boquillas de cono lleno"},"content":{"rendered":"<p>[vc_row type=\u00bbvc_default\u00bb][vc_column css=\u00bb.vc_custom_1498229431694{padding-bottom: 50px !important;}\u00bb]<div id=\"ultimate-heading-254769ec70a484b51\" class=\"uvc-heading ult-adjust-bottom-margin ultimate-heading-254769ec70a484b51 uvc-926 accent-border-color uvc-heading-default-font-sizes\" data-hspacer=\"line_only\"  data-halign=\"left\" style=\"text-align:left\"><div class=\"uvc-main-heading ult-responsive\"  data-ultimate-target='.uvc-heading.ultimate-heading-254769ec70a484b51 h2'  data-responsive-json-new='{\"font-size\":\"\",\"line-height\":\"\"}' ><h2 style=\"--font-weight:theme;margin-bottom:5px;\">Boquillas de cono lleno<\/h2><\/div><div class=\"uvc-heading-spacer line_only\" style=\"margin-bottom:20px;height:4px;\"><span class=\"uvc-headings-line\" style=\"border-style:solid;border-bottom-width:4px;border-color:#ccc;width:200px;\"><\/span><\/div><\/div>[vc_column_text]<\/p>\n<div id=\"BoxA2\">\n<div class=\"ProdottiIndice\">\n<p style=\"text-align: justify;\">El tipo de pulverizaci\u00f3n creada por nuestras boquillas de cono lleno se obtiene a trav\u00e9s de un v\u00f3rtice particular con un pasaje ancho colocado dentro de las boquillas en s\u00ed. Esta gama de boquillas garantiza una distribuci\u00f3n uniforme de las gotas en toda la secci\u00f3n cubierta.<\/p>\n<p style=\"text-align: justify;\">Las boquillas de cono lleno est\u00e1n hechas de lat\u00f3n y acero inoxidable AISI 303 y, a pedido, de acero AISI 316, PVC y otros materiales. Las roscas son de gas c\u00f3nico (BSPT).<\/p>\n<\/div>\n<\/div>\n<p>[\/vc_column_text][vc_basic_grid post_type=\u00bbpost\u00bb max_items=\u00bb1000&#8243; element_width=\u00bb3&#8243; gap=\u00bb20&#8243; item=\u00bb27461&#8243; grid_id=\u00bbvc_gid:1673887999731-cd9548fe-0b4d-9&#8243; taxonomies=\u00bb1219&#8243;][vc_empty_space height=\u00bb15px\u00bb]<div id=\"ultimate-heading-10769ec70a484bb7\" class=\"uvc-heading ult-adjust-bottom-margin ultimate-heading-10769ec70a484bb7 uvc-5510 accent-border-color uvc-heading-default-font-sizes\" data-hspacer=\"line_only\"  data-halign=\"left\" style=\"text-align:left\"><div class=\"uvc-main-heading ult-responsive\"  data-ultimate-target='.uvc-heading.ultimate-heading-10769ec70a484bb7 h3'  data-responsive-json-new='{\"font-size\":\"\",\"line-height\":\"\"}' ><h3 style=\"--font-weight:theme;margin-bottom:5px;\">Boquilla pulverizadora: informaci\u00f3n general<\/h3><\/div><div class=\"uvc-heading-spacer line_only\" style=\"margin-bottom:20px;height:4px;\"><span class=\"uvc-headings-line\" style=\"border-style:solid;border-bottom-width:4px;border-color:#ccc;width:200px;\"><\/span><\/div><\/div>[vc_column_text]La boquilla de pulverizaci\u00f3n transforma la energ\u00eda total de una vena l\u00edquida en energ\u00eda cin\u00e9tica. Esta energ\u00eda se utiliza para descomponer la vena l\u00edquida en peque\u00f1as part\u00edculas y distribuirlas de manera uniforme de acuerdo con la secci\u00f3n deseada.<\/p>\n<p>Los elementos esenciales para clasificar el tipo de boquilla son: el caudal, el tipo de pulverizaci\u00f3n y el \u00e1ngulo de pulverizaci\u00f3n.<\/p>\n<p>El caudal se determina por el di\u00e1metro interno de paso y la presi\u00f3n ejercida. La tipolog\u00eda de pulverizaci\u00f3n se identifica en tres formas diferentes:<\/p>\n<ul>\n<li>ASPERSI\u00d3N CONO VAC\u00cdO<\/li>\n<li>ASPERSI\u00d3N CONO LLENO<\/li>\n<li>ASPERSI\u00d3N SALIDA PLANA<\/li>\n<\/ul>\n<p>Adem\u00e1s de las boquillas en esta p\u00e1gina, y para satisfacer mejor las necesidades de nuestros clientes, estamos disponibles para personalizar cada solicitud.<\/p>\n<p>\u00a1Cont\u00e1ctanos y encuentra la mejor soluci\u00f3n para ti!<\/p>\n<p>Para m\u00e1s informaci\u00f3n:<\/p>\n<p>correo electr\u00f3nico: export@euspray.com<\/p>\n<p>tel. +34934773846<\/p>\n<p>Para ver nuestros cat\u00e1logos\u00a0<a href=\"https:\/\/www.euspray.com\/es\/catalogos\/\">pinchar aqu\u00ed<\/a>.[\/vc_column_text][vc_empty_space height=\u00bb15px\u00bb][\/vc_column][\/vc_row]<\/p>\n","protected":false},"excerpt":{"rendered":"<p>[vc_row type=\u00bbvc_default\u00bb][vc_column css=\u00bb.vc_custom_1498229431694{padding-bottom: 50px !important;}\u00bb][vc_column_text] El tipo de pulverizaci\u00f3n creada por nuestras boquillas de cono lleno se obtiene a trav\u00e9s de un v\u00f3rtice particular con un pasaje ancho colocado dentro de las boquillas en s\u00ed. Esta gama de boquillas garantiza una distribuci\u00f3n uniforme de las gotas en toda la secci\u00f3n cubierta. Las boquillas de cono&hellip;<\/p>\n","protected":false},"author":1,"featured_media":0,"parent":27350,"menu_order":100,"comment_status":"closed","ping_status":"closed","template":"","meta":{"footnotes":""},"class_list":["post-27343","page","type-page","status-publish","hentry","description-off"],"yoast_head":"<!-- This site is optimized with the Yoast SEO plugin v26.8 - https:\/\/yoast.com\/product\/yoast-seo-wordpress\/ -->\n<title>Boquillas de cono lleno - Euspray<\/title>\n<meta name=\"robots\" content=\"index, follow, max-snippet:-1, max-image-preview:large, max-video-preview:-1\" \/>\n<link rel=\"canonical\" href=\"https:\/\/www.euspray.com\/prodotti\/ugelli-idraulici\/ugelli-a-cono-pieno\/\" \/>\n<meta property=\"og:locale\" content=\"es_ES\" \/>\n<meta property=\"og:type\" content=\"article\" \/>\n<meta property=\"og:title\" content=\"Boquillas de cono lleno - Euspray\" \/>\n<meta property=\"og:description\" content=\"[vc_row type=\u00bbvc_default\u00bb][vc_column css=\u00bb.vc_custom_1498229431694{padding-bottom: 50px !important;}\u00bb][vc_column_text] El tipo de pulverizaci\u00f3n creada por nuestras boquillas de cono lleno se obtiene a trav\u00e9s de un v\u00f3rtice particular con un pasaje ancho colocado dentro de las boquillas en s\u00ed. Esta gama de boquillas garantiza una distribuci\u00f3n uniforme de las gotas en toda la secci\u00f3n cubierta. Las boquillas de cono&hellip;\" \/>\n<meta property=\"og:url\" content=\"https:\/\/www.euspray.com\/prodotti\/ugelli-idraulici\/ugelli-a-cono-pieno\/\" \/>\n<meta property=\"og:site_name\" content=\"Euspray\" \/>\n<meta property=\"article:modified_time\" content=\"2023-01-16T16:53:36+00:00\" \/>\n<meta name=\"twitter:card\" content=\"summary_large_image\" \/>\n<meta name=\"twitter:label1\" content=\"Tiempo de lectura\" \/>\n\t<meta name=\"twitter:data1\" content=\"2 minutos\" \/>\n<script type=\"application\/ld+json\" class=\"yoast-schema-graph\">{\"@context\":\"https:\/\/schema.org\",\"@graph\":[{\"@type\":\"WebPage\",\"@id\":\"https:\/\/www.euspray.com\/prodotti\/ugelli-idraulici\/ugelli-a-cono-pieno\/\",\"url\":\"https:\/\/www.euspray.com\/prodotti\/ugelli-idraulici\/ugelli-a-cono-pieno\/\",\"name\":\"Boquillas de cono lleno - Euspray\",\"isPartOf\":{\"@id\":\"https:\/\/www.euspray.com\/es\/#website\"},\"datePublished\":\"2021-12-02T11:40:53+00:00\",\"dateModified\":\"2023-01-16T16:53:36+00:00\",\"breadcrumb\":{\"@id\":\"https:\/\/www.euspray.com\/prodotti\/ugelli-idraulici\/ugelli-a-cono-pieno\/#breadcrumb\"},\"inLanguage\":\"es\",\"potentialAction\":[{\"@type\":\"ReadAction\",\"target\":[\"https:\/\/www.euspray.com\/prodotti\/ugelli-idraulici\/ugelli-a-cono-pieno\/\"]}]},{\"@type\":\"BreadcrumbList\",\"@id\":\"https:\/\/www.euspray.com\/prodotti\/ugelli-idraulici\/ugelli-a-cono-pieno\/#breadcrumb\",\"itemListElement\":[{\"@type\":\"ListItem\",\"position\":1,\"name\":\"Home\",\"item\":\"https:\/\/www.euspray.com\/es\/\"},{\"@type\":\"ListItem\",\"position\":2,\"name\":\"Productos\",\"item\":\"https:\/\/www.euspray.com\/es\/productos\/\"},{\"@type\":\"ListItem\",\"position\":3,\"name\":\"Boquillas pulverizadoras\",\"item\":\"https:\/\/www.euspray.com\/es\/productos\/boquillas-pulverizadoras\/\"},{\"@type\":\"ListItem\",\"position\":4,\"name\":\"Boquillas de cono lleno\"}]},{\"@type\":\"WebSite\",\"@id\":\"https:\/\/www.euspray.com\/es\/#website\",\"url\":\"https:\/\/www.euspray.com\/es\/\",\"name\":\"Euspray\",\"description\":\"Ugelli, teste di lavaggio e filtri\",\"potentialAction\":[{\"@type\":\"SearchAction\",\"target\":{\"@type\":\"EntryPoint\",\"urlTemplate\":\"https:\/\/www.euspray.com\/es\/?s={search_term_string}\"},\"query-input\":{\"@type\":\"PropertyValueSpecification\",\"valueRequired\":true,\"valueName\":\"search_term_string\"}}],\"inLanguage\":\"es\"}]}<\/script>\n<!-- \/ Yoast SEO plugin. -->","yoast_head_json":{"title":"Boquillas de cono lleno - Euspray","robots":{"index":"index","follow":"follow","max-snippet":"max-snippet:-1","max-image-preview":"max-image-preview:large","max-video-preview":"max-video-preview:-1"},"canonical":"https:\/\/www.euspray.com\/prodotti\/ugelli-idraulici\/ugelli-a-cono-pieno\/","og_locale":"es_ES","og_type":"article","og_title":"Boquillas de cono lleno - Euspray","og_description":"[vc_row type=\u00bbvc_default\u00bb][vc_column css=\u00bb.vc_custom_1498229431694{padding-bottom: 50px !important;}\u00bb][vc_column_text] El tipo de pulverizaci\u00f3n creada por nuestras boquillas de cono lleno se obtiene a trav\u00e9s de un v\u00f3rtice particular con un pasaje ancho colocado dentro de las boquillas en s\u00ed. Esta gama de boquillas garantiza una distribuci\u00f3n uniforme de las gotas en toda la secci\u00f3n cubierta. Las boquillas de cono&hellip;","og_url":"https:\/\/www.euspray.com\/prodotti\/ugelli-idraulici\/ugelli-a-cono-pieno\/","og_site_name":"Euspray","article_modified_time":"2023-01-16T16:53:36+00:00","twitter_card":"summary_large_image","twitter_misc":{"Tiempo de lectura":"2 minutos"},"schema":{"@context":"https:\/\/schema.org","@graph":[{"@type":"WebPage","@id":"https:\/\/www.euspray.com\/prodotti\/ugelli-idraulici\/ugelli-a-cono-pieno\/","url":"https:\/\/www.euspray.com\/prodotti\/ugelli-idraulici\/ugelli-a-cono-pieno\/","name":"Boquillas de cono lleno - Euspray","isPartOf":{"@id":"https:\/\/www.euspray.com\/es\/#website"},"datePublished":"2021-12-02T11:40:53+00:00","dateModified":"2023-01-16T16:53:36+00:00","breadcrumb":{"@id":"https:\/\/www.euspray.com\/prodotti\/ugelli-idraulici\/ugelli-a-cono-pieno\/#breadcrumb"},"inLanguage":"es","potentialAction":[{"@type":"ReadAction","target":["https:\/\/www.euspray.com\/prodotti\/ugelli-idraulici\/ugelli-a-cono-pieno\/"]}]},{"@type":"BreadcrumbList","@id":"https:\/\/www.euspray.com\/prodotti\/ugelli-idraulici\/ugelli-a-cono-pieno\/#breadcrumb","itemListElement":[{"@type":"ListItem","position":1,"name":"Home","item":"https:\/\/www.euspray.com\/es\/"},{"@type":"ListItem","position":2,"name":"Productos","item":"https:\/\/www.euspray.com\/es\/productos\/"},{"@type":"ListItem","position":3,"name":"Boquillas pulverizadoras","item":"https:\/\/www.euspray.com\/es\/productos\/boquillas-pulverizadoras\/"},{"@type":"ListItem","position":4,"name":"Boquillas de cono lleno"}]},{"@type":"WebSite","@id":"https:\/\/www.euspray.com\/es\/#website","url":"https:\/\/www.euspray.com\/es\/","name":"Euspray","description":"Ugelli, teste di lavaggio e filtri","potentialAction":[{"@type":"SearchAction","target":{"@type":"EntryPoint","urlTemplate":"https:\/\/www.euspray.com\/es\/?s={search_term_string}"},"query-input":{"@type":"PropertyValueSpecification","valueRequired":true,"valueName":"search_term_string"}}],"inLanguage":"es"}]}},"_links":{"self":[{"href":"https:\/\/www.euspray.com\/es\/wp-json\/wp\/v2\/pages\/27343","targetHints":{"allow":["GET"]}}],"collection":[{"href":"https:\/\/www.euspray.com\/es\/wp-json\/wp\/v2\/pages"}],"about":[{"href":"https:\/\/www.euspray.com\/es\/wp-json\/wp\/v2\/types\/page"}],"author":[{"embeddable":true,"href":"https:\/\/www.euspray.com\/es\/wp-json\/wp\/v2\/users\/1"}],"replies":[{"embeddable":true,"href":"https:\/\/www.euspray.com\/es\/wp-json\/wp\/v2\/comments?post=27343"}],"version-history":[{"count":6,"href":"https:\/\/www.euspray.com\/es\/wp-json\/wp\/v2\/pages\/27343\/revisions"}],"predecessor-version":[{"id":39794,"href":"https:\/\/www.euspray.com\/es\/wp-json\/wp\/v2\/pages\/27343\/revisions\/39794"}],"up":[{"embeddable":true,"href":"https:\/\/www.euspray.com\/es\/wp-json\/wp\/v2\/pages\/27350"}],"wp:attachment":[{"href":"https:\/\/www.euspray.com\/es\/wp-json\/wp\/v2\/media?parent=27343"}],"curies":[{"name":"wp","href":"https:\/\/api.w.org\/{rel}","templated":true}]}}