{"id":27336,"date":"2021-12-06T14:39:39","date_gmt":"2021-12-06T14:39:39","guid":{"rendered":"https:\/\/www.euspray.com\/prodotti\/teste-di-lavaggio-fisse\/"},"modified":"2022-01-25T07:46:21","modified_gmt":"2022-01-25T07:46:21","slug":"boquillas-fijas","status":"publish","type":"page","link":"https:\/\/www.euspray.com\/es\/productos\/boquillas-fijas\/","title":{"rendered":"Boquillas fijas"},"content":{"rendered":"<p>[vc_row type=\u00bbvc_default\u00bb][vc_column css=\u00bb.vc_custom_1498229431694{padding-bottom: 50px !important;}\u00bb][vc_basic_grid post_type=\u00bbpost\u00bb max_items=\u00bb-1&#8243; element_width=\u00bb3&#8243; gap=\u00bb20&#8243; item=\u00bb27461&#8243; grid_id=\u00bbvc_gid:1643096767046-c3e029a7-942b-1&#8243; taxonomies=\u00bb1141&#8243;][vc_empty_space height=\u00bb15px\u00bb]<div id=\"ultimate-heading-653669eb8a6e4eb89\" class=\"uvc-heading ult-adjust-bottom-margin ultimate-heading-653669eb8a6e4eb89 uvc-6528  uvc-heading-default-font-sizes\" data-hspacer=\"no_spacer\"  data-halign=\"left\" style=\"text-align:left\"><div class=\"uvc-heading-spacer no_spacer\" style=\"top\"><\/div><div class=\"uvc-main-heading ult-responsive\"  data-ultimate-target='.uvc-heading.ultimate-heading-653669eb8a6e4eb89 h2'  data-responsive-json-new='{\"font-size\":\"\",\"line-height\":\"\"}' ><h2 style=\"--font-weight:theme;margin-bottom:15px;\">Boquillas fijas<\/h2><\/div><\/div>[vc_column_text]<\/p>\n<div class=\"entry-content\">\n<div id=\"tm_builder_outer_content\" class=\"tm_builder_outer_content\">\n<div class=\"tm_builder_inner_content tm_pb_gutters3\">\n<div class=\"tm_pb_section tm_pb_section_0 tm_section_regular tm_section_transparent\">\n<div class=\"container\">\n<div class=\" row tm_pb_row tm_pb_row_0\">\n<div class=\"tm_pb_column tm_pb_column_4_4 tm_pb_column_0 col-xs-12 col-sm-12 col-md-12 col-xl-12 col-lg-12 tm_pb_vertical_alligment_start\">\n<div class=\"tm_pb_text tm_pb_module tm_pb_bg_layout_light tm_pb_text_align_left tm_pb_text_0\">\n<p>La necesidad de garantizar una calidad constante del producto requiere que cada etapa de producci\u00f3n, almacenamiento y transporte se lleve a cabo con sistemas de producci\u00f3n y tanques perfectamente limpios. Del mismo modo, la eliminaci\u00f3n de efluentes precisa de un proceso de lavado en el cual es posible emplear una cantidad m\u00ednima de agua y mantener a la vez un excelente nivel de limpieza.<\/p>\n<p>Estos dos factores han inspirado la creaci\u00f3n de una amplia gama de productos capaces de satisfacer todas las necesidades.<\/p>\n<p>El uso de boquillas de limpieza en las industrias farmac\u00e9utica, qu\u00edmica y alimentaria requiere que estas est\u00e9n hechas de materiales con un alto grado de resistencia a la corrosi\u00f3n y que permitan un saneamiento exhaustivo. Por lo general, las boquillas de limpieza se fabrican en acero inoxidable austen\u00edtico (AISI 316L) o en materiales pl\u00e1sticos (tefl\u00f3n).<\/p>\n<p>Nuestras boquillas fijas de limpieza se utilizan para lavar tanques\/cisternas y pasteurizadores.<\/p>\n<p>Existen varios modelos en nuestra gama de productos, en acero inoxidable 316, lat\u00f3n, PVC, PFTE o PP.<\/p>\n<p>Adem\u00e1s de las boquillas de limpieza en esta p\u00e1gina, y para satisfacer mejor las necesidades de nuestros clientes, estamos disponibles para personalizar cada solicitud.<\/p>\n<p>\u00a1Cont\u00e1ctanos y encuentra la mejor soluci\u00f3n para ti!<\/p>\n<p>Para m\u00e1s informaci\u00f3n:<\/p>\n<p>correo electr\u00f3nico: export@euspray.com<\/p>\n<p>tel. +34934773846<\/p>\n<p>Para ver nuestros cat\u00e1logos\u00a0<a href=\"https:\/\/www.euspray.com\/es\/catalogos\/\">pinchar aqu\u00ed<\/a>.<\/p>\n<\/div>\n<\/div>\n<\/div>\n<\/div>\n<\/div>\n<\/div>\n<\/div>\n<\/div>\n<p>[\/vc_column_text][vc_empty_space height=\u00bb15px\u00bb][\/vc_column][\/vc_row]<\/p>\n","protected":false},"excerpt":{"rendered":"<p>[vc_row type=\u00bbvc_default\u00bb][vc_column css=\u00bb.vc_custom_1498229431694{padding-bottom: 50px !important;}\u00bb][vc_basic_grid post_type=\u00bbpost\u00bb max_items=\u00bb-1&#8243; element_width=\u00bb3&#8243; gap=\u00bb20&#8243; item=\u00bb27461&#8243; grid_id=\u00bbvc_gid:1643096767046-c3e029a7-942b-1&#8243; taxonomies=\u00bb1141&#8243;][vc_empty_space height=\u00bb15px\u00bb][vc_column_text] La necesidad de garantizar una calidad constante del producto requiere que cada etapa de producci\u00f3n, almacenamiento y transporte se lleve a cabo con sistemas de producci\u00f3n y tanques perfectamente limpios. Del mismo modo, la eliminaci\u00f3n de efluentes precisa de un proceso de&hellip;<\/p>\n","protected":false},"author":1,"featured_media":0,"parent":27302,"menu_order":100,"comment_status":"closed","ping_status":"closed","template":"","meta":{"footnotes":""},"class_list":["post-27336","page","type-page","status-publish","hentry","description-off"],"yoast_head":"<!-- This site is optimized with the Yoast SEO plugin v26.8 - https:\/\/yoast.com\/product\/yoast-seo-wordpress\/ -->\n<title>Boquillas fijas - Euspray<\/title>\n<meta name=\"robots\" content=\"index, follow, max-snippet:-1, max-image-preview:large, max-video-preview:-1\" \/>\n<link rel=\"canonical\" href=\"https:\/\/www.euspray.com\/prodotti\/teste-di-lavaggio-fisse\/\" \/>\n<meta property=\"og:locale\" content=\"es_ES\" \/>\n<meta property=\"og:type\" content=\"article\" \/>\n<meta property=\"og:title\" content=\"Boquillas fijas - Euspray\" \/>\n<meta property=\"og:description\" content=\"[vc_row type=\u00bbvc_default\u00bb][vc_column css=\u00bb.vc_custom_1498229431694{padding-bottom: 50px !important;}\u00bb][vc_basic_grid post_type=\u00bbpost\u00bb max_items=\u00bb-1&#8243; element_width=\u00bb3&#8243; gap=\u00bb20&#8243; item=\u00bb27461&#8243; grid_id=\u00bbvc_gid:1643096767046-c3e029a7-942b-1&#8243; taxonomies=\u00bb1141&#8243;][vc_empty_space height=\u00bb15px\u00bb][vc_column_text] La necesidad de garantizar una calidad constante del producto requiere que cada etapa de producci\u00f3n, almacenamiento y transporte se lleve a cabo con sistemas de producci\u00f3n y tanques perfectamente limpios. Del mismo modo, la eliminaci\u00f3n de efluentes precisa de un proceso de&hellip;\" \/>\n<meta property=\"og:url\" content=\"https:\/\/www.euspray.com\/prodotti\/teste-di-lavaggio-fisse\/\" \/>\n<meta property=\"og:site_name\" content=\"Euspray\" \/>\n<meta property=\"article:modified_time\" content=\"2022-01-25T07:46:21+00:00\" \/>\n<meta name=\"twitter:card\" content=\"summary_large_image\" \/>\n<meta name=\"twitter:label1\" content=\"Tiempo de lectura\" \/>\n\t<meta name=\"twitter:data1\" content=\"2 minutos\" \/>\n<script type=\"application\/ld+json\" class=\"yoast-schema-graph\">{\"@context\":\"https:\/\/schema.org\",\"@graph\":[{\"@type\":\"WebPage\",\"@id\":\"https:\/\/www.euspray.com\/prodotti\/teste-di-lavaggio-fisse\/\",\"url\":\"https:\/\/www.euspray.com\/prodotti\/teste-di-lavaggio-fisse\/\",\"name\":\"Boquillas fijas - Euspray\",\"isPartOf\":{\"@id\":\"https:\/\/www.euspray.com\/es\/#website\"},\"datePublished\":\"2021-12-06T14:39:39+00:00\",\"dateModified\":\"2022-01-25T07:46:21+00:00\",\"breadcrumb\":{\"@id\":\"https:\/\/www.euspray.com\/prodotti\/teste-di-lavaggio-fisse\/#breadcrumb\"},\"inLanguage\":\"es\",\"potentialAction\":[{\"@type\":\"ReadAction\",\"target\":[\"https:\/\/www.euspray.com\/prodotti\/teste-di-lavaggio-fisse\/\"]}]},{\"@type\":\"BreadcrumbList\",\"@id\":\"https:\/\/www.euspray.com\/prodotti\/teste-di-lavaggio-fisse\/#breadcrumb\",\"itemListElement\":[{\"@type\":\"ListItem\",\"position\":1,\"name\":\"Home\",\"item\":\"https:\/\/www.euspray.com\/es\/\"},{\"@type\":\"ListItem\",\"position\":2,\"name\":\"Productos\",\"item\":\"https:\/\/www.euspray.com\/es\/productos\/\"},{\"@type\":\"ListItem\",\"position\":3,\"name\":\"Boquillas fijas\"}]},{\"@type\":\"WebSite\",\"@id\":\"https:\/\/www.euspray.com\/es\/#website\",\"url\":\"https:\/\/www.euspray.com\/es\/\",\"name\":\"Euspray\",\"description\":\"Ugelli, teste di lavaggio e filtri\",\"potentialAction\":[{\"@type\":\"SearchAction\",\"target\":{\"@type\":\"EntryPoint\",\"urlTemplate\":\"https:\/\/www.euspray.com\/es\/?s={search_term_string}\"},\"query-input\":{\"@type\":\"PropertyValueSpecification\",\"valueRequired\":true,\"valueName\":\"search_term_string\"}}],\"inLanguage\":\"es\"}]}<\/script>\n<!-- \/ Yoast SEO plugin. -->","yoast_head_json":{"title":"Boquillas fijas - Euspray","robots":{"index":"index","follow":"follow","max-snippet":"max-snippet:-1","max-image-preview":"max-image-preview:large","max-video-preview":"max-video-preview:-1"},"canonical":"https:\/\/www.euspray.com\/prodotti\/teste-di-lavaggio-fisse\/","og_locale":"es_ES","og_type":"article","og_title":"Boquillas fijas - Euspray","og_description":"[vc_row type=\u00bbvc_default\u00bb][vc_column css=\u00bb.vc_custom_1498229431694{padding-bottom: 50px !important;}\u00bb][vc_basic_grid post_type=\u00bbpost\u00bb max_items=\u00bb-1&#8243; element_width=\u00bb3&#8243; gap=\u00bb20&#8243; item=\u00bb27461&#8243; grid_id=\u00bbvc_gid:1643096767046-c3e029a7-942b-1&#8243; taxonomies=\u00bb1141&#8243;][vc_empty_space height=\u00bb15px\u00bb][vc_column_text] La necesidad de garantizar una calidad constante del producto requiere que cada etapa de producci\u00f3n, almacenamiento y transporte se lleve a cabo con sistemas de producci\u00f3n y tanques perfectamente limpios. Del mismo modo, la eliminaci\u00f3n de efluentes precisa de un proceso de&hellip;","og_url":"https:\/\/www.euspray.com\/prodotti\/teste-di-lavaggio-fisse\/","og_site_name":"Euspray","article_modified_time":"2022-01-25T07:46:21+00:00","twitter_card":"summary_large_image","twitter_misc":{"Tiempo de lectura":"2 minutos"},"schema":{"@context":"https:\/\/schema.org","@graph":[{"@type":"WebPage","@id":"https:\/\/www.euspray.com\/prodotti\/teste-di-lavaggio-fisse\/","url":"https:\/\/www.euspray.com\/prodotti\/teste-di-lavaggio-fisse\/","name":"Boquillas fijas - Euspray","isPartOf":{"@id":"https:\/\/www.euspray.com\/es\/#website"},"datePublished":"2021-12-06T14:39:39+00:00","dateModified":"2022-01-25T07:46:21+00:00","breadcrumb":{"@id":"https:\/\/www.euspray.com\/prodotti\/teste-di-lavaggio-fisse\/#breadcrumb"},"inLanguage":"es","potentialAction":[{"@type":"ReadAction","target":["https:\/\/www.euspray.com\/prodotti\/teste-di-lavaggio-fisse\/"]}]},{"@type":"BreadcrumbList","@id":"https:\/\/www.euspray.com\/prodotti\/teste-di-lavaggio-fisse\/#breadcrumb","itemListElement":[{"@type":"ListItem","position":1,"name":"Home","item":"https:\/\/www.euspray.com\/es\/"},{"@type":"ListItem","position":2,"name":"Productos","item":"https:\/\/www.euspray.com\/es\/productos\/"},{"@type":"ListItem","position":3,"name":"Boquillas fijas"}]},{"@type":"WebSite","@id":"https:\/\/www.euspray.com\/es\/#website","url":"https:\/\/www.euspray.com\/es\/","name":"Euspray","description":"Ugelli, teste di lavaggio e filtri","potentialAction":[{"@type":"SearchAction","target":{"@type":"EntryPoint","urlTemplate":"https:\/\/www.euspray.com\/es\/?s={search_term_string}"},"query-input":{"@type":"PropertyValueSpecification","valueRequired":true,"valueName":"search_term_string"}}],"inLanguage":"es"}]}},"_links":{"self":[{"href":"https:\/\/www.euspray.com\/es\/wp-json\/wp\/v2\/pages\/27336","targetHints":{"allow":["GET"]}}],"collection":[{"href":"https:\/\/www.euspray.com\/es\/wp-json\/wp\/v2\/pages"}],"about":[{"href":"https:\/\/www.euspray.com\/es\/wp-json\/wp\/v2\/types\/page"}],"author":[{"embeddable":true,"href":"https:\/\/www.euspray.com\/es\/wp-json\/wp\/v2\/users\/1"}],"replies":[{"embeddable":true,"href":"https:\/\/www.euspray.com\/es\/wp-json\/wp\/v2\/comments?post=27336"}],"version-history":[{"count":3,"href":"https:\/\/www.euspray.com\/es\/wp-json\/wp\/v2\/pages\/27336\/revisions"}],"predecessor-version":[{"id":27551,"href":"https:\/\/www.euspray.com\/es\/wp-json\/wp\/v2\/pages\/27336\/revisions\/27551"}],"up":[{"embeddable":true,"href":"https:\/\/www.euspray.com\/es\/wp-json\/wp\/v2\/pages\/27302"}],"wp:attachment":[{"href":"https:\/\/www.euspray.com\/es\/wp-json\/wp\/v2\/media?parent=27336"}],"curies":[{"name":"wp","href":"https:\/\/api.w.org\/{rel}","templated":true}]}}