{"id":27334,"date":"2021-11-15T15:15:16","date_gmt":"2021-11-15T15:15:16","guid":{"rendered":"https:\/\/www.euspray.com\/prodotti\/teste-di-lavaggio\/"},"modified":"2022-03-17T14:50:04","modified_gmt":"2022-03-17T14:50:04","slug":"boquillas-de-limpieza","status":"publish","type":"page","link":"https:\/\/www.euspray.com\/es\/productos\/boquillas-de-limpieza\/","title":{"rendered":"Boquillas de limpieza"},"content":{"rendered":"<p>[vc_row type=\u00bbvc_default\u00bb][vc_column css=\u00bb.vc_custom_1498229431694{padding-bottom: 50px !important;}\u00bb][vc_basic_grid post_type=\u00bbpost\u00bb max_items=\u00bb-1&#8243; style=\u00bblazy\u00bb element_width=\u00bb3&#8243; gap=\u00bb20&#8243; item=\u00bb27461&#8243; grid_id=\u00bbvc_gid:1647526595511-aa6d964c-7586-7&#8243; taxonomies=\u00bb1007&#8243;]<div id=\"ultimate-heading-564169eb8b4f3faa5\" class=\"uvc-heading ult-adjust-bottom-margin ultimate-heading-564169eb8b4f3faa5 uvc-4917 \" data-hspacer=\"no_spacer\"  data-halign=\"left\" style=\"text-align:left\"><div class=\"uvc-heading-spacer no_spacer\" style=\"top\"><\/div><div class=\"uvc-main-heading ult-responsive\"  data-ultimate-target='.uvc-heading.ultimate-heading-564169eb8b4f3faa5 h2'  data-responsive-json-new='{\"font-size\":\"desktop:26px;\",\"line-height\":\"desktop:32px;\"}' ><h2 style=\"font-weight:bold;margin-bottom:20px;\">Aplicaciones de boquillas de limpieza<\/h2><\/div><\/div>[vc_column_text]<strong>Las boquillas de limpieza fijas o rotativas<\/strong>\u00a0est\u00e1n dise\u00f1adas espec\u00edficamente para el lavado de tanques.<\/p>\n<p>La necesidad de garantizar la calidad constante de los productos requiere que cada fase de producci\u00f3n, almacenamiento y transporte se lleve a cabo con sistemas de producci\u00f3n y tanques perfectamente limpios. Del mismo modo, los altos costos de eliminaci\u00f3n de residuos requieren procesos de lavado en los que se pueda utilizar la menor cantidad de agua y al mismo tiempo mantener un excelente nivel de limpieza. Estos dos factores han inspirado la creaci\u00f3n de una amplia gama de productos capaces de satisfacer cada necesidad.<\/p>\n<p>El uso de boquillas de limpieza en las industrias farmac\u00e9utica, qu\u00edmica y alimentaria requiereque est\u00e1n construidos con materiales con un alto grado de resistencia a la corrosi\u00f3n y que permiten una higiene precisa. Por lo general, las boquillas de limpieza est\u00e1n construidas en Acero inoxidable austen\u00edtico (AISI 316L) o pl\u00e1stico (Tefl\u00f3n).<\/p>\n<p>Boquillas fijas:<\/p>\n<ul>\n<li>LSMOD7<\/li>\n<li>FLS<\/li>\n<li>7B<\/li>\n<\/ul>\n<p>Boquillas giratorias:<\/p>\n<ul>\n<li>LSE<\/li>\n<li>LSD-thread<\/li>\n<li>LSD-clip\/weld<\/li>\n<li>LSMOD3L<\/li>\n<li>LSMOD1<\/li>\n<li>M6LSD<\/li>\n<li>LSN<\/li>\n<li>LSB<\/li>\n<li>LSMOD3G<\/li>\n<li>LSMOD5B<\/li>\n<li>FTESTA<\/li>\n<li>MLF<\/li>\n<li>ALSA<\/li>\n<li>ALSAPA1<\/li>\n<li>FLSW<\/li>\n<\/ul>\n<p>Disponible en diferentes conexiones, con rosca, clip o soldado, y con diferentes \u00e1ngulos de cobertura.<\/p>\n<p>Posibles sectores de aplicaci\u00f3n: industria alimentaria, industria qu\u00edmica y farmac\u00e9utica, etc.[\/vc_column_text][vc_empty_space height=\u00bb50px\u00bb][\/vc_column][vc_column css=\u00bb.vc_custom_1498229445232{padding-bottom: 50px !important;}\u00bb][\/vc_column][\/vc_row][vc_row][vc_column][\/vc_column][\/vc_row]<\/p>\n","protected":false},"excerpt":{"rendered":"<p>[vc_row type=\u00bbvc_default\u00bb][vc_column css=\u00bb.vc_custom_1498229431694{padding-bottom: 50px !important;}\u00bb][vc_basic_grid post_type=\u00bbpost\u00bb max_items=\u00bb-1&#8243; style=\u00bblazy\u00bb element_width=\u00bb3&#8243; gap=\u00bb20&#8243; item=\u00bb27461&#8243; grid_id=\u00bbvc_gid:1647526595511-aa6d964c-7586-7&#8243; taxonomies=\u00bb1007&#8243;][vc_column_text]Las boquillas de limpieza fijas o rotativas\u00a0est\u00e1n dise\u00f1adas espec\u00edficamente para el lavado de tanques. La necesidad de garantizar la calidad constante de los productos requiere que cada fase de producci\u00f3n, almacenamiento y transporte se lleve a cabo con sistemas de producci\u00f3n y tanques&hellip;<\/p>\n","protected":false},"author":1,"featured_media":0,"parent":27302,"menu_order":100,"comment_status":"closed","ping_status":"closed","template":"","meta":{"footnotes":""},"class_list":["post-27334","page","type-page","status-publish","hentry","description-off"],"yoast_head":"<!-- This site is optimized with the Yoast SEO plugin v26.8 - https:\/\/yoast.com\/product\/yoast-seo-wordpress\/ -->\n<title>Boquillas de limpieza - Euspray<\/title>\n<meta name=\"robots\" content=\"index, follow, max-snippet:-1, max-image-preview:large, max-video-preview:-1\" \/>\n<link rel=\"canonical\" href=\"https:\/\/www.euspray.com\/es\/productos\/boquillas-de-limpieza\/\" \/>\n<meta property=\"og:locale\" content=\"es_ES\" \/>\n<meta property=\"og:type\" content=\"article\" \/>\n<meta property=\"og:title\" content=\"Boquillas de limpieza - Euspray\" \/>\n<meta property=\"og:description\" content=\"[vc_row type=\u00bbvc_default\u00bb][vc_column css=\u00bb.vc_custom_1498229431694{padding-bottom: 50px !important;}\u00bb][vc_basic_grid post_type=\u00bbpost\u00bb max_items=\u00bb-1&#8243; style=\u00bblazy\u00bb element_width=\u00bb3&#8243; gap=\u00bb20&#8243; item=\u00bb27461&#8243; grid_id=\u00bbvc_gid:1647526595511-aa6d964c-7586-7&#8243; taxonomies=\u00bb1007&#8243;][vc_column_text]Las boquillas de limpieza fijas o rotativas\u00a0est\u00e1n dise\u00f1adas espec\u00edficamente para el lavado de tanques. La necesidad de garantizar la calidad constante de los productos requiere que cada fase de producci\u00f3n, almacenamiento y transporte se lleve a cabo con sistemas de producci\u00f3n y tanques&hellip;\" \/>\n<meta property=\"og:url\" content=\"https:\/\/www.euspray.com\/es\/productos\/boquillas-de-limpieza\/\" \/>\n<meta property=\"og:site_name\" content=\"Euspray\" \/>\n<meta property=\"article:modified_time\" content=\"2022-03-17T14:50:04+00:00\" \/>\n<meta name=\"twitter:card\" content=\"summary_large_image\" \/>\n<meta name=\"twitter:label1\" content=\"Tiempo de lectura\" \/>\n\t<meta name=\"twitter:data1\" content=\"2 minutos\" \/>\n<script type=\"application\/ld+json\" class=\"yoast-schema-graph\">{\"@context\":\"https:\/\/schema.org\",\"@graph\":[{\"@type\":\"WebPage\",\"@id\":\"https:\/\/www.euspray.com\/es\/productos\/boquillas-de-limpieza\/\",\"url\":\"https:\/\/www.euspray.com\/es\/productos\/boquillas-de-limpieza\/\",\"name\":\"Boquillas de limpieza - Euspray\",\"isPartOf\":{\"@id\":\"https:\/\/www.euspray.com\/es\/#website\"},\"datePublished\":\"2021-11-15T15:15:16+00:00\",\"dateModified\":\"2022-03-17T14:50:04+00:00\",\"breadcrumb\":{\"@id\":\"https:\/\/www.euspray.com\/es\/productos\/boquillas-de-limpieza\/#breadcrumb\"},\"inLanguage\":\"es\",\"potentialAction\":[{\"@type\":\"ReadAction\",\"target\":[\"https:\/\/www.euspray.com\/es\/productos\/boquillas-de-limpieza\/\"]}]},{\"@type\":\"BreadcrumbList\",\"@id\":\"https:\/\/www.euspray.com\/es\/productos\/boquillas-de-limpieza\/#breadcrumb\",\"itemListElement\":[{\"@type\":\"ListItem\",\"position\":1,\"name\":\"Home\",\"item\":\"https:\/\/www.euspray.com\/es\/\"},{\"@type\":\"ListItem\",\"position\":2,\"name\":\"Productos\",\"item\":\"https:\/\/www.euspray.com\/es\/productos\/\"},{\"@type\":\"ListItem\",\"position\":3,\"name\":\"Boquillas de limpieza\"}]},{\"@type\":\"WebSite\",\"@id\":\"https:\/\/www.euspray.com\/es\/#website\",\"url\":\"https:\/\/www.euspray.com\/es\/\",\"name\":\"Euspray\",\"description\":\"Ugelli, teste di lavaggio e filtri\",\"potentialAction\":[{\"@type\":\"SearchAction\",\"target\":{\"@type\":\"EntryPoint\",\"urlTemplate\":\"https:\/\/www.euspray.com\/es\/?s={search_term_string}\"},\"query-input\":{\"@type\":\"PropertyValueSpecification\",\"valueRequired\":true,\"valueName\":\"search_term_string\"}}],\"inLanguage\":\"es\"}]}<\/script>\n<!-- \/ Yoast SEO plugin. -->","yoast_head_json":{"title":"Boquillas de limpieza - Euspray","robots":{"index":"index","follow":"follow","max-snippet":"max-snippet:-1","max-image-preview":"max-image-preview:large","max-video-preview":"max-video-preview:-1"},"canonical":"https:\/\/www.euspray.com\/es\/productos\/boquillas-de-limpieza\/","og_locale":"es_ES","og_type":"article","og_title":"Boquillas de limpieza - Euspray","og_description":"[vc_row type=\u00bbvc_default\u00bb][vc_column css=\u00bb.vc_custom_1498229431694{padding-bottom: 50px !important;}\u00bb][vc_basic_grid post_type=\u00bbpost\u00bb max_items=\u00bb-1&#8243; style=\u00bblazy\u00bb element_width=\u00bb3&#8243; gap=\u00bb20&#8243; item=\u00bb27461&#8243; grid_id=\u00bbvc_gid:1647526595511-aa6d964c-7586-7&#8243; taxonomies=\u00bb1007&#8243;][vc_column_text]Las boquillas de limpieza fijas o rotativas\u00a0est\u00e1n dise\u00f1adas espec\u00edficamente para el lavado de tanques. La necesidad de garantizar la calidad constante de los productos requiere que cada fase de producci\u00f3n, almacenamiento y transporte se lleve a cabo con sistemas de producci\u00f3n y tanques&hellip;","og_url":"https:\/\/www.euspray.com\/es\/productos\/boquillas-de-limpieza\/","og_site_name":"Euspray","article_modified_time":"2022-03-17T14:50:04+00:00","twitter_card":"summary_large_image","twitter_misc":{"Tiempo de lectura":"2 minutos"},"schema":{"@context":"https:\/\/schema.org","@graph":[{"@type":"WebPage","@id":"https:\/\/www.euspray.com\/es\/productos\/boquillas-de-limpieza\/","url":"https:\/\/www.euspray.com\/es\/productos\/boquillas-de-limpieza\/","name":"Boquillas de limpieza - Euspray","isPartOf":{"@id":"https:\/\/www.euspray.com\/es\/#website"},"datePublished":"2021-11-15T15:15:16+00:00","dateModified":"2022-03-17T14:50:04+00:00","breadcrumb":{"@id":"https:\/\/www.euspray.com\/es\/productos\/boquillas-de-limpieza\/#breadcrumb"},"inLanguage":"es","potentialAction":[{"@type":"ReadAction","target":["https:\/\/www.euspray.com\/es\/productos\/boquillas-de-limpieza\/"]}]},{"@type":"BreadcrumbList","@id":"https:\/\/www.euspray.com\/es\/productos\/boquillas-de-limpieza\/#breadcrumb","itemListElement":[{"@type":"ListItem","position":1,"name":"Home","item":"https:\/\/www.euspray.com\/es\/"},{"@type":"ListItem","position":2,"name":"Productos","item":"https:\/\/www.euspray.com\/es\/productos\/"},{"@type":"ListItem","position":3,"name":"Boquillas de limpieza"}]},{"@type":"WebSite","@id":"https:\/\/www.euspray.com\/es\/#website","url":"https:\/\/www.euspray.com\/es\/","name":"Euspray","description":"Ugelli, teste di lavaggio e filtri","potentialAction":[{"@type":"SearchAction","target":{"@type":"EntryPoint","urlTemplate":"https:\/\/www.euspray.com\/es\/?s={search_term_string}"},"query-input":{"@type":"PropertyValueSpecification","valueRequired":true,"valueName":"search_term_string"}}],"inLanguage":"es"}]}},"_links":{"self":[{"href":"https:\/\/www.euspray.com\/es\/wp-json\/wp\/v2\/pages\/27334","targetHints":{"allow":["GET"]}}],"collection":[{"href":"https:\/\/www.euspray.com\/es\/wp-json\/wp\/v2\/pages"}],"about":[{"href":"https:\/\/www.euspray.com\/es\/wp-json\/wp\/v2\/types\/page"}],"author":[{"embeddable":true,"href":"https:\/\/www.euspray.com\/es\/wp-json\/wp\/v2\/users\/1"}],"replies":[{"embeddable":true,"href":"https:\/\/www.euspray.com\/es\/wp-json\/wp\/v2\/comments?post=27334"}],"version-history":[{"count":4,"href":"https:\/\/www.euspray.com\/es\/wp-json\/wp\/v2\/pages\/27334\/revisions"}],"predecessor-version":[{"id":28262,"href":"https:\/\/www.euspray.com\/es\/wp-json\/wp\/v2\/pages\/27334\/revisions\/28262"}],"up":[{"embeddable":true,"href":"https:\/\/www.euspray.com\/es\/wp-json\/wp\/v2\/pages\/27302"}],"wp:attachment":[{"href":"https:\/\/www.euspray.com\/es\/wp-json\/wp\/v2\/media?parent=27334"}],"curies":[{"name":"wp","href":"https:\/\/api.w.org\/{rel}","templated":true}]}}