{"id":27319,"date":"2021-12-06T14:25:09","date_gmt":"2021-12-06T14:25:09","guid":{"rendered":"https:\/\/www.euspray.com\/prodotti\/filtri-e-sistemi-di-filtrazione-2\/"},"modified":"2022-01-25T07:48:11","modified_gmt":"2022-01-25T07:48:11","slug":"filtros-estaticos","status":"publish","type":"page","link":"https:\/\/www.euspray.com\/es\/productos\/filtros-estaticos\/","title":{"rendered":"Filtros est\u00e1ticos"},"content":{"rendered":"<p>[vc_row type=\u00bbvc_default\u00bb][vc_column css=\u00bb.vc_custom_1498229431694{padding-bottom: 50px !important;}\u00bb][vc_basic_grid post_type=\u00bbpost\u00bb max_items=\u00bb-1&#8243; style=\u00bblazy\u00bb element_width=\u00bb3&#8243; item=\u00bb27461&#8243; grid_id=\u00bbvc_gid:1643096878325-fbc677e2-5291-10&#8243; taxonomies=\u00bb1139&#8243;][vc_empty_space height=\u00bb15px\u00bb]<div id=\"ultimate-heading-56069ecb84edf987\" class=\"uvc-heading ult-adjust-bottom-margin ultimate-heading-56069ecb84edf987 uvc-4184 \" data-hspacer=\"no_spacer\"  data-halign=\"left\" style=\"text-align:left\"><div class=\"uvc-heading-spacer no_spacer\" style=\"top\"><\/div><div class=\"uvc-main-heading ult-responsive\"  data-ultimate-target='.uvc-heading.ultimate-heading-56069ecb84edf987 h2'  data-responsive-json-new='{\"font-size\":\"desktop:28px;\",\"line-height\":\"desktop:32px;\"}' ><h2 style=\"font-weight:bold;margin-bottom:20px;\">Los sistemas de filtraci\u00f3n euspray<\/h2><\/div><\/div>[vc_column_text]Los sistemas de filtraci\u00f3n Euspray se utilizan para separar part\u00edculas s\u00f3lidas suspendidas en l\u00edquidos mediante el uso de elementos de filtro llamados cartuchos.<\/p>\n<p>Dentro de nuestra gama de productos, adem\u00e1s de los filtros auto limpiantes, hay filtros EST\u00c1TICOS EN L\u00cdNEA.<\/p>\n<p>Estos filtros han sido dise\u00f1ados para satisfacer las necesidades de filtraci\u00f3n m\u00e1s variadas y est\u00e1n fabricados con materiales de alta calidad cuales acero AISI304L\/316L.[\/vc_column_text][vc_empty_space height=\u00bb15px\u00bb]<div id=\"ultimate-heading-747269ecb84edfa07\" class=\"uvc-heading ult-adjust-bottom-margin ultimate-heading-747269ecb84edfa07 uvc-9259 \" data-hspacer=\"no_spacer\"  data-halign=\"left\" style=\"text-align:left\"><div class=\"uvc-heading-spacer no_spacer\" style=\"top\"><\/div><div class=\"uvc-main-heading ult-responsive\"  data-ultimate-target='.uvc-heading.ultimate-heading-747269ecb84edfa07 h3'  data-responsive-json-new='{\"font-size\":\"desktop:22px;\",\"line-height\":\"desktop:32px;\"}' ><h3 style=\"font-weight:bold;margin-bottom:20px;\">\u00bfPor qu\u00e9 elegir un filtro Euspray?<\/h3><\/div><\/div><div class=\"smile_icon_list_wrap ult_info_list_container ult-adjust-bottom-margin  \"><ul class=\"smile_icon_list left hexagon\"><li class=\"icon_list_item\" style=\" font-size:66px;\"><div class=\"icon_list_icon\" data-animation=\"\" data-animation-delay=\"03\" style=\"font-size:22px;background:#1e73be;color:#ffffff;border-color:#1e73be;\"><i class=\"icomoon-the7-font-the7-arrow-27\" ><\/i><\/div><div class=\"icon_description\" id=\"Info-list-wrap-5761\" style=\"font-size:22px;\"><h3 class=\"ult-responsive info-list-heading\"  data-ultimate-target='#Info-list-wrap-5761 h3'  data-responsive-json-new='{\"font-size\":\"desktop:16px;\",\"line-height\":\"desktop:24px;\"}'  style=\"\">Continuidad de funcionamiento<\/h3><div class=\"icon_description_text ult-responsive\"  data-ultimate-target='#Info-list-wrap-5761 .icon_description_text'  data-responsive-json-new='{\"font-size\":\"desktop:13px;\",\"line-height\":\"desktop:18px;\"}'  style=\"\"><p>elimina las paradas en las instalaciones en las cuales se encuentran montados, debido a la limpieza de los comunes filtros est\u00e1ticos de l\u00ednea o a limpieza en contra lavado del mismo filtro<\/p>\n<\/div><\/div><div class=\"icon_list_connector\"  style=\"border-right-width: 1px;border-right-style: dashed;border-color: #1e73be;\"><\/div><\/li><li class=\"icon_list_item\" style=\" font-size:66px;\"><div class=\"icon_list_icon\" data-animation=\"\" data-animation-delay=\"03\" style=\"font-size:22px;background:#1e73be;color:#ffffff;border-color:#1e73be;\"><i class=\"fas fa-cash-register\" ><\/i><\/div><div class=\"icon_description\" id=\"Info-list-wrap-4469\" style=\"font-size:22px;\"><h3 class=\"ult-responsive info-list-heading\"  data-ultimate-target='#Info-list-wrap-4469 h3'  data-responsive-json-new='{\"font-size\":\"desktop:16px;\",\"line-height\":\"desktop:24px;\"}'  style=\"\">Bajos costos de funcionamiento<\/h3><div class=\"icon_description_text ult-responsive\"  data-ultimate-target='#Info-list-wrap-4469 .icon_description_text'  data-responsive-json-new='{\"font-size\":\"desktop:13px;\",\"line-height\":\"desktop:18px;\"}'  style=\"\"><ul>\n<li>baja potencia el\u00e9ctrica empleada,<\/li>\n<li>menor mantenimiento en las piezas interna del filtro, como boquillas pulverizadoras, juntas, etc<\/li>\n<\/ul>\n<\/div><\/div><div class=\"icon_list_connector\"  style=\"border-right-width: 1px;border-right-style: dashed;border-color: #1e73be;\"><\/div><\/li><li class=\"icon_list_item\" style=\" font-size:66px;\"><div class=\"icon_list_icon\" data-animation=\"\" data-animation-delay=\"03\" style=\"font-size:22px;background:#1e73be;color:#ffffff;border-color:#1e73be;\"><i class=\"fas fa-water\" ><\/i><\/div><div class=\"icon_description\" id=\"Info-list-wrap-1426\" style=\"font-size:22px;\"><h3 class=\"ult-responsive info-list-heading\"  data-ultimate-target='#Info-list-wrap-1426 h3'  data-responsive-json-new='{\"font-size\":\"desktop:16px;\",\"line-height\":\"desktop:24px;\"}'  style=\"\">Vaciado de las impurezas<\/h3><div class=\"icon_description_text ult-responsive\"  data-ultimate-target='#Info-list-wrap-1426 .icon_description_text'  data-responsive-json-new='{\"font-size\":\"desktop:13px;\",\"line-height\":\"desktop:18px;\"}'  style=\"\"><\/div><\/div><div class=\"icon_list_connector\"  style=\"border-right-width: 1px;border-right-style: dashed;border-color: #1e73be;\"><\/div><\/li><li class=\"icon_list_item\" style=\" font-size:66px;\"><div class=\"icon_list_icon\" data-animation=\"\" data-animation-delay=\"03\" style=\"font-size:22px;background:#1e73be;color:#ffffff;border-color:#1e73be;\"><i class=\"fab fa-watchman-monitoring\" ><\/i><\/div><div class=\"icon_description\" id=\"Info-list-wrap-4058\" style=\"font-size:22px;\"><h3 class=\"ult-responsive info-list-heading\"  data-ultimate-target='#Info-list-wrap-4058 h3'  data-responsive-json-new='{\"font-size\":\"desktop:16px;\",\"line-height\":\"desktop:24px;\"}'  style=\"\">Mantenimiento facilitado<\/h3><div class=\"icon_description_text ult-responsive\"  data-ultimate-target='#Info-list-wrap-4058 .icon_description_text'  data-responsive-json-new='{\"font-size\":\"desktop:13px;\",\"line-height\":\"desktop:18px;\"}'  style=\"\"><ul>\n<li>pocos componentes sujetos a desgaste,<\/li>\n<li>simplicidad en las operaciones de desmontaje,<\/li>\n<li>posibilidad de programar intervenciones de mantenimiento en colaboraci\u00f3n con nuestra empresa<\/li>\n<\/ul>\n<\/div><\/div><div class=\"icon_list_connector\"  style=\"border-right-width: 1px;border-right-style: dashed;border-color: #1e73be;\"><\/div><\/li><li class=\"icon_list_item\" style=\" font-size:66px;\"><div class=\"icon_list_icon\" data-animation=\"\" data-animation-delay=\"03\" style=\"font-size:22px;background:#1e73be;color:#ffffff;border-color:#1e73be;\"><i class=\"icomoon-icomoonfree-16x16-font-size\" ><\/i><\/div><div class=\"icon_description\" id=\"Info-list-wrap-4863\" style=\"font-size:22px;\"><h3 class=\"ult-responsive info-list-heading\"  data-ultimate-target='#Info-list-wrap-4863 h3'  data-responsive-json-new='{\"font-size\":\"desktop:16px;\",\"line-height\":\"desktop:24px;\"}'  style=\"\">Dimensiones reducidas<\/h3><div class=\"icon_description_text ult-responsive\"  data-ultimate-target='#Info-list-wrap-4863 .icon_description_text'  data-responsive-json-new='{\"font-size\":\"desktop:13px;\",\"line-height\":\"desktop:18px;\"}'  style=\"\"><p>dimensiones m\u00e1ximas reducidas para aplicaci\u00f3n en cualquier sistema.<\/p>\n<\/div><\/div><div class=\"icon_list_connector\"  style=\"border-right-width: 1px;border-right-style: dashed;border-color: #1e73be;\"><\/div><\/li><li class=\"icon_list_item\" style=\" font-size:66px;\"><div class=\"icon_list_icon\" data-animation=\"\" data-animation-delay=\"03\" style=\"font-size:22px;background:#1e73be;color:#ffffff;border-color:#1e73be;\"><i class=\"fas fa-user-cog\" ><\/i><\/div><div class=\"icon_description\" id=\"Info-list-wrap-3642\" style=\"font-size:22px;\"><h3 class=\"ult-responsive info-list-heading\"  data-ultimate-target='#Info-list-wrap-3642 h3'  data-responsive-json-new='{\"font-size\":\"desktop:16px;\",\"line-height\":\"desktop:24px;\"}'  style=\"\">Servicio t\u00e9cnico<\/h3><div class=\"icon_description_text ult-responsive\"  data-ultimate-target='#Info-list-wrap-3642 .icon_description_text'  data-responsive-json-new='{\"font-size\":\"desktop:13px;\",\"line-height\":\"desktop:18px;\"}'  style=\"\"><p>estudio de soluciones a medida y asistencia<\/p>\n<\/div><\/div><div class=\"icon_list_connector\"  style=\"border-right-width: 1px;border-right-style: dashed;border-color: #1e73be;\"><\/div><\/li><\/ul><\/div>[vc_empty_space height=\u00bb15px\u00bb][vc_column_text]Para obtener m\u00e1s informaci\u00f3n sobre aplicaciones generales o aplicaciones espec\u00edficas, puedes ponerte en contacto directamente con nuestros especialistas t\u00e9cnicos y comerciales.<\/p>\n<p>Alternativamente, es posible completar el formulario t\u00e9cnico\u00a0<a href=\"https:\/\/www.euspray.com\/es\/productos\/filtros\/ficha-datos-filtros\/\">pinchando aqu\u00ed<\/a>.<\/p>\n<p>correo electr\u00f3nico: export@euspray.com<\/p>\n<p>tel. 0.034,934773846<\/p>\n<p>\u00a1Cont\u00e1ctanos y encuentra la mejor soluci\u00f3n para ti!<\/p>\n<p>Para ver todos nuestros cat\u00e1logos\u00a0<a href=\"https:\/\/www.euspray.com\/es\/catalogos\/\">pincha aqu\u00ed<\/a>.[\/vc_column_text][\/vc_column][vc_column css=\u00bb.vc_custom_1498229445232{padding-bottom: 50px !important;}\u00bb][\/vc_column][\/vc_row][vc_row][vc_column][\/vc_column][\/vc_row]<\/p>\n","protected":false},"excerpt":{"rendered":"<p>[vc_row type=\u00bbvc_default\u00bb][vc_column css=\u00bb.vc_custom_1498229431694{padding-bottom: 50px !important;}\u00bb][vc_basic_grid post_type=\u00bbpost\u00bb max_items=\u00bb-1&#8243; style=\u00bblazy\u00bb element_width=\u00bb3&#8243; item=\u00bb27461&#8243; grid_id=\u00bbvc_gid:1643096878325-fbc677e2-5291-10&#8243; taxonomies=\u00bb1139&#8243;][vc_empty_space height=\u00bb15px\u00bb][vc_column_text]Los sistemas de filtraci\u00f3n Euspray se utilizan para separar part\u00edculas s\u00f3lidas suspendidas en l\u00edquidos mediante el uso de elementos de filtro llamados cartuchos. Dentro de nuestra gama de productos, adem\u00e1s de los filtros auto limpiantes, hay filtros EST\u00c1TICOS EN L\u00cdNEA. Estos filtros han&hellip;<\/p>\n","protected":false},"author":1,"featured_media":0,"parent":27302,"menu_order":100,"comment_status":"closed","ping_status":"closed","template":"","meta":{"footnotes":""},"class_list":["post-27319","page","type-page","status-publish","hentry","description-off"],"yoast_head":"<!-- This site is optimized with the Yoast SEO plugin v26.8 - https:\/\/yoast.com\/product\/yoast-seo-wordpress\/ -->\n<title>Filtros est\u00e1ticos - Euspray<\/title>\n<meta name=\"robots\" content=\"index, follow, max-snippet:-1, max-image-preview:large, max-video-preview:-1\" \/>\n<link rel=\"canonical\" href=\"https:\/\/www.euspray.com\/prodotti\/filtri-e-sistemi-di-filtrazione-2\/\" \/>\n<meta property=\"og:locale\" content=\"es_ES\" \/>\n<meta property=\"og:type\" content=\"article\" \/>\n<meta property=\"og:title\" content=\"Filtros est\u00e1ticos - Euspray\" \/>\n<meta property=\"og:description\" content=\"[vc_row type=\u00bbvc_default\u00bb][vc_column css=\u00bb.vc_custom_1498229431694{padding-bottom: 50px !important;}\u00bb][vc_basic_grid post_type=\u00bbpost\u00bb max_items=\u00bb-1&#8243; style=\u00bblazy\u00bb element_width=\u00bb3&#8243; item=\u00bb27461&#8243; grid_id=\u00bbvc_gid:1643096878325-fbc677e2-5291-10&#8243; taxonomies=\u00bb1139&#8243;][vc_empty_space height=\u00bb15px\u00bb][vc_column_text]Los sistemas de filtraci\u00f3n Euspray se utilizan para separar part\u00edculas s\u00f3lidas suspendidas en l\u00edquidos mediante el uso de elementos de filtro llamados cartuchos. Dentro de nuestra gama de productos, adem\u00e1s de los filtros auto limpiantes, hay filtros EST\u00c1TICOS EN L\u00cdNEA. Estos filtros han&hellip;\" \/>\n<meta property=\"og:url\" content=\"https:\/\/www.euspray.com\/prodotti\/filtri-e-sistemi-di-filtrazione-2\/\" \/>\n<meta property=\"og:site_name\" content=\"Euspray\" \/>\n<meta property=\"article:modified_time\" content=\"2022-01-25T07:48:11+00:00\" \/>\n<meta name=\"twitter:card\" content=\"summary_large_image\" \/>\n<meta name=\"twitter:label1\" content=\"Tiempo de lectura\" \/>\n\t<meta name=\"twitter:data1\" content=\"3 minutos\" \/>\n<script type=\"application\/ld+json\" class=\"yoast-schema-graph\">{\"@context\":\"https:\/\/schema.org\",\"@graph\":[{\"@type\":\"WebPage\",\"@id\":\"https:\/\/www.euspray.com\/prodotti\/filtri-e-sistemi-di-filtrazione-2\/\",\"url\":\"https:\/\/www.euspray.com\/prodotti\/filtri-e-sistemi-di-filtrazione-2\/\",\"name\":\"Filtros est\u00e1ticos - Euspray\",\"isPartOf\":{\"@id\":\"https:\/\/www.euspray.com\/es\/#website\"},\"datePublished\":\"2021-12-06T14:25:09+00:00\",\"dateModified\":\"2022-01-25T07:48:11+00:00\",\"breadcrumb\":{\"@id\":\"https:\/\/www.euspray.com\/prodotti\/filtri-e-sistemi-di-filtrazione-2\/#breadcrumb\"},\"inLanguage\":\"es\",\"potentialAction\":[{\"@type\":\"ReadAction\",\"target\":[\"https:\/\/www.euspray.com\/prodotti\/filtri-e-sistemi-di-filtrazione-2\/\"]}]},{\"@type\":\"BreadcrumbList\",\"@id\":\"https:\/\/www.euspray.com\/prodotti\/filtri-e-sistemi-di-filtrazione-2\/#breadcrumb\",\"itemListElement\":[{\"@type\":\"ListItem\",\"position\":1,\"name\":\"Home\",\"item\":\"https:\/\/www.euspray.com\/es\/\"},{\"@type\":\"ListItem\",\"position\":2,\"name\":\"Productos\",\"item\":\"https:\/\/www.euspray.com\/es\/productos\/\"},{\"@type\":\"ListItem\",\"position\":3,\"name\":\"Filtros est\u00e1ticos\"}]},{\"@type\":\"WebSite\",\"@id\":\"https:\/\/www.euspray.com\/es\/#website\",\"url\":\"https:\/\/www.euspray.com\/es\/\",\"name\":\"Euspray\",\"description\":\"Ugelli, teste di lavaggio e filtri\",\"potentialAction\":[{\"@type\":\"SearchAction\",\"target\":{\"@type\":\"EntryPoint\",\"urlTemplate\":\"https:\/\/www.euspray.com\/es\/?s={search_term_string}\"},\"query-input\":{\"@type\":\"PropertyValueSpecification\",\"valueRequired\":true,\"valueName\":\"search_term_string\"}}],\"inLanguage\":\"es\"}]}<\/script>\n<!-- \/ Yoast SEO plugin. -->","yoast_head_json":{"title":"Filtros est\u00e1ticos - Euspray","robots":{"index":"index","follow":"follow","max-snippet":"max-snippet:-1","max-image-preview":"max-image-preview:large","max-video-preview":"max-video-preview:-1"},"canonical":"https:\/\/www.euspray.com\/prodotti\/filtri-e-sistemi-di-filtrazione-2\/","og_locale":"es_ES","og_type":"article","og_title":"Filtros est\u00e1ticos - Euspray","og_description":"[vc_row type=\u00bbvc_default\u00bb][vc_column css=\u00bb.vc_custom_1498229431694{padding-bottom: 50px !important;}\u00bb][vc_basic_grid post_type=\u00bbpost\u00bb max_items=\u00bb-1&#8243; style=\u00bblazy\u00bb element_width=\u00bb3&#8243; item=\u00bb27461&#8243; grid_id=\u00bbvc_gid:1643096878325-fbc677e2-5291-10&#8243; taxonomies=\u00bb1139&#8243;][vc_empty_space height=\u00bb15px\u00bb][vc_column_text]Los sistemas de filtraci\u00f3n Euspray se utilizan para separar part\u00edculas s\u00f3lidas suspendidas en l\u00edquidos mediante el uso de elementos de filtro llamados cartuchos. Dentro de nuestra gama de productos, adem\u00e1s de los filtros auto limpiantes, hay filtros EST\u00c1TICOS EN L\u00cdNEA. Estos filtros han&hellip;","og_url":"https:\/\/www.euspray.com\/prodotti\/filtri-e-sistemi-di-filtrazione-2\/","og_site_name":"Euspray","article_modified_time":"2022-01-25T07:48:11+00:00","twitter_card":"summary_large_image","twitter_misc":{"Tiempo de lectura":"3 minutos"},"schema":{"@context":"https:\/\/schema.org","@graph":[{"@type":"WebPage","@id":"https:\/\/www.euspray.com\/prodotti\/filtri-e-sistemi-di-filtrazione-2\/","url":"https:\/\/www.euspray.com\/prodotti\/filtri-e-sistemi-di-filtrazione-2\/","name":"Filtros est\u00e1ticos - Euspray","isPartOf":{"@id":"https:\/\/www.euspray.com\/es\/#website"},"datePublished":"2021-12-06T14:25:09+00:00","dateModified":"2022-01-25T07:48:11+00:00","breadcrumb":{"@id":"https:\/\/www.euspray.com\/prodotti\/filtri-e-sistemi-di-filtrazione-2\/#breadcrumb"},"inLanguage":"es","potentialAction":[{"@type":"ReadAction","target":["https:\/\/www.euspray.com\/prodotti\/filtri-e-sistemi-di-filtrazione-2\/"]}]},{"@type":"BreadcrumbList","@id":"https:\/\/www.euspray.com\/prodotti\/filtri-e-sistemi-di-filtrazione-2\/#breadcrumb","itemListElement":[{"@type":"ListItem","position":1,"name":"Home","item":"https:\/\/www.euspray.com\/es\/"},{"@type":"ListItem","position":2,"name":"Productos","item":"https:\/\/www.euspray.com\/es\/productos\/"},{"@type":"ListItem","position":3,"name":"Filtros est\u00e1ticos"}]},{"@type":"WebSite","@id":"https:\/\/www.euspray.com\/es\/#website","url":"https:\/\/www.euspray.com\/es\/","name":"Euspray","description":"Ugelli, teste di lavaggio e filtri","potentialAction":[{"@type":"SearchAction","target":{"@type":"EntryPoint","urlTemplate":"https:\/\/www.euspray.com\/es\/?s={search_term_string}"},"query-input":{"@type":"PropertyValueSpecification","valueRequired":true,"valueName":"search_term_string"}}],"inLanguage":"es"}]}},"_links":{"self":[{"href":"https:\/\/www.euspray.com\/es\/wp-json\/wp\/v2\/pages\/27319","targetHints":{"allow":["GET"]}}],"collection":[{"href":"https:\/\/www.euspray.com\/es\/wp-json\/wp\/v2\/pages"}],"about":[{"href":"https:\/\/www.euspray.com\/es\/wp-json\/wp\/v2\/types\/page"}],"author":[{"embeddable":true,"href":"https:\/\/www.euspray.com\/es\/wp-json\/wp\/v2\/users\/1"}],"replies":[{"embeddable":true,"href":"https:\/\/www.euspray.com\/es\/wp-json\/wp\/v2\/comments?post=27319"}],"version-history":[{"count":3,"href":"https:\/\/www.euspray.com\/es\/wp-json\/wp\/v2\/pages\/27319\/revisions"}],"predecessor-version":[{"id":27985,"href":"https:\/\/www.euspray.com\/es\/wp-json\/wp\/v2\/pages\/27319\/revisions\/27985"}],"up":[{"embeddable":true,"href":"https:\/\/www.euspray.com\/es\/wp-json\/wp\/v2\/pages\/27302"}],"wp:attachment":[{"href":"https:\/\/www.euspray.com\/es\/wp-json\/wp\/v2\/media?parent=27319"}],"curies":[{"name":"wp","href":"https:\/\/api.w.org\/{rel}","templated":true}]}}