{"id":27316,"date":"2021-12-06T13:41:50","date_gmt":"2021-12-06T13:41:50","guid":{"rendered":"https:\/\/www.euspray.com\/prodotti\/filtri-autopulenti\/"},"modified":"2025-04-01T15:06:55","modified_gmt":"2025-04-01T15:06:55","slug":"filtros-autolimpiantes","status":"publish","type":"page","link":"https:\/\/www.euspray.com\/es\/productos\/filtros-autolimpiantes\/","title":{"rendered":"Filtros autolimpiantes"},"content":{"rendered":"<p>[vc_row type=\u00bbvc_default\u00bb][vc_column css=\u00bb.vc_custom_1498229431694{padding-bottom: 50px !important;}\u00bb]<div id=\"ultimate-heading-274869ecfaa3ae3cb\" class=\"uvc-heading ult-adjust-bottom-margin ultimate-heading-274869ecfaa3ae3cb uvc-4930 accent-border-color uvc-heading-default-font-sizes\" data-hspacer=\"line_only\"  data-halign=\"left\" style=\"text-align:left\"><div class=\"uvc-main-heading ult-responsive\"  data-ultimate-target='.uvc-heading.ultimate-heading-274869ecfaa3ae3cb h2'  data-responsive-json-new='{\"font-size\":\"\",\"line-height\":\"\"}' ><h2 style=\"font-weight:bold;margin-bottom:5px;\">FILTROS AUTOLIMPIANTES INDUSTRIALES AUTOM\u00c1TICOS<\/h2><\/div><div class=\"uvc-heading-spacer line_only\" style=\"margin-bottom:20px;height:4px;\"><span class=\"uvc-headings-line\" style=\"border-style:solid;border-bottom-width:4px;border-color:#ccc;width:200px;\"><\/span><\/div><\/div>[vc_column_text]<\/p>\n<p class=\"p1\">Nuestros filtros autolimpiantes de alta calidad, totalmente autom\u00e1ticos y cuidadosamente dise\u00f1ados, son ideales para la filtraci\u00f2n de agua y l\u00edquidos industriales. Gracias a su eficacia en la separaci\u00f3n de part\u00edculas s\u00f3lidas en suspensi\u00f3n, protegen las plantas de acumulaciones que podr\u00edan comprometer la productividad. Ofrecemos una amplia gama de filtros de agua autolimpiantes, incluidos filtros de agua de pozo autolimpiantes y filtros de acero inoxidable, ideales para diversas aplicaciones industriales.<\/p>\n<p>[\/vc_column_text][vc_single_image image=\u00bb38406&#8243; img_size=\u00bbfull\u00bb][vc_column_text]<\/p>\n<p class=\"p1\">En comparaci\u00f3n con los filtros de cesta, nuestros filtros autolimpiables ofrecen un funcionamiento m\u00e1s eficaz y un mantenimiento reducido, garantizando un rendimiento superior. Nuestros filtros de agua industriales y sistemas de filtraci\u00f3n de agua son perfectos para agua de pozos, manantiales, r\u00edos, el mar, o para aguas de proceso y residuales, mejorando su calidad. Adem\u00e1s, dise\u00f1amos el filtro autolimpiante autom\u00e1tico para garantizar una larga vida \u00fatil, reducir los costes operativos y aumentar la productividad de la planta. Descubra tambi\u00e9n soluciones para la filtraci\u00f3n de vino o filtros de pintura a base de agua que cumplen requisitos industriales espec\u00edficos.<\/p>\n<p>[\/vc_column_text][vc_basic_grid post_type=\u00bbpost\u00bb max_items=\u00bb1000&#8243; element_width=\u00bb6&#8243; gap=\u00bb10&#8243; order=\u00bbASC\u00bb item=\u00bb27256&#8243; grid_id=\u00bbvc_gid:1743519982729-4afe5413c6985f12ea91fd48ae997f6c-7&#8243; taxonomies=\u00bb1137&#8243;][\/vc_column][\/vc_row][vc_row][vc_column]<div id=\"ultimate-heading-16769ecfaa3ae47a\" class=\"uvc-heading ult-adjust-bottom-margin ultimate-heading-16769ecfaa3ae47a uvc-9970 accent-border-color uvc-heading-default-font-sizes\" data-hspacer=\"line_only\"  data-halign=\"left\" style=\"text-align:left\"><div class=\"uvc-main-heading ult-responsive\"  data-ultimate-target='.uvc-heading.ultimate-heading-16769ecfaa3ae47a h2'  data-responsive-json-new='{\"font-size\":\"\",\"line-height\":\"\"}' ><h2 style=\"font-weight:bold;margin-bottom:5px;\">PRINCIPIO DE FUNCIONAMIENTO<\/h2><\/div><div class=\"uvc-heading-spacer line_only\" style=\"margin-bottom:20px;height:4px;\"><span class=\"uvc-headings-line\" style=\"border-style:solid;border-bottom-width:4px;border-color:#ccc;width:200px;\"><\/span><\/div><\/div>[vc_column_text]<\/p>\n<p style=\"text-align: justify;\">El l\u00edquido por filtrar pasa a trav\u00e9s de un cartucho filtrante de acero inoxidable depositando las suspensiones s\u00f3lidas en la superficie interna del propio cartucho, y sale con el grado de filtraci\u00f3n deseado.<\/p>\n<p style=\"text-align: justify;\">Debido al dep\u00f3sito progresivo en la pared interna del cartucho de s\u00f3lidos suspendidos, se crea una diferencia de presi\u00f3n entre la entrada y la salida del filtro. Este valor es detectado por un man\u00f3metro diferencial que, una vez alcanzado el l\u00edmite establecido, transmitir\u00e1 la se\u00f1al al panel de control.<\/p>\n<p style=\"text-align: justify;\">En este punto, comienza el ciclo de limpieza autom\u00e1tica del cartucho de filtro. La forma particular de los cartuchos filtrantes facilita el paso de part\u00edculas m\u00e1s peque\u00f1as que el grado de filtraci\u00f3n elegido y la consiguiente facilidad de eliminaci\u00f3n de las retenidas.<\/p>\n<p>[\/vc_column_text][\/vc_column][\/vc_row][vc_row][vc_column width=\u00bb2\/5&#8243; css=\u00bb.vc_custom_1666623300193{padding-top: -10px !important;}\u00bb][vc_single_image image=\u00bb38170&#8243; img_size=\u00bbmedium\u00bb][\/vc_column][vc_column width=\u00bb1\/5&#8243;][vc_empty_space height=\u00bb130px\u00bb][vc_icon icon_fontawesome=\u00bbfas fa-arrow-right\u00bb color=\u00bbsky\u00bb size=\u00bblg\u00bb align=\u00bbcenter\u00bb][\/vc_column][vc_column width=\u00bb2\/5&#8243;][vc_single_image image=\u00bb38167&#8243; img_size=\u00bbmedium\u00bb][\/vc_column][\/vc_row][vc_row][vc_column][vc_column_text]<\/p>\n<p style=\"text-align: justify;\">El motorreductor, accionado por la unidad de control, gira un eje en el que se montan cuchillas de raspado que desprenden las impurezas acumuladas. Los mismos est\u00e1n disponibles en acero inoxidable + PTFE o un sistema especial patentado, adecuado para la eliminaci\u00f3n de fibras que son dif\u00edciles de eliminar de la superficie filtrante.<\/p>\n<p>[\/vc_column_text][\/vc_column][\/vc_row][vc_row][vc_column width=\u00bb2\/5&#8243;][vc_single_image image=\u00bb38161&#8243; img_size=\u00bbmedium\u00bb][\/vc_column][vc_column width=\u00bb1\/5&#8243;][vc_empty_space height=\u00bb130px\u00bb][vc_icon icon_fontawesome=\u00bbfas fa-arrow-right\u00bb color=\u00bbsky\u00bb size=\u00bblg\u00bb align=\u00bbcenter\u00bb][\/vc_column][vc_column width=\u00bb2\/5&#8243;][vc_single_image image=\u00bb38194&#8243; img_size=\u00bbmedium\u00bb][\/vc_column][\/vc_row][vc_row][vc_column][vc_column_text]<\/p>\n<p style=\"text-align: justify;\">A continuaci\u00f3n, toda la suciedad se elimina a trav\u00e9s de la apertura de una v\u00e1lvula de drenaje de acero inoxidable controlada neum\u00e1ticamente, situada en la parte inferior del filtro.<\/p>\n<p style=\"text-align: justify;\">El panel de control que gobierna todas las operaciones de limpieza del filtro tambi\u00e9n puede adaptarse a voltajes particulares. Est\u00e1 configurado para un ciclo totalmente autom\u00e1tico que funciona seg\u00fan los ajustes realizados por el usuario (tiempos de trabajo, tiempos de pausa, nivel de presi\u00f3n en el man\u00f3metro diferencial). Si desea interconectar el filtro de agua con los controles generales de la planta, es posible controlar de forma remota los controles de acuerdo con las necesidades del cliente.<\/p>\n<p style=\"text-align: justify;\">Las conexiones especiales colocadas en el filtro permiten el retrolavado manual del cartucho al final del trabajo.<\/p>\n<p>Se estudian versiones especiales con caracter\u00edsticas no est\u00e1ndar. Para obtener m\u00e1s informaci\u00f3n, rellene el <a href=\"https:\/\/www.euspray.com\/es\/productos\/ficha-datos-filtros\/\">formulario de recopilaci\u00f3n de datos <\/a> en la parte inferior del cat\u00e1logo.[\/vc_column_text][\/vc_column][\/vc_row][vc_row][vc_column][vc_column_text]<\/p>\n<h3>SCARICA IL CATALOGO FILTRI COMPLETO<\/h3>\n<p>[\/vc_column_text][vc_btn title=\u00bbRelated PDF\u00bb color=\u00bbprimary\u00bb link=\u00bburl:https%3A%2F%2Fwww.euspray.com%2Fdownload%2Fself-cleaning-and-static-filters-catalogue%2F%3Fwpdmdl%3D28203%26masterkey%3D621dff1c6c03b\u00bb][\/vc_column][\/vc_row]<\/p>\n","protected":false},"excerpt":{"rendered":"<p>[vc_row type=\u00bbvc_default\u00bb][vc_column css=\u00bb.vc_custom_1498229431694{padding-bottom: 50px !important;}\u00bb][vc_column_text] Nuestros filtros autolimpiantes de alta calidad, totalmente autom\u00e1ticos y cuidadosamente dise\u00f1ados, son ideales para la filtraci\u00f2n de agua y l\u00edquidos industriales. Gracias a su eficacia en la separaci\u00f3n de part\u00edculas s\u00f3lidas en suspensi\u00f3n, protegen las plantas de acumulaciones que podr\u00edan comprometer la productividad. Ofrecemos una amplia gama de filtros de&hellip;<\/p>\n","protected":false},"author":1,"featured_media":0,"parent":27302,"menu_order":100,"comment_status":"closed","ping_status":"closed","template":"","meta":{"footnotes":""},"class_list":["post-27316","page","type-page","status-publish","hentry","description-off"],"yoast_head":"<!-- This site is optimized with the Yoast SEO plugin v26.8 - https:\/\/yoast.com\/product\/yoast-seo-wordpress\/ -->\n<title>Filtros autolimpiantes - Euspray<\/title>\n<meta name=\"robots\" content=\"index, follow, max-snippet:-1, max-image-preview:large, max-video-preview:-1\" \/>\n<link rel=\"canonical\" href=\"https:\/\/www.euspray.com\/prodotti\/filtri-autopulenti\/\" \/>\n<meta property=\"og:locale\" content=\"es_ES\" \/>\n<meta property=\"og:type\" content=\"article\" \/>\n<meta property=\"og:title\" content=\"Filtros autolimpiantes - Euspray\" \/>\n<meta property=\"og:description\" content=\"[vc_row type=\u00bbvc_default\u00bb][vc_column css=\u00bb.vc_custom_1498229431694{padding-bottom: 50px !important;}\u00bb][vc_column_text] Nuestros filtros autolimpiantes de alta calidad, totalmente autom\u00e1ticos y cuidadosamente dise\u00f1ados, son ideales para la filtraci\u00f2n de agua y l\u00edquidos industriales. Gracias a su eficacia en la separaci\u00f3n de part\u00edculas s\u00f3lidas en suspensi\u00f3n, protegen las plantas de acumulaciones que podr\u00edan comprometer la productividad. Ofrecemos una amplia gama de filtros de&hellip;\" \/>\n<meta property=\"og:url\" content=\"https:\/\/www.euspray.com\/prodotti\/filtri-autopulenti\/\" \/>\n<meta property=\"og:site_name\" content=\"Euspray\" \/>\n<meta property=\"article:modified_time\" content=\"2025-04-01T15:06:55+00:00\" \/>\n<meta name=\"twitter:card\" content=\"summary_large_image\" \/>\n<meta name=\"twitter:label1\" content=\"Tiempo de lectura\" \/>\n\t<meta name=\"twitter:data1\" content=\"4 minutos\" \/>\n<script type=\"application\/ld+json\" class=\"yoast-schema-graph\">{\"@context\":\"https:\/\/schema.org\",\"@graph\":[{\"@type\":\"WebPage\",\"@id\":\"https:\/\/www.euspray.com\/prodotti\/filtri-autopulenti\/\",\"url\":\"https:\/\/www.euspray.com\/prodotti\/filtri-autopulenti\/\",\"name\":\"Filtros autolimpiantes - Euspray\",\"isPartOf\":{\"@id\":\"https:\/\/www.euspray.com\/es\/#website\"},\"datePublished\":\"2021-12-06T13:41:50+00:00\",\"dateModified\":\"2025-04-01T15:06:55+00:00\",\"breadcrumb\":{\"@id\":\"https:\/\/www.euspray.com\/prodotti\/filtri-autopulenti\/#breadcrumb\"},\"inLanguage\":\"es\",\"potentialAction\":[{\"@type\":\"ReadAction\",\"target\":[\"https:\/\/www.euspray.com\/prodotti\/filtri-autopulenti\/\"]}]},{\"@type\":\"BreadcrumbList\",\"@id\":\"https:\/\/www.euspray.com\/prodotti\/filtri-autopulenti\/#breadcrumb\",\"itemListElement\":[{\"@type\":\"ListItem\",\"position\":1,\"name\":\"Home\",\"item\":\"https:\/\/www.euspray.com\/es\/\"},{\"@type\":\"ListItem\",\"position\":2,\"name\":\"Productos\",\"item\":\"https:\/\/www.euspray.com\/es\/productos\/\"},{\"@type\":\"ListItem\",\"position\":3,\"name\":\"Filtros autolimpiantes\"}]},{\"@type\":\"WebSite\",\"@id\":\"https:\/\/www.euspray.com\/es\/#website\",\"url\":\"https:\/\/www.euspray.com\/es\/\",\"name\":\"Euspray\",\"description\":\"Ugelli, teste di lavaggio e filtri\",\"potentialAction\":[{\"@type\":\"SearchAction\",\"target\":{\"@type\":\"EntryPoint\",\"urlTemplate\":\"https:\/\/www.euspray.com\/es\/?s={search_term_string}\"},\"query-input\":{\"@type\":\"PropertyValueSpecification\",\"valueRequired\":true,\"valueName\":\"search_term_string\"}}],\"inLanguage\":\"es\"}]}<\/script>\n<!-- \/ Yoast SEO plugin. -->","yoast_head_json":{"title":"Filtros autolimpiantes - Euspray","robots":{"index":"index","follow":"follow","max-snippet":"max-snippet:-1","max-image-preview":"max-image-preview:large","max-video-preview":"max-video-preview:-1"},"canonical":"https:\/\/www.euspray.com\/prodotti\/filtri-autopulenti\/","og_locale":"es_ES","og_type":"article","og_title":"Filtros autolimpiantes - Euspray","og_description":"[vc_row type=\u00bbvc_default\u00bb][vc_column css=\u00bb.vc_custom_1498229431694{padding-bottom: 50px !important;}\u00bb][vc_column_text] Nuestros filtros autolimpiantes de alta calidad, totalmente autom\u00e1ticos y cuidadosamente dise\u00f1ados, son ideales para la filtraci\u00f2n de agua y l\u00edquidos industriales. Gracias a su eficacia en la separaci\u00f3n de part\u00edculas s\u00f3lidas en suspensi\u00f3n, protegen las plantas de acumulaciones que podr\u00edan comprometer la productividad. Ofrecemos una amplia gama de filtros de&hellip;","og_url":"https:\/\/www.euspray.com\/prodotti\/filtri-autopulenti\/","og_site_name":"Euspray","article_modified_time":"2025-04-01T15:06:55+00:00","twitter_card":"summary_large_image","twitter_misc":{"Tiempo de lectura":"4 minutos"},"schema":{"@context":"https:\/\/schema.org","@graph":[{"@type":"WebPage","@id":"https:\/\/www.euspray.com\/prodotti\/filtri-autopulenti\/","url":"https:\/\/www.euspray.com\/prodotti\/filtri-autopulenti\/","name":"Filtros autolimpiantes - Euspray","isPartOf":{"@id":"https:\/\/www.euspray.com\/es\/#website"},"datePublished":"2021-12-06T13:41:50+00:00","dateModified":"2025-04-01T15:06:55+00:00","breadcrumb":{"@id":"https:\/\/www.euspray.com\/prodotti\/filtri-autopulenti\/#breadcrumb"},"inLanguage":"es","potentialAction":[{"@type":"ReadAction","target":["https:\/\/www.euspray.com\/prodotti\/filtri-autopulenti\/"]}]},{"@type":"BreadcrumbList","@id":"https:\/\/www.euspray.com\/prodotti\/filtri-autopulenti\/#breadcrumb","itemListElement":[{"@type":"ListItem","position":1,"name":"Home","item":"https:\/\/www.euspray.com\/es\/"},{"@type":"ListItem","position":2,"name":"Productos","item":"https:\/\/www.euspray.com\/es\/productos\/"},{"@type":"ListItem","position":3,"name":"Filtros autolimpiantes"}]},{"@type":"WebSite","@id":"https:\/\/www.euspray.com\/es\/#website","url":"https:\/\/www.euspray.com\/es\/","name":"Euspray","description":"Ugelli, teste di lavaggio e filtri","potentialAction":[{"@type":"SearchAction","target":{"@type":"EntryPoint","urlTemplate":"https:\/\/www.euspray.com\/es\/?s={search_term_string}"},"query-input":{"@type":"PropertyValueSpecification","valueRequired":true,"valueName":"search_term_string"}}],"inLanguage":"es"}]}},"_links":{"self":[{"href":"https:\/\/www.euspray.com\/es\/wp-json\/wp\/v2\/pages\/27316","targetHints":{"allow":["GET"]}}],"collection":[{"href":"https:\/\/www.euspray.com\/es\/wp-json\/wp\/v2\/pages"}],"about":[{"href":"https:\/\/www.euspray.com\/es\/wp-json\/wp\/v2\/types\/page"}],"author":[{"embeddable":true,"href":"https:\/\/www.euspray.com\/es\/wp-json\/wp\/v2\/users\/1"}],"replies":[{"embeddable":true,"href":"https:\/\/www.euspray.com\/es\/wp-json\/wp\/v2\/comments?post=27316"}],"version-history":[{"count":10,"href":"https:\/\/www.euspray.com\/es\/wp-json\/wp\/v2\/pages\/27316\/revisions"}],"predecessor-version":[{"id":47983,"href":"https:\/\/www.euspray.com\/es\/wp-json\/wp\/v2\/pages\/27316\/revisions\/47983"}],"up":[{"embeddable":true,"href":"https:\/\/www.euspray.com\/es\/wp-json\/wp\/v2\/pages\/27302"}],"wp:attachment":[{"href":"https:\/\/www.euspray.com\/es\/wp-json\/wp\/v2\/media?parent=27316"}],"curies":[{"name":"wp","href":"https:\/\/api.w.org\/{rel}","templated":true}]}}