{"id":27310,"date":"2021-12-06T13:15:30","date_gmt":"2021-12-06T13:15:30","guid":{"rendered":"https:\/\/www.euspray.com\/prodotti\/atomizzatore-idraulico\/"},"modified":"2025-12-02T13:24:28","modified_gmt":"2025-12-02T13:24:28","slug":"atomizadores-hidraulicos","status":"publish","type":"page","link":"https:\/\/www.euspray.com\/es\/productos\/atomizadores-hidraulicos\/","title":{"rendered":"Atomizadores hidr\u00e1ulicos"},"content":{"rendered":"<p>[vc_row type=\u00bbvc_default\u00bb][vc_column css=\u00bb.vc_custom_1498229431694{padding-bottom: 50px !important;}\u00bb][vc_basic_grid post_type=\u00bbpost\u00bb max_items=\u00bb-1&#8243; element_width=\u00bb3&#8243; gap=\u00bb20&#8243; item=\u00bb27461&#8243; grid_id=\u00bbvc_gid:1764681839025-35cc4340-7508-9&#8243; taxonomies=\u00bb1131&#8243;][vc_empty_space height=\u00bb15px\u00bb]<div id=\"ultimate-heading-84669ed0b8531f5d\" class=\"uvc-heading ult-adjust-bottom-margin ultimate-heading-84669ed0b8531f5d uvc-6279  uvc-heading-default-font-sizes\" data-hspacer=\"no_spacer\"  data-halign=\"left\" style=\"text-align:left\"><div class=\"uvc-heading-spacer no_spacer\" style=\"top\"><\/div><div class=\"uvc-main-heading ult-responsive\"  data-ultimate-target='.uvc-heading.ultimate-heading-84669ed0b8531f5d h2'  data-responsive-json-new='{\"font-size\":\"\",\"line-height\":\"\"}' ><h2 style=\"--font-weight:theme;margin-bottom:15px;\">Atomizadores hidr\u00e1ulicos EUSPRAY<\/h2><\/div><\/div>[vc_column_text]Dentro de nuestra amplia gama de productos, es posible encontrar atomizadores ultras\u00f3nicos, neum\u00e1ticos e hidr\u00e1ulicos (<a href=\"https:\/\/www.euspray.com\/wp-content\/uploads\/2024\/12\/EUSPRAY_HYDRAULIC-AND-PNEUMATIC-ATOMIZERS-CATALOGUE_IT_EN_ES_Edition-12.2024_Rev.7_WEB.pdf\">pinchar aqu\u00ed para descargar el cat\u00e1logo dedicado<\/a>).<\/p>\n<p>En esta secci\u00f3n se encuentran todos los modelos de atomizadores hidr\u00e1ulicos de Euspray. Los modelos son: CX-MX, MZ-FZ, MN, A.<\/p>\n<p>Los atomizadores hidr\u00e1ulicos permiten pulverizar el l\u00edquido de una manera extremadamente fina, utilizando solo la presi\u00f3n hidr\u00e1ulica y obteniendo un cono medio-lleno.<\/p>\n<p>Tienen diferentes campos de aplicaci\u00f3n, tales como, por ejemplo, eliminaci\u00f3n de polvo, lavado de aire y gas, desodorizaci\u00f3n, humidificaci\u00f3n, fabricaci\u00f3n de nieve, enfriamiento externo[\/vc_column_text][vc_empty_space height=\u00bb15px\u00bb]<div id=\"ultimate-heading-678369ed0b8531fdc\" class=\"uvc-heading ult-adjust-bottom-margin ultimate-heading-678369ed0b8531fdc uvc-9854  uvc-heading-default-font-sizes\" data-hspacer=\"no_spacer\"  data-halign=\"left\" style=\"text-align:left\"><div class=\"uvc-heading-spacer no_spacer\" style=\"top\"><\/div><div class=\"uvc-main-heading ult-responsive\"  data-ultimate-target='.uvc-heading.ultimate-heading-678369ed0b8531fdc h3'  data-responsive-json-new='{\"font-size\":\"\",\"line-height\":\"\"}' ><h3 style=\"--font-weight:theme;margin-bottom:15px;\">ATOMIZACI\u00d3N (di\u00e1metro de la gota)<\/h3><\/div><\/div>[vc_column_text]Los principales factores que afectan al tama\u00f1o de las gotas son: el caudal, la presi\u00f3n y el tipo de pulverizaci\u00f3n. Generalmente un aumento en el caudal, en las mismas condiciones de presi\u00f3n, produce gotas de di\u00e1metro m\u00e1s grande.<\/p>\n<p>El aumento de la presi\u00f3n reduce el tama\u00f1o de las gotas, as\u00ed como el aumento del \u00e1ngulo de pulverizaci\u00f3n. Las gotas m\u00e1s finas se obtienen con pulverizadores neum\u00e1ticos y las m\u00e1s grandes con el cono lleno. La tabla anterior indica para cada forma de pulverizaci\u00f3n, el di\u00e1metro medio de las gotas relativo a los valores de caudal m\u00ednimo y m\u00e1ximo a una presi\u00f3n de 3 bares.<\/p>\n<p>Adem\u00e1s de las boquillas de limpieza en esta p\u00e1gina, y para satisfacer mejor las necesidades de nuestros clientes, estamos disponibles para personalizar cada solicitud.<\/p>\n<p>\u00a1Cont\u00e1ctanos y encuentra la mejor soluci\u00f3n para ti!<\/p>\n<p>Para m\u00e1s informaci\u00f3n:<\/p>\n<p>correo electr\u00f3nico: export@euspray.com<\/p>\n<p>tel. +34934773846<\/p>\n<p>Para ver nuestros cat\u00e1logos\u00a0<a href=\"https:\/\/www.euspray.com\/es\/catalogos\/\">pinchar aqu\u00ed<\/a>.[\/vc_column_text][vc_empty_space height=\u00bb15px\u00bb][\/vc_column][\/vc_row]<\/p>\n","protected":false},"excerpt":{"rendered":"<p>[vc_row type=\u00bbvc_default\u00bb][vc_column css=\u00bb.vc_custom_1498229431694{padding-bottom: 50px !important;}\u00bb][vc_basic_grid post_type=\u00bbpost\u00bb max_items=\u00bb-1&#8243; element_width=\u00bb3&#8243; gap=\u00bb20&#8243; item=\u00bb27461&#8243; grid_id=\u00bbvc_gid:1764681839025-35cc4340-7508-9&#8243; taxonomies=\u00bb1131&#8243;][vc_empty_space height=\u00bb15px\u00bb][vc_column_text]Dentro de nuestra amplia gama de productos, es posible encontrar atomizadores ultras\u00f3nicos, neum\u00e1ticos e hidr\u00e1ulicos (pinchar aqu\u00ed para descargar el cat\u00e1logo dedicado). En esta secci\u00f3n se encuentran todos los modelos de atomizadores hidr\u00e1ulicos de Euspray. Los modelos son: CX-MX, MZ-FZ, MN, A. Los&hellip;<\/p>\n","protected":false},"author":1,"featured_media":0,"parent":27302,"menu_order":100,"comment_status":"closed","ping_status":"closed","template":"","meta":{"footnotes":""},"class_list":["post-27310","page","type-page","status-publish","hentry","description-off"],"yoast_head":"<!-- This site is optimized with the Yoast SEO plugin v26.8 - https:\/\/yoast.com\/product\/yoast-seo-wordpress\/ -->\n<title>Atomizadores hidr\u00e1ulicos - Euspray<\/title>\n<meta name=\"robots\" content=\"index, follow, max-snippet:-1, max-image-preview:large, max-video-preview:-1\" \/>\n<link rel=\"canonical\" href=\"https:\/\/www.euspray.com\/prodotti\/atomizzatore-idraulico\/\" \/>\n<meta property=\"og:locale\" content=\"es_ES\" \/>\n<meta property=\"og:type\" content=\"article\" \/>\n<meta property=\"og:title\" content=\"Atomizadores hidr\u00e1ulicos - Euspray\" \/>\n<meta property=\"og:description\" content=\"[vc_row type=\u00bbvc_default\u00bb][vc_column css=\u00bb.vc_custom_1498229431694{padding-bottom: 50px !important;}\u00bb][vc_basic_grid post_type=\u00bbpost\u00bb max_items=\u00bb-1&#8243; element_width=\u00bb3&#8243; gap=\u00bb20&#8243; item=\u00bb27461&#8243; grid_id=\u00bbvc_gid:1764681839025-35cc4340-7508-9&#8243; taxonomies=\u00bb1131&#8243;][vc_empty_space height=\u00bb15px\u00bb][vc_column_text]Dentro de nuestra amplia gama de productos, es posible encontrar atomizadores ultras\u00f3nicos, neum\u00e1ticos e hidr\u00e1ulicos (pinchar aqu\u00ed para descargar el cat\u00e1logo dedicado). En esta secci\u00f3n se encuentran todos los modelos de atomizadores hidr\u00e1ulicos de Euspray. Los modelos son: CX-MX, MZ-FZ, MN, A. Los&hellip;\" \/>\n<meta property=\"og:url\" content=\"https:\/\/www.euspray.com\/prodotti\/atomizzatore-idraulico\/\" \/>\n<meta property=\"og:site_name\" content=\"Euspray\" \/>\n<meta property=\"article:modified_time\" content=\"2025-12-02T13:24:28+00:00\" \/>\n<meta name=\"twitter:card\" content=\"summary_large_image\" \/>\n<meta name=\"twitter:label1\" content=\"Tiempo de lectura\" \/>\n\t<meta name=\"twitter:data1\" content=\"2 minutos\" \/>\n<script type=\"application\/ld+json\" class=\"yoast-schema-graph\">{\"@context\":\"https:\/\/schema.org\",\"@graph\":[{\"@type\":\"WebPage\",\"@id\":\"https:\/\/www.euspray.com\/prodotti\/atomizzatore-idraulico\/\",\"url\":\"https:\/\/www.euspray.com\/prodotti\/atomizzatore-idraulico\/\",\"name\":\"Atomizadores hidr\u00e1ulicos - Euspray\",\"isPartOf\":{\"@id\":\"https:\/\/www.euspray.com\/es\/#website\"},\"datePublished\":\"2021-12-06T13:15:30+00:00\",\"dateModified\":\"2025-12-02T13:24:28+00:00\",\"breadcrumb\":{\"@id\":\"https:\/\/www.euspray.com\/prodotti\/atomizzatore-idraulico\/#breadcrumb\"},\"inLanguage\":\"es\",\"potentialAction\":[{\"@type\":\"ReadAction\",\"target\":[\"https:\/\/www.euspray.com\/prodotti\/atomizzatore-idraulico\/\"]}]},{\"@type\":\"BreadcrumbList\",\"@id\":\"https:\/\/www.euspray.com\/prodotti\/atomizzatore-idraulico\/#breadcrumb\",\"itemListElement\":[{\"@type\":\"ListItem\",\"position\":1,\"name\":\"Home\",\"item\":\"https:\/\/www.euspray.com\/es\/\"},{\"@type\":\"ListItem\",\"position\":2,\"name\":\"Productos\",\"item\":\"https:\/\/www.euspray.com\/es\/productos\/\"},{\"@type\":\"ListItem\",\"position\":3,\"name\":\"Atomizadores hidr\u00e1ulicos\"}]},{\"@type\":\"WebSite\",\"@id\":\"https:\/\/www.euspray.com\/es\/#website\",\"url\":\"https:\/\/www.euspray.com\/es\/\",\"name\":\"Euspray\",\"description\":\"Ugelli, teste di lavaggio e filtri\",\"potentialAction\":[{\"@type\":\"SearchAction\",\"target\":{\"@type\":\"EntryPoint\",\"urlTemplate\":\"https:\/\/www.euspray.com\/es\/?s={search_term_string}\"},\"query-input\":{\"@type\":\"PropertyValueSpecification\",\"valueRequired\":true,\"valueName\":\"search_term_string\"}}],\"inLanguage\":\"es\"}]}<\/script>\n<!-- \/ Yoast SEO plugin. -->","yoast_head_json":{"title":"Atomizadores hidr\u00e1ulicos - Euspray","robots":{"index":"index","follow":"follow","max-snippet":"max-snippet:-1","max-image-preview":"max-image-preview:large","max-video-preview":"max-video-preview:-1"},"canonical":"https:\/\/www.euspray.com\/prodotti\/atomizzatore-idraulico\/","og_locale":"es_ES","og_type":"article","og_title":"Atomizadores hidr\u00e1ulicos - Euspray","og_description":"[vc_row type=\u00bbvc_default\u00bb][vc_column css=\u00bb.vc_custom_1498229431694{padding-bottom: 50px !important;}\u00bb][vc_basic_grid post_type=\u00bbpost\u00bb max_items=\u00bb-1&#8243; element_width=\u00bb3&#8243; gap=\u00bb20&#8243; item=\u00bb27461&#8243; grid_id=\u00bbvc_gid:1764681839025-35cc4340-7508-9&#8243; taxonomies=\u00bb1131&#8243;][vc_empty_space height=\u00bb15px\u00bb][vc_column_text]Dentro de nuestra amplia gama de productos, es posible encontrar atomizadores ultras\u00f3nicos, neum\u00e1ticos e hidr\u00e1ulicos (pinchar aqu\u00ed para descargar el cat\u00e1logo dedicado). En esta secci\u00f3n se encuentran todos los modelos de atomizadores hidr\u00e1ulicos de Euspray. Los modelos son: CX-MX, MZ-FZ, MN, A. Los&hellip;","og_url":"https:\/\/www.euspray.com\/prodotti\/atomizzatore-idraulico\/","og_site_name":"Euspray","article_modified_time":"2025-12-02T13:24:28+00:00","twitter_card":"summary_large_image","twitter_misc":{"Tiempo de lectura":"2 minutos"},"schema":{"@context":"https:\/\/schema.org","@graph":[{"@type":"WebPage","@id":"https:\/\/www.euspray.com\/prodotti\/atomizzatore-idraulico\/","url":"https:\/\/www.euspray.com\/prodotti\/atomizzatore-idraulico\/","name":"Atomizadores hidr\u00e1ulicos - Euspray","isPartOf":{"@id":"https:\/\/www.euspray.com\/es\/#website"},"datePublished":"2021-12-06T13:15:30+00:00","dateModified":"2025-12-02T13:24:28+00:00","breadcrumb":{"@id":"https:\/\/www.euspray.com\/prodotti\/atomizzatore-idraulico\/#breadcrumb"},"inLanguage":"es","potentialAction":[{"@type":"ReadAction","target":["https:\/\/www.euspray.com\/prodotti\/atomizzatore-idraulico\/"]}]},{"@type":"BreadcrumbList","@id":"https:\/\/www.euspray.com\/prodotti\/atomizzatore-idraulico\/#breadcrumb","itemListElement":[{"@type":"ListItem","position":1,"name":"Home","item":"https:\/\/www.euspray.com\/es\/"},{"@type":"ListItem","position":2,"name":"Productos","item":"https:\/\/www.euspray.com\/es\/productos\/"},{"@type":"ListItem","position":3,"name":"Atomizadores hidr\u00e1ulicos"}]},{"@type":"WebSite","@id":"https:\/\/www.euspray.com\/es\/#website","url":"https:\/\/www.euspray.com\/es\/","name":"Euspray","description":"Ugelli, teste di lavaggio e filtri","potentialAction":[{"@type":"SearchAction","target":{"@type":"EntryPoint","urlTemplate":"https:\/\/www.euspray.com\/es\/?s={search_term_string}"},"query-input":{"@type":"PropertyValueSpecification","valueRequired":true,"valueName":"search_term_string"}}],"inLanguage":"es"}]}},"_links":{"self":[{"href":"https:\/\/www.euspray.com\/es\/wp-json\/wp\/v2\/pages\/27310","targetHints":{"allow":["GET"]}}],"collection":[{"href":"https:\/\/www.euspray.com\/es\/wp-json\/wp\/v2\/pages"}],"about":[{"href":"https:\/\/www.euspray.com\/es\/wp-json\/wp\/v2\/types\/page"}],"author":[{"embeddable":true,"href":"https:\/\/www.euspray.com\/es\/wp-json\/wp\/v2\/users\/1"}],"replies":[{"embeddable":true,"href":"https:\/\/www.euspray.com\/es\/wp-json\/wp\/v2\/comments?post=27310"}],"version-history":[{"count":4,"href":"https:\/\/www.euspray.com\/es\/wp-json\/wp\/v2\/pages\/27310\/revisions"}],"predecessor-version":[{"id":49844,"href":"https:\/\/www.euspray.com\/es\/wp-json\/wp\/v2\/pages\/27310\/revisions\/49844"}],"up":[{"embeddable":true,"href":"https:\/\/www.euspray.com\/es\/wp-json\/wp\/v2\/pages\/27302"}],"wp:attachment":[{"href":"https:\/\/www.euspray.com\/es\/wp-json\/wp\/v2\/media?parent=27310"}],"curies":[{"name":"wp","href":"https:\/\/api.w.org\/{rel}","templated":true}]}}