{"id":27306,"date":"2021-12-06T13:27:01","date_gmt":"2021-12-06T13:27:01","guid":{"rendered":"https:\/\/www.euspray.com\/prodotti\/atomizzatore-elettro-idraulico\/"},"modified":"2022-11-09T15:24:47","modified_gmt":"2022-11-09T15:24:47","slug":"atomizador-electrohidraulico","status":"publish","type":"page","link":"https:\/\/www.euspray.com\/es\/productos\/atomizador-electrohidraulico\/","title":{"rendered":"Atomizador electrohidr\u00e1ulico"},"content":{"rendered":"<p>[vc_row type=\u00bbvc_default\u00bb][vc_column css=\u00bb.vc_custom_1498229431694{padding-bottom: 50px !important;}\u00bb]<div id=\"ultimate-heading-141269ece14138456\" class=\"uvc-heading ult-adjust-bottom-margin ultimate-heading-141269ece14138456 uvc-1409  uvc-heading-default-font-sizes\" data-hspacer=\"no_spacer\"  data-halign=\"left\" style=\"text-align:left\"><div class=\"uvc-heading-spacer no_spacer\" style=\"top\"><\/div><div class=\"uvc-main-heading ult-responsive\"  data-ultimate-target='.uvc-heading.ultimate-heading-141269ece14138456 h2'  data-responsive-json-new='{\"font-size\":\"\",\"line-height\":\"\"}' ><h2 style=\"--font-weight:theme;margin-bottom:15px;\">Atomizador electrohidr\u00e1ulico<\/h2><\/div><\/div>[vc_empty_space height=\u00bb15px\u00bb][vc_column_text]<\/p>\n<p style=\"text-align: justify;\">Los atomizadores electrohidr\u00e1ulicos emiten una nebulizaci\u00f3n muy fina del l\u00edquido pulverizado gracias, \u00fanicamente, a la presi\u00f3n hidr\u00e1ulica.<\/p>\n<p style=\"text-align: justify;\">El funcionamiento de estos atomizadores es exactamente igual que el del <a href=\"https:\/\/www.euspray.com\/es\/productos\/atomizador-electroneumatico\/\">modelo neum\u00e1tico<\/a> pero sin la necesidad de usar aire comprimido para la pulverizaci\u00f3n del l\u00edquido.<\/p>\n<p>[\/vc_column_text][vc_basic_grid post_type=\u00bbpost\u00bb max_items=\u00bb-1&#8243; element_width=\u00bb3&#8243; gap=\u00bb20&#8243; item=\u00bb27461&#8243; grid_id=\u00bbvc_gid:1668005686008-db0d8f61-da79-6&#8243; taxonomies=\u00bb1133&#8243;][vc_column_text]<\/p>\n<p style=\"text-align: justify;\">En esta secci\u00f3n es posible encontrar informaci\u00f3n sobre nuestra pistola el\u00e9ctrica <strong>SpeedyJet<\/strong> y sobre nuestra nueva pistola <strong>SJSG<\/strong>, para atomizaci\u00f3n autom\u00e1tica con panel de control.<\/p>\n<p style=\"text-align: justify;\">La <strong>SpeedyJet<\/strong> est\u00e1 indicada para l\u00edneas de producci\u00f3n r\u00e1pidas ya que su funcionamiento es de hasta 3000 ciclos por minuto; por otra parte el nuevo atomizador <strong>SJSG<\/strong> incrementa la velocidad a 4500 ciclos por minuto.<\/p>\n<p>[\/vc_column_text]<div id=\"ultimate-heading-519169ece141384f0\" class=\"uvc-heading ult-adjust-bottom-margin ultimate-heading-519169ece141384f0 uvc-5117  uvc-heading-default-font-sizes\" data-hspacer=\"no_spacer\"  data-halign=\"left\" style=\"text-align:left\"><div class=\"uvc-heading-spacer no_spacer\" style=\"top\"><\/div><div class=\"uvc-main-heading ult-responsive\"  data-ultimate-target='.uvc-heading.ultimate-heading-519169ece141384f0 h3'  data-responsive-json-new='{\"font-size\":\"\",\"line-height\":\"\"}' ><h3 style=\"--font-weight:theme;margin-bottom:15px;\">ATOMIZACI\u00d3N (di\u00e1metro de la gota)<\/h3><\/div><\/div>[vc_empty_space height=\u00bb15px\u00bb][vc_column_text]<\/p>\n<div class=\"entry-content\">\n<div id=\"tm_builder_outer_content\" class=\"tm_builder_outer_content\">\n<div class=\"tm_builder_inner_content tm_pb_gutters3\">\n<div class=\"tm_pb_section tm_pb_section_0 tm_section_regular tm_section_transparent\">\n<div class=\"container\">\n<div class=\" row tm_pb_row tm_pb_row_0\">\n<div class=\"tm_pb_column tm_pb_column_4_4 tm_pb_column_0 col-xs-12 col-sm-12 col-md-12 col-xl-12 col-lg-12 tm_pb_vertical_alligment_start\">\n<div class=\"tm_pb_text tm_pb_module tm_pb_bg_layout_light tm_pb_text_align_left tm_pb_text_0\">\n<div class=\"entry-content\">\n<div id=\"tm_builder_outer_content\" class=\"tm_builder_outer_content\">\n<div class=\"tm_builder_inner_content tm_pb_gutters3\">\n<div class=\"tm_pb_section tm_pb_section_0 tm_section_regular tm_section_transparent\">\n<div class=\"container\">\n<div class=\" row tm_pb_row tm_pb_row_0\">\n<div class=\"tm_pb_column tm_pb_column_4_4 tm_pb_column_0 col-xs-12 col-sm-12 col-md-12 col-xl-12 col-lg-12 tm_pb_vertical_alligment_start\">\n<div class=\"tm_pb_text tm_pb_module tm_pb_bg_layout_light tm_pb_text_align_left tm_pb_text_0\">\n<p style=\"text-align: justify;\">Los principales factores que afectan al tama\u00f1o de las gotas son: el caudal, la presi\u00f3n y el tipo de pulverizaci\u00f3n. Generalmente un aumento en el caudal, en las mismas condiciones de presi\u00f3n, produce gotas de di\u00e1metro m\u00e1s grande.<\/p>\n<p style=\"text-align: justify;\">El aumento de la presi\u00f3n reduce el tama\u00f1o de las gotas, as\u00ed como el aumento del \u00e1ngulo de pulverizaci\u00f3n. Las gotas m\u00e1s finas se obtienen con pulverizadores neum\u00e1ticos y las m\u00e1s grandes con el cono lleno. La tabla anterior indica para cada forma de pulverizaci\u00f3n, el di\u00e1metro medio de las gotas relativo a los valores de caudal m\u00ednimo y m\u00e1ximo a una presi\u00f3n de 3 bares.<\/p>\n<p style=\"text-align: justify;\">Adem\u00e1s de las boquillas de limpieza en esta p\u00e1gina, y para satisfacer mejor las necesidades de nuestros clientes, estamos disponibles para personalizar cada solicitud.<\/p>\n<p style=\"text-align: justify;\">\u00a1Cont\u00e1ctanos y encuentra la mejor soluci\u00f3n para ti!<\/p>\n<p style=\"text-align: justify;\">Para m\u00e1s informaci\u00f3n:<\/p>\n<p style=\"text-align: justify;\">correo electr\u00f3nico: export@euspray.com<\/p>\n<p style=\"text-align: justify;\">tel. +34934773846<\/p>\n<p style=\"text-align: justify;\">Para ver nuestros cat\u00e1logos\u00a0<a href=\"https:\/\/www.euspray.com\/es\/catalogos\/\">pinchar aqu\u00ed<\/a>.<\/p>\n<\/div>\n<\/div>\n<\/div>\n<\/div>\n<\/div>\n<\/div>\n<\/div>\n<\/div>\n<\/div>\n<\/div>\n<\/div>\n<\/div>\n<\/div>\n<\/div>\n<\/div>\n<\/div>\n<footer class=\"entry-footer\">\n<div class=\"post__tags__header\" style=\"text-align: justify;\"><\/div>\n<\/footer>\n<p>[\/vc_column_text][vc_empty_space height=\u00bb15px\u00bb][\/vc_column][\/vc_row]<\/p>\n","protected":false},"excerpt":{"rendered":"<p>[vc_row type=\u00bbvc_default\u00bb][vc_column css=\u00bb.vc_custom_1498229431694{padding-bottom: 50px !important;}\u00bb][vc_empty_space height=\u00bb15px\u00bb][vc_column_text] Los atomizadores electrohidr\u00e1ulicos emiten una nebulizaci\u00f3n muy fina del l\u00edquido pulverizado gracias, \u00fanicamente, a la presi\u00f3n hidr\u00e1ulica. El funcionamiento de estos atomizadores es exactamente igual que el del modelo neum\u00e1tico pero sin la necesidad de usar aire comprimido para la pulverizaci\u00f3n del l\u00edquido. [\/vc_column_text][vc_basic_grid post_type=\u00bbpost\u00bb max_items=\u00bb-1&#8243; element_width=\u00bb3&#8243; gap=\u00bb20&#8243; item=\u00bb27461&#8243;&hellip;<\/p>\n","protected":false},"author":1,"featured_media":0,"parent":27302,"menu_order":100,"comment_status":"closed","ping_status":"closed","template":"","meta":{"footnotes":""},"class_list":["post-27306","page","type-page","status-publish","hentry","description-off"],"yoast_head":"<!-- This site is optimized with the Yoast SEO plugin v26.8 - https:\/\/yoast.com\/product\/yoast-seo-wordpress\/ -->\n<title>Atomizador electrohidr\u00e1ulico - Euspray<\/title>\n<meta name=\"robots\" content=\"index, follow, max-snippet:-1, max-image-preview:large, max-video-preview:-1\" \/>\n<link rel=\"canonical\" href=\"https:\/\/www.euspray.com\/prodotti\/atomizzatore-elettro-idraulico\/\" \/>\n<meta property=\"og:locale\" content=\"es_ES\" \/>\n<meta property=\"og:type\" content=\"article\" \/>\n<meta property=\"og:title\" content=\"Atomizador electrohidr\u00e1ulico - Euspray\" \/>\n<meta property=\"og:description\" content=\"[vc_row type=\u00bbvc_default\u00bb][vc_column css=\u00bb.vc_custom_1498229431694{padding-bottom: 50px !important;}\u00bb][vc_empty_space height=\u00bb15px\u00bb][vc_column_text] Los atomizadores electrohidr\u00e1ulicos emiten una nebulizaci\u00f3n muy fina del l\u00edquido pulverizado gracias, \u00fanicamente, a la presi\u00f3n hidr\u00e1ulica. El funcionamiento de estos atomizadores es exactamente igual que el del modelo neum\u00e1tico pero sin la necesidad de usar aire comprimido para la pulverizaci\u00f3n del l\u00edquido. [\/vc_column_text][vc_basic_grid post_type=\u00bbpost\u00bb max_items=\u00bb-1&#8243; element_width=\u00bb3&#8243; gap=\u00bb20&#8243; item=\u00bb27461&#8243;&hellip;\" \/>\n<meta property=\"og:url\" content=\"https:\/\/www.euspray.com\/prodotti\/atomizzatore-elettro-idraulico\/\" \/>\n<meta property=\"og:site_name\" content=\"Euspray\" \/>\n<meta property=\"article:modified_time\" content=\"2022-11-09T15:24:47+00:00\" \/>\n<meta name=\"twitter:card\" content=\"summary_large_image\" \/>\n<meta name=\"twitter:label1\" content=\"Tiempo de lectura\" \/>\n\t<meta name=\"twitter:data1\" content=\"2 minutos\" \/>\n<script type=\"application\/ld+json\" class=\"yoast-schema-graph\">{\"@context\":\"https:\/\/schema.org\",\"@graph\":[{\"@type\":\"WebPage\",\"@id\":\"https:\/\/www.euspray.com\/prodotti\/atomizzatore-elettro-idraulico\/\",\"url\":\"https:\/\/www.euspray.com\/prodotti\/atomizzatore-elettro-idraulico\/\",\"name\":\"Atomizador electrohidr\u00e1ulico - Euspray\",\"isPartOf\":{\"@id\":\"https:\/\/www.euspray.com\/es\/#website\"},\"datePublished\":\"2021-12-06T13:27:01+00:00\",\"dateModified\":\"2022-11-09T15:24:47+00:00\",\"breadcrumb\":{\"@id\":\"https:\/\/www.euspray.com\/prodotti\/atomizzatore-elettro-idraulico\/#breadcrumb\"},\"inLanguage\":\"es\",\"potentialAction\":[{\"@type\":\"ReadAction\",\"target\":[\"https:\/\/www.euspray.com\/prodotti\/atomizzatore-elettro-idraulico\/\"]}]},{\"@type\":\"BreadcrumbList\",\"@id\":\"https:\/\/www.euspray.com\/prodotti\/atomizzatore-elettro-idraulico\/#breadcrumb\",\"itemListElement\":[{\"@type\":\"ListItem\",\"position\":1,\"name\":\"Home\",\"item\":\"https:\/\/www.euspray.com\/es\/\"},{\"@type\":\"ListItem\",\"position\":2,\"name\":\"Productos\",\"item\":\"https:\/\/www.euspray.com\/es\/productos\/\"},{\"@type\":\"ListItem\",\"position\":3,\"name\":\"Atomizador electrohidr\u00e1ulico\"}]},{\"@type\":\"WebSite\",\"@id\":\"https:\/\/www.euspray.com\/es\/#website\",\"url\":\"https:\/\/www.euspray.com\/es\/\",\"name\":\"Euspray\",\"description\":\"Ugelli, teste di lavaggio e filtri\",\"potentialAction\":[{\"@type\":\"SearchAction\",\"target\":{\"@type\":\"EntryPoint\",\"urlTemplate\":\"https:\/\/www.euspray.com\/es\/?s={search_term_string}\"},\"query-input\":{\"@type\":\"PropertyValueSpecification\",\"valueRequired\":true,\"valueName\":\"search_term_string\"}}],\"inLanguage\":\"es\"}]}<\/script>\n<!-- \/ Yoast SEO plugin. -->","yoast_head_json":{"title":"Atomizador electrohidr\u00e1ulico - Euspray","robots":{"index":"index","follow":"follow","max-snippet":"max-snippet:-1","max-image-preview":"max-image-preview:large","max-video-preview":"max-video-preview:-1"},"canonical":"https:\/\/www.euspray.com\/prodotti\/atomizzatore-elettro-idraulico\/","og_locale":"es_ES","og_type":"article","og_title":"Atomizador electrohidr\u00e1ulico - Euspray","og_description":"[vc_row type=\u00bbvc_default\u00bb][vc_column css=\u00bb.vc_custom_1498229431694{padding-bottom: 50px !important;}\u00bb][vc_empty_space height=\u00bb15px\u00bb][vc_column_text] Los atomizadores electrohidr\u00e1ulicos emiten una nebulizaci\u00f3n muy fina del l\u00edquido pulverizado gracias, \u00fanicamente, a la presi\u00f3n hidr\u00e1ulica. El funcionamiento de estos atomizadores es exactamente igual que el del modelo neum\u00e1tico pero sin la necesidad de usar aire comprimido para la pulverizaci\u00f3n del l\u00edquido. [\/vc_column_text][vc_basic_grid post_type=\u00bbpost\u00bb max_items=\u00bb-1&#8243; element_width=\u00bb3&#8243; gap=\u00bb20&#8243; item=\u00bb27461&#8243;&hellip;","og_url":"https:\/\/www.euspray.com\/prodotti\/atomizzatore-elettro-idraulico\/","og_site_name":"Euspray","article_modified_time":"2022-11-09T15:24:47+00:00","twitter_card":"summary_large_image","twitter_misc":{"Tiempo de lectura":"2 minutos"},"schema":{"@context":"https:\/\/schema.org","@graph":[{"@type":"WebPage","@id":"https:\/\/www.euspray.com\/prodotti\/atomizzatore-elettro-idraulico\/","url":"https:\/\/www.euspray.com\/prodotti\/atomizzatore-elettro-idraulico\/","name":"Atomizador electrohidr\u00e1ulico - Euspray","isPartOf":{"@id":"https:\/\/www.euspray.com\/es\/#website"},"datePublished":"2021-12-06T13:27:01+00:00","dateModified":"2022-11-09T15:24:47+00:00","breadcrumb":{"@id":"https:\/\/www.euspray.com\/prodotti\/atomizzatore-elettro-idraulico\/#breadcrumb"},"inLanguage":"es","potentialAction":[{"@type":"ReadAction","target":["https:\/\/www.euspray.com\/prodotti\/atomizzatore-elettro-idraulico\/"]}]},{"@type":"BreadcrumbList","@id":"https:\/\/www.euspray.com\/prodotti\/atomizzatore-elettro-idraulico\/#breadcrumb","itemListElement":[{"@type":"ListItem","position":1,"name":"Home","item":"https:\/\/www.euspray.com\/es\/"},{"@type":"ListItem","position":2,"name":"Productos","item":"https:\/\/www.euspray.com\/es\/productos\/"},{"@type":"ListItem","position":3,"name":"Atomizador electrohidr\u00e1ulico"}]},{"@type":"WebSite","@id":"https:\/\/www.euspray.com\/es\/#website","url":"https:\/\/www.euspray.com\/es\/","name":"Euspray","description":"Ugelli, teste di lavaggio e filtri","potentialAction":[{"@type":"SearchAction","target":{"@type":"EntryPoint","urlTemplate":"https:\/\/www.euspray.com\/es\/?s={search_term_string}"},"query-input":{"@type":"PropertyValueSpecification","valueRequired":true,"valueName":"search_term_string"}}],"inLanguage":"es"}]}},"_links":{"self":[{"href":"https:\/\/www.euspray.com\/es\/wp-json\/wp\/v2\/pages\/27306","targetHints":{"allow":["GET"]}}],"collection":[{"href":"https:\/\/www.euspray.com\/es\/wp-json\/wp\/v2\/pages"}],"about":[{"href":"https:\/\/www.euspray.com\/es\/wp-json\/wp\/v2\/types\/page"}],"author":[{"embeddable":true,"href":"https:\/\/www.euspray.com\/es\/wp-json\/wp\/v2\/users\/1"}],"replies":[{"embeddable":true,"href":"https:\/\/www.euspray.com\/es\/wp-json\/wp\/v2\/comments?post=27306"}],"version-history":[{"count":6,"href":"https:\/\/www.euspray.com\/es\/wp-json\/wp\/v2\/pages\/27306\/revisions"}],"predecessor-version":[{"id":38660,"href":"https:\/\/www.euspray.com\/es\/wp-json\/wp\/v2\/pages\/27306\/revisions\/38660"}],"up":[{"embeddable":true,"href":"https:\/\/www.euspray.com\/es\/wp-json\/wp\/v2\/pages\/27302"}],"wp:attachment":[{"href":"https:\/\/www.euspray.com\/es\/wp-json\/wp\/v2\/media?parent=27306"}],"curies":[{"name":"wp","href":"https:\/\/api.w.org\/{rel}","templated":true}]}}