{"id":45107,"date":"2021-11-19T11:42:23","date_gmt":"2021-11-19T11:42:23","guid":{"rendered":"https:\/\/www.euspray.com\/contatti\/"},"modified":"2026-03-30T15:07:07","modified_gmt":"2026-03-30T15:07:07","slug":"contatti","status":"publish","type":"page","link":"https:\/\/www.euspray.com\/de\/contatti\/","title":{"rendered":"KONTAKT"},"content":{"rendered":"<p>[vc_row][vc_column width=&#8220;1\/2&#8243;]<div id=\"ultimate-heading-433769ed092c22e94\" class=\"uvc-heading ult-adjust-bottom-margin ultimate-heading-433769ed092c22e94 uvc-3730 \" data-hspacer=\"no_spacer\"  data-halign=\"left\" style=\"text-align:left\"><div class=\"uvc-heading-spacer no_spacer\" style=\"top\"><\/div><div class=\"uvc-main-heading ult-responsive\"  data-ultimate-target='.uvc-heading.ultimate-heading-433769ed092c22e94 h2'  data-responsive-json-new='{\"font-size\":\"desktop:14px;\",\"line-height\":\"\"}' ><h2 style=\"font-weight:bold;color:#1e73be;margin-bottom:12px;\">Kontaktieren Sie uns \u00fcber das folgende Formular. Wir rufen Sie so schnell wie m\u00f6glich zur\u00fcck.<\/h2><\/div><\/div>\n<div class=\"wpcf7 no-js\" id=\"wpcf7-f45042-o1\" lang=\"de-DE\" dir=\"ltr\" data-wpcf7-id=\"45042\">\n<div class=\"screen-reader-response\"><p role=\"status\" aria-live=\"polite\" aria-atomic=\"true\"><\/p> <ul><\/ul><\/div>\n<form action=\"\/de\/wp-json\/wp\/v2\/pages\/45107#wpcf7-f45042-o1\" method=\"post\" class=\"wpcf7-form init\" aria-label=\"Kontaktformular\" novalidate=\"novalidate\" data-status=\"init\">\n<fieldset class=\"hidden-fields-container\"><input type=\"hidden\" name=\"_wpcf7\" value=\"45042\" \/><input type=\"hidden\" name=\"_wpcf7_version\" value=\"6.1.4\" \/><input type=\"hidden\" name=\"_wpcf7_locale\" value=\"de_DE\" \/><input type=\"hidden\" name=\"_wpcf7_unit_tag\" value=\"wpcf7-f45042-o1\" \/><input type=\"hidden\" name=\"_wpcf7_container_post\" value=\"0\" \/><input type=\"hidden\" name=\"_wpcf7_posted_data_hash\" value=\"\" \/><input type=\"hidden\" name=\"_wpcf7_recaptcha_response\" value=\"\" \/>\n<\/fieldset>\n<p><label> Vor- und Nachname *<br \/>\n<span class=\"wpcf7-form-control-wrap\" data-name=\"reference-name\"><input size=\"40\" maxlength=\"400\" class=\"wpcf7-form-control wpcf7-text wpcf7-validates-as-required\" aria-required=\"true\" aria-invalid=\"false\" value=\"\" type=\"text\" name=\"reference-name\" \/><\/span> <\/label>\n<\/p>\n<p><label> Unternehmen *<br \/>\n<span class=\"wpcf7-form-control-wrap\" data-name=\"company\"><input size=\"40\" maxlength=\"400\" class=\"wpcf7-form-control wpcf7-text wpcf7-validates-as-required\" aria-required=\"true\" aria-invalid=\"false\" value=\"\" type=\"text\" name=\"company\" \/><\/span><\/label>\n<\/p>\n<p><label> Website<br \/>\n<span class=\"wpcf7-form-control-wrap\" data-name=\"website\"><input size=\"40\" maxlength=\"400\" class=\"wpcf7-form-control wpcf7-text\" aria-invalid=\"false\" value=\"\" type=\"text\" name=\"website\" \/><\/span> <\/label>\n<\/p>\n<p><label> Anschrift<br \/>\n<span class=\"wpcf7-form-control-wrap\" data-name=\"address\"><input size=\"40\" maxlength=\"400\" class=\"wpcf7-form-control wpcf7-text\" aria-invalid=\"false\" value=\"\" type=\"text\" name=\"address\" \/><\/span> <\/label>\n<\/p>\n<p><label> Ort<br \/>\n<span class=\"wpcf7-form-control-wrap\" data-name=\"city\"><input size=\"40\" maxlength=\"400\" class=\"wpcf7-form-control wpcf7-text\" aria-invalid=\"false\" value=\"\" type=\"text\" name=\"city\" \/><\/span> <\/label>\n<\/p>\n<p><label> PLZ<br \/>\n<span class=\"wpcf7-form-control-wrap\" data-name=\"zip\"><input size=\"40\" maxlength=\"400\" class=\"wpcf7-form-control wpcf7-text\" aria-invalid=\"false\" value=\"\" type=\"text\" name=\"zip\" \/><\/span> <\/label>\n<\/p>\n<p><label> Provinz<br \/>\n<span class=\"wpcf7-form-control-wrap\" data-name=\"state\"><input size=\"40\" maxlength=\"400\" class=\"wpcf7-form-control wpcf7-text\" aria-invalid=\"false\" value=\"\" type=\"text\" name=\"state\" \/><\/span> <\/label>\n<\/p>\n<p><label> Land<br \/>\n<span class=\"wpcf7-form-control-wrap\" data-name=\"country\"><input size=\"40\" maxlength=\"400\" class=\"wpcf7-form-control wpcf7-text\" aria-invalid=\"false\" value=\"\" type=\"text\" name=\"country\" \/><\/span> <\/label>\n<\/p>\n<p><label> Telefon *<br \/>\n<span class=\"wpcf7-form-control-wrap\" data-name=\"phone\"><input size=\"40\" maxlength=\"400\" class=\"wpcf7-form-control wpcf7-tel wpcf7-validates-as-required wpcf7-text wpcf7-validates-as-tel\" aria-required=\"true\" aria-invalid=\"false\" value=\"\" type=\"tel\" name=\"phone\" \/><\/span> <\/label>\n<\/p>\n<p><label> E-Mail *<br \/>\n<span class=\"wpcf7-form-control-wrap\" data-name=\"e-mail\"><input size=\"40\" maxlength=\"400\" class=\"wpcf7-form-control wpcf7-email wpcf7-validates-as-required wpcf7-text wpcf7-validates-as-email\" aria-required=\"true\" aria-invalid=\"false\" value=\"\" type=\"email\" name=\"e-mail\" \/><\/span> <\/label>\n<\/p>\n<p><label> Ihre Nachricht *<br \/>\n<span class=\"wpcf7-form-control-wrap\" data-name=\"request\"><textarea cols=\"40\" rows=\"10\" maxlength=\"2000\" class=\"wpcf7-form-control wpcf7-textarea wpcf7-validates-as-required\" aria-required=\"true\" aria-invalid=\"false\" name=\"request\"><\/textarea><\/span> <\/label>\n<\/p>\n<p><span class=\"wpcf7-form-control-wrap\" data-name=\"accept-1\"><span class=\"wpcf7-form-control wpcf7-acceptance\"><span class=\"wpcf7-list-item\"><label><input type=\"checkbox\" name=\"accept-1\" value=\"1\" aria-invalid=\"false\" \/><span class=\"wpcf7-list-item-label\">Ich stimme der Verarbeitung meiner personenbezogenen Daten zum Zwecke der Bearbeitung meiner Kontaktaufnahme und Anfragen gem\u00e4\u00df Art. 6 Absatz 1 Buchstabe a der Verordnung ein. *<\/span><\/label><\/span><\/span><\/span>\n<\/p>\n<p><span class=\"wpcf7-form-control-wrap\" data-name=\"accept-2\"><span class=\"wpcf7-form-control wpcf7-acceptance\"><span class=\"wpcf7-list-item\"><label><input type=\"checkbox\" name=\"accept-2\" value=\"1\" aria-invalid=\"false\" \/><span class=\"wpcf7-list-item-label\">Ich stimme der Verarbeitung personenbezogener Daten zum Zweck der Marketingkommunikation, wie z. B. Nachrichten und Produktangebote, gem\u00e4\u00df Artikel 6 Absatz 1 Buchstabe a der Verordnung zu. *<\/span><\/label><\/span><\/span><\/span>\n<\/p>\n<p>Die gesendete Mitteilung wird in eine Datei aufgenommen, f\u00fcr die EUROSPRAY SPRAY AND FILTER TECHNOLOGY, S.L. verantwortlich ist. Diese Mitteilung wird ausschlie\u00dflich f\u00fcr die Verarbeitung Ihrer Daten verwendet, um Ihre Anfrage zu bearbeiten, in \u00dcbereinstimmung mit der Verordnung (EU) 2016\/679 (GDPR), dem Organgesetz 15\/1999 (LOPD) und dem K\u00f6niglichen Dekret 1720\/2007 (zur Umsetzung des LOPD) zum Schutz personenbezogener Daten. Ihre Daten werden nicht an Dritte weitergegeben (geteilt), es sei denn, Sie sind gesetzlich dazu verpflichtet, und sie werden so lange aufbewahrt, wie Sie nicht ihre L\u00f6schung verlangen. Sie k\u00f6nnen jederzeit von Ihrem Recht auf Auskunft, Berichtigung, \u00dcbertragbarkeit und Widerspruch oder gegebenenfalls auf Einschr\u00e4nkung und\/oder L\u00f6schung der Verarbeitung schriftlich unter Angabe Ihrer pers\u00f6nlichen Daten an die Adresse Calle Narc\u00eds Monturiol, Nr. 14, 4\u00ba1\u00aa \u2013 4\u00ba2\u00aa \u00b7 08960 \u2013 SANT JUST DESVERN (Barcelona) ESPA\u00d1A oder per E-Mail an export@euspray.com.\n<\/p>\n<p><input class=\"wpcf7-form-control wpcf7-submit has-spinner\" type=\"submit\" value=\"SENDEN\" \/>\n<\/p><div class=\"wpcf7-response-output\" aria-hidden=\"true\"><\/div>\n<\/form>\n<\/div>\n\r\n\t\t\t\t<script>\r\n\t\t\t\tif ( typeof huOptions !== 'undefined' ) {\r\n\t\t\t\t\tvar huFormData = {\"source\":\"contactform7\",\"id\":45042,\"title\":\"Modulo di contatto (principale)\",\"fields\":{\"subject\":{\"first_name\":\"your-name\",\"email\":\"your-email\"},\"preferences\":{\"terms\":\"your-consent\"}}};\r\n\t\t\t\t\tvar huFormNode = document.querySelector( '[id^=\"wpcf7-f23664-\"] form' );\r\n\r\n\t\t\t\t\thuFormData['node'] = huFormNode;\r\n\t\t\t\t\thuOptions['forms'].push( huFormData );\r\n\t\t\t\t}\r\n\t\t\t\t<\/script>[\/vc_column][vc_column width=&#8220;1\/2&#8243;]<div id=\"ultimate-heading-87769ed092c26330\" class=\"uvc-heading ult-adjust-bottom-margin ultimate-heading-87769ed092c26330 uvc-9979 \" data-hspacer=\"no_spacer\"  data-halign=\"left\" style=\"text-align:left\"><div class=\"uvc-heading-spacer no_spacer\" style=\"top\"><\/div><div class=\"uvc-main-heading ult-responsive\"  data-ultimate-target='.uvc-heading.ultimate-heading-87769ed092c26330 h2'  data-responsive-json-new='{\"font-size\":\"desktop:15px;\",\"line-height\":\"\"}' ><h2 style=\"font-weight:bold;margin-bottom:12px;\">EUROSPRAY SPRAY AND FILTER TECHNOLOGY, S.L.<\/h2><\/div><\/div>[vc_column_text]Calle Narc\u00eds Monturiol, n. 14 4\u00ba1\u00aa \u2013 4\u00ba2\u00aa \u00b7 \u00a008960 \u2013 <strong>SANT JUST DESVERN<\/strong>\u00a0(Barcelona) ESPA\u00d1A[\/vc_column_text][vc_gmaps link=&#8220;#E-8_JTNDaWZyYW1lJTIwc3JjJTNEJTIyaHR0cHMlM0ElMkYlMkZ3d3cuZ29vZ2xlLmNvbSUyRm1hcHMlMkZlbWJlZCUzRnBiJTNEJTIxMW0xOCUyMTFtMTIlMjExbTMlMjExZDI4OTIuMzM3MzI3NTU0MjA2NyUyMTJkMi4wNTk0NDc5ODUzNTg3MTU1JTIxM2Q0MS4zODA5MDQ2OTczMDE2NiUyMTJtMyUyMTFmMCUyMTJmMCUyMTNmMCUyMTNtMiUyMTFpMTAyNCUyMTJpNzY4JTIxNGYxMy4xJTIxM20zJTIxMW0yJTIxMXMweDEyYTQ5YmQ1MWNiNmI4MTElMjUzQTB4YWUzZTY4ZDMwY2Y4ZjBlYSUyMTJzQ2FycmVyJTI1MjBkZSUyNTIwTmFyYyUyNUMzJTI1QURzJTI1MjBNb250dXJpb2wlMjUyQyUyNTIwMTQlMjUyQyUyNTIwMDg5NjAlMjUyMFNhbnQlMjUyMEp1c3QlMjUyMERlc3Zlcm4lMjUyQyUyNTIwQmFyY2Vsb25hJTI1MkMlMjUyMFNwYWduYSUyMTVlMSUyMTNtMiUyMTFzaXQlMjEyc2l0JTIxNHYxNzY3ODgwMTI3ODI0JTIxNW0yJTIxMXNpdCUyMTJzaXQlMjIlMjB3aWR0aCUzRCUyMjYwMCUyMiUyMGhlaWdodCUzRCUyMjQ1MCUyMiUyMHN0eWxlJTNEJTIyYm9yZGVyJTNBMCUzQiUyMiUyMGFsbG93ZnVsbHNjcmVlbiUzRCUyMiUyMiUyMGxvYWRpbmclM0QlMjJsYXp5JTIyJTIwcmVmZXJyZXJwb2xpY3klM0QlMjJuby1yZWZlcnJlci13aGVuLWRvd25ncmFkZSUyMiUzRSUzQyUyRmlmcmFtZSUzRQ==&#8220;][\/vc_column][\/vc_row]<\/p>\n","protected":false},"excerpt":{"rendered":"<p>[vc_row][vc_column width=&#8220;1\/2&#8243;][\/vc_column][vc_column width=&#8220;1\/2&#8243;][vc_column_text]Calle Narc\u00eds Monturiol, n. 14 4\u00ba1\u00aa \u2013 4\u00ba2\u00aa \u00b7 \u00a008960 \u2013 SANT JUST DESVERN\u00a0(Barcelona) ESPA\u00d1A[\/vc_column_text][vc_gmaps link=&#8220;#E-8_JTNDaWZyYW1lJTIwc3JjJTNEJTIyaHR0cHMlM0ElMkYlMkZ3d3cuZ29vZ2xlLmNvbSUyRm1hcHMlMkZlbWJlZCUzRnBiJTNEJTIxMW0xOCUyMTFtMTIlMjExbTMlMjExZDI4OTIuMzM3MzI3NTU0MjA2NyUyMTJkMi4wNTk0NDc5ODUzNTg3MTU1JTIxM2Q0MS4zODA5MDQ2OTczMDE2NiUyMTJtMyUyMTFmMCUyMTJmMCUyMTNmMCUyMTNtMiUyMTFpMTAyNCUyMTJpNzY4JTIxNGYxMy4xJTIxM20zJTIxMW0yJTIxMXMweDEyYTQ5YmQ1MWNiNmI4MTElMjUzQTB4YWUzZTY4ZDMwY2Y4ZjBlYSUyMTJzQ2FycmVyJTI1MjBkZSUyNTIwTmFyYyUyNUMzJTI1QURzJTI1MjBNb250dXJpb2wlMjUyQyUyNTIwMTQlMjUyQyUyNTIwMDg5NjAlMjUyMFNhbnQlMjUyMEp1c3QlMjUyMERlc3Zlcm4lMjUyQyUyNTIwQmFyY2Vsb25hJTI1MkMlMjUyMFNwYWduYSUyMTVlMSUyMTNtMiUyMTFzaXQlMjEyc2l0JTIxNHYxNzY3ODgwMTI3ODI0JTIxNW0yJTIxMXNpdCUyMTJzaXQlMjIlMjB3aWR0aCUzRCUyMjYwMCUyMiUyMGhlaWdodCUzRCUyMjQ1MCUyMiUyMHN0eWxlJTNEJTIyYm9yZGVyJTNBMCUzQiUyMiUyMGFsbG93ZnVsbHNjcmVlbiUzRCUyMiUyMiUyMGxvYWRpbmclM0QlMjJsYXp5JTIyJTIwcmVmZXJyZXJwb2xpY3klM0QlMjJuby1yZWZlcnJlci13aGVuLWRvd25ncmFkZSUyMiUzRSUzQyUyRmlmcmFtZSUzRQ==&#8220;][\/vc_column][\/vc_row]<\/p>\n","protected":false},"author":1,"featured_media":0,"parent":0,"menu_order":300,"comment_status":"closed","ping_status":"closed","template":"","meta":{"footnotes":""},"class_list":["post-45107","page","type-page","status-publish","hentry","description-off"],"yoast_head":"<!-- This site is optimized with the Yoast SEO plugin v26.8 - https:\/\/yoast.com\/product\/yoast-seo-wordpress\/ -->\n<title>KONTAKT - Euspray<\/title>\n<meta name=\"robots\" content=\"index, follow, max-snippet:-1, max-image-preview:large, max-video-preview:-1\" \/>\n<link rel=\"canonical\" href=\"https:\/\/www.euspray.com\/de\/contatti\/\" \/>\n<meta property=\"og:locale\" content=\"de_DE\" \/>\n<meta property=\"og:type\" content=\"article\" \/>\n<meta property=\"og:title\" content=\"KONTAKT - Euspray\" \/>\n<meta property=\"og:description\" content=\"[vc_row][vc_column width=&#8220;1\/2&#8243;][\/vc_column][vc_column width=&#8220;1\/2&#8243;][vc_column_text]Calle Narc\u00eds Monturiol, n. 14 4\u00ba1\u00aa \u2013 4\u00ba2\u00aa \u00b7 \u00a008960 \u2013 SANT JUST DESVERN\u00a0(Barcelona) ESPA\u00d1A[\/vc_column_text][vc_gmaps link=&#8220;#E-8_JTNDaWZyYW1lJTIwc3JjJTNEJTIyaHR0cHMlM0ElMkYlMkZ3d3cuZ29vZ2xlLmNvbSUyRm1hcHMlMkZlbWJlZCUzRnBiJTNEJTIxMW0xOCUyMTFtMTIlMjExbTMlMjExZDI4OTIuMzM3MzI3NTU0MjA2NyUyMTJkMi4wNTk0NDc5ODUzNTg3MTU1JTIxM2Q0MS4zODA5MDQ2OTczMDE2NiUyMTJtMyUyMTFmMCUyMTJmMCUyMTNmMCUyMTNtMiUyMTFpMTAyNCUyMTJpNzY4JTIxNGYxMy4xJTIxM20zJTIxMW0yJTIxMXMweDEyYTQ5YmQ1MWNiNmI4MTElMjUzQTB4YWUzZTY4ZDMwY2Y4ZjBlYSUyMTJzQ2FycmVyJTI1MjBkZSUyNTIwTmFyYyUyNUMzJTI1QURzJTI1MjBNb250dXJpb2wlMjUyQyUyNTIwMTQlMjUyQyUyNTIwMDg5NjAlMjUyMFNhbnQlMjUyMEp1c3QlMjUyMERlc3Zlcm4lMjUyQyUyNTIwQmFyY2Vsb25hJTI1MkMlMjUyMFNwYWduYSUyMTVlMSUyMTNtMiUyMTFzaXQlMjEyc2l0JTIxNHYxNzY3ODgwMTI3ODI0JTIxNW0yJTIxMXNpdCUyMTJzaXQlMjIlMjB3aWR0aCUzRCUyMjYwMCUyMiUyMGhlaWdodCUzRCUyMjQ1MCUyMiUyMHN0eWxlJTNEJTIyYm9yZGVyJTNBMCUzQiUyMiUyMGFsbG93ZnVsbHNjcmVlbiUzRCUyMiUyMiUyMGxvYWRpbmclM0QlMjJsYXp5JTIyJTIwcmVmZXJyZXJwb2xpY3klM0QlMjJuby1yZWZlcnJlci13aGVuLWRvd25ncmFkZSUyMiUzRSUzQyUyRmlmcmFtZSUzRQ==&#8220;][\/vc_column][\/vc_row]\" \/>\n<meta property=\"og:url\" content=\"https:\/\/www.euspray.com\/de\/contatti\/\" \/>\n<meta property=\"og:site_name\" content=\"Euspray\" \/>\n<meta property=\"article:modified_time\" content=\"2026-03-30T15:07:07+00:00\" \/>\n<meta name=\"twitter:card\" content=\"summary_large_image\" \/>\n<meta name=\"twitter:label1\" content=\"Gesch\u00e4tzte Lesezeit\" \/>\n\t<meta name=\"twitter:data1\" content=\"1\u00a0Minute\" \/>\n<script type=\"application\/ld+json\" class=\"yoast-schema-graph\">{\"@context\":\"https:\/\/schema.org\",\"@graph\":[{\"@type\":\"WebPage\",\"@id\":\"https:\/\/www.euspray.com\/de\/contatti\/\",\"url\":\"https:\/\/www.euspray.com\/de\/contatti\/\",\"name\":\"KONTAKT - Euspray\",\"isPartOf\":{\"@id\":\"https:\/\/www.euspray.com\/es\/#website\"},\"datePublished\":\"2021-11-19T11:42:23+00:00\",\"dateModified\":\"2026-03-30T15:07:07+00:00\",\"breadcrumb\":{\"@id\":\"https:\/\/www.euspray.com\/de\/contatti\/#breadcrumb\"},\"inLanguage\":\"de\",\"potentialAction\":[{\"@type\":\"ReadAction\",\"target\":[\"https:\/\/www.euspray.com\/de\/contatti\/\"]}]},{\"@type\":\"BreadcrumbList\",\"@id\":\"https:\/\/www.euspray.com\/de\/contatti\/#breadcrumb\",\"itemListElement\":[{\"@type\":\"ListItem\",\"position\":1,\"name\":\"Home\",\"item\":\"https:\/\/www.euspray.com\/de\/\"},{\"@type\":\"ListItem\",\"position\":2,\"name\":\"KONTAKT\"}]},{\"@type\":\"WebSite\",\"@id\":\"https:\/\/www.euspray.com\/es\/#website\",\"url\":\"https:\/\/www.euspray.com\/es\/\",\"name\":\"Euspray\",\"description\":\"Ugelli, teste di lavaggio e filtri\",\"potentialAction\":[{\"@type\":\"SearchAction\",\"target\":{\"@type\":\"EntryPoint\",\"urlTemplate\":\"https:\/\/www.euspray.com\/es\/?s={search_term_string}\"},\"query-input\":{\"@type\":\"PropertyValueSpecification\",\"valueRequired\":true,\"valueName\":\"search_term_string\"}}],\"inLanguage\":\"de\"}]}<\/script>\n<!-- \/ Yoast SEO plugin. -->","yoast_head_json":{"title":"KONTAKT - Euspray","robots":{"index":"index","follow":"follow","max-snippet":"max-snippet:-1","max-image-preview":"max-image-preview:large","max-video-preview":"max-video-preview:-1"},"canonical":"https:\/\/www.euspray.com\/de\/contatti\/","og_locale":"de_DE","og_type":"article","og_title":"KONTAKT - Euspray","og_description":"[vc_row][vc_column width=&#8220;1\/2&#8243;][\/vc_column][vc_column width=&#8220;1\/2&#8243;][vc_column_text]Calle Narc\u00eds Monturiol, n. 14 4\u00ba1\u00aa \u2013 4\u00ba2\u00aa \u00b7 \u00a008960 \u2013 SANT JUST DESVERN\u00a0(Barcelona) ESPA\u00d1A[\/vc_column_text][vc_gmaps link=&#8220;#E-8_JTNDaWZyYW1lJTIwc3JjJTNEJTIyaHR0cHMlM0ElMkYlMkZ3d3cuZ29vZ2xlLmNvbSUyRm1hcHMlMkZlbWJlZCUzRnBiJTNEJTIxMW0xOCUyMTFtMTIlMjExbTMlMjExZDI4OTIuMzM3MzI3NTU0MjA2NyUyMTJkMi4wNTk0NDc5ODUzNTg3MTU1JTIxM2Q0MS4zODA5MDQ2OTczMDE2NiUyMTJtMyUyMTFmMCUyMTJmMCUyMTNmMCUyMTNtMiUyMTFpMTAyNCUyMTJpNzY4JTIxNGYxMy4xJTIxM20zJTIxMW0yJTIxMXMweDEyYTQ5YmQ1MWNiNmI4MTElMjUzQTB4YWUzZTY4ZDMwY2Y4ZjBlYSUyMTJzQ2FycmVyJTI1MjBkZSUyNTIwTmFyYyUyNUMzJTI1QURzJTI1MjBNb250dXJpb2wlMjUyQyUyNTIwMTQlMjUyQyUyNTIwMDg5NjAlMjUyMFNhbnQlMjUyMEp1c3QlMjUyMERlc3Zlcm4lMjUyQyUyNTIwQmFyY2Vsb25hJTI1MkMlMjUyMFNwYWduYSUyMTVlMSUyMTNtMiUyMTFzaXQlMjEyc2l0JTIxNHYxNzY3ODgwMTI3ODI0JTIxNW0yJTIxMXNpdCUyMTJzaXQlMjIlMjB3aWR0aCUzRCUyMjYwMCUyMiUyMGhlaWdodCUzRCUyMjQ1MCUyMiUyMHN0eWxlJTNEJTIyYm9yZGVyJTNBMCUzQiUyMiUyMGFsbG93ZnVsbHNjcmVlbiUzRCUyMiUyMiUyMGxvYWRpbmclM0QlMjJsYXp5JTIyJTIwcmVmZXJyZXJwb2xpY3klM0QlMjJuby1yZWZlcnJlci13aGVuLWRvd25ncmFkZSUyMiUzRSUzQyUyRmlmcmFtZSUzRQ==&#8220;][\/vc_column][\/vc_row]","og_url":"https:\/\/www.euspray.com\/de\/contatti\/","og_site_name":"Euspray","article_modified_time":"2026-03-30T15:07:07+00:00","twitter_card":"summary_large_image","twitter_misc":{"Gesch\u00e4tzte Lesezeit":"1\u00a0Minute"},"schema":{"@context":"https:\/\/schema.org","@graph":[{"@type":"WebPage","@id":"https:\/\/www.euspray.com\/de\/contatti\/","url":"https:\/\/www.euspray.com\/de\/contatti\/","name":"KONTAKT - Euspray","isPartOf":{"@id":"https:\/\/www.euspray.com\/es\/#website"},"datePublished":"2021-11-19T11:42:23+00:00","dateModified":"2026-03-30T15:07:07+00:00","breadcrumb":{"@id":"https:\/\/www.euspray.com\/de\/contatti\/#breadcrumb"},"inLanguage":"de","potentialAction":[{"@type":"ReadAction","target":["https:\/\/www.euspray.com\/de\/contatti\/"]}]},{"@type":"BreadcrumbList","@id":"https:\/\/www.euspray.com\/de\/contatti\/#breadcrumb","itemListElement":[{"@type":"ListItem","position":1,"name":"Home","item":"https:\/\/www.euspray.com\/de\/"},{"@type":"ListItem","position":2,"name":"KONTAKT"}]},{"@type":"WebSite","@id":"https:\/\/www.euspray.com\/es\/#website","url":"https:\/\/www.euspray.com\/es\/","name":"Euspray","description":"Ugelli, teste di lavaggio e filtri","potentialAction":[{"@type":"SearchAction","target":{"@type":"EntryPoint","urlTemplate":"https:\/\/www.euspray.com\/es\/?s={search_term_string}"},"query-input":{"@type":"PropertyValueSpecification","valueRequired":true,"valueName":"search_term_string"}}],"inLanguage":"de"}]}},"_links":{"self":[{"href":"https:\/\/www.euspray.com\/de\/wp-json\/wp\/v2\/pages\/45107","targetHints":{"allow":["GET"]}}],"collection":[{"href":"https:\/\/www.euspray.com\/de\/wp-json\/wp\/v2\/pages"}],"about":[{"href":"https:\/\/www.euspray.com\/de\/wp-json\/wp\/v2\/types\/page"}],"author":[{"embeddable":true,"href":"https:\/\/www.euspray.com\/de\/wp-json\/wp\/v2\/users\/1"}],"replies":[{"embeddable":true,"href":"https:\/\/www.euspray.com\/de\/wp-json\/wp\/v2\/comments?post=45107"}],"version-history":[{"count":5,"href":"https:\/\/www.euspray.com\/de\/wp-json\/wp\/v2\/pages\/45107\/revisions"}],"predecessor-version":[{"id":51363,"href":"https:\/\/www.euspray.com\/de\/wp-json\/wp\/v2\/pages\/45107\/revisions\/51363"}],"wp:attachment":[{"href":"https:\/\/www.euspray.com\/de\/wp-json\/wp\/v2\/media?parent=45107"}],"curies":[{"name":"wp","href":"https:\/\/api.w.org\/{rel}","templated":true}]}}